{"id":1930,"date":"2025-06-05T18:38:05","date_gmt":"2025-06-05T18:38:05","guid":{"rendered":"https:\/\/lightblue-oryx-923194.hostingersite.com\/?page_id=1930"},"modified":"2025-06-21T16:10:47","modified_gmt":"2025-06-21T16:10:47","slug":"aviso-legal","status":"publish","type":"page","link":"https:\/\/galiva.es\/gl\/aviso-legal\/","title":{"rendered":"Aviso Legal"},"content":{"rendered":"<div data-elementor-type=\"wp-page\" data-elementor-id=\"1930\" class=\"elementor elementor-1930\" data-elementor-post-type=\"page\">\n\t\t\t\t<div class=\"elementor-element elementor-element-a6b2277 e-con-full e-flex e-con e-parent\" data-id=\"a6b2277\" data-element_type=\"container\" data-e-type=\"container\">\n\t\t<div class=\"elementor-element elementor-element-705e0ee e-con-full e-flex e-con e-child\" data-id=\"705e0ee\" data-element_type=\"container\" data-e-type=\"container\">\n\t\t\t\t<div class=\"elementor-element elementor-element-03e53da elementor-widget elementor-widget-heading\" data-id=\"03e53da\" data-element_type=\"widget\" data-e-type=\"widget\" data-settings=\"{&quot;htmega_fe&quot;:&quot;no&quot;}\" data-widget_type=\"heading.default\">\n\t\t\t\t<div class=\"elementor-widget-container\">\n\t\t\t\t\t<h1 class=\"elementor-heading-title elementor-size-default\">Aviso Legal<\/h1>\t\t\t\t<\/div>\n\t\t\t\t<\/div>\n\t\t\t\t<\/div>\n\t\t<div class=\"elementor-element elementor-element-84ac4fe e-grid e-con-full e-con e-child\" data-id=\"84ac4fe\" data-element_type=\"container\" data-e-type=\"container\">\n\t\t<div class=\"elementor-element elementor-element-b9fdf27 e-con-full e-flex e-con e-child\" data-id=\"b9fdf27\" data-element_type=\"container\" data-e-type=\"container\">\n\t\t<div class=\"elementor-element elementor-element-481c1ee e-con-full e-flex e-con e-child\" data-id=\"481c1ee\" data-element_type=\"container\" data-e-type=\"container\">\n\t\t\t\t<div class=\"elementor-element elementor-element-a3e5b4a elementor-widget elementor-widget-text-editor\" data-id=\"a3e5b4a\" data-element_type=\"widget\" data-e-type=\"widget\" data-settings=\"{&quot;htmega_fe&quot;:&quot;no&quot;}\" data-widget_type=\"text-editor.default\">\n\t\t\t\t<div class=\"elementor-widget-container\">\n\t\t\t\t\t\t\t\t\t<p>\u2013 A titular deste sitio web \u00e9 LAURA P\u00c9REZ NAVARRO, con C.I.F. 44658238N, con enderezo na Avenida de Santiago 33, 3B, de Ourense, 32001, Ourense.<\/p><p>\u2013 O acceso ao sitio web de LAURA P\u00c9REZ NAVARRO \u00e9 gratuito. Todo o contido \u00e9 propiedade intelectual de LAURA P\u00c9REZ NAVARRO. Calquera uso deste contido que infrinxa as leis de propiedade intelectual ser\u00e1 perseguido de acordo coa lexislaci\u00f3n vixente.<\/p>\t\t\t\t\t\t\t\t<\/div>\n\t\t\t\t<\/div>\n\t\t\t\t<\/div>\n\t\t\t\t<\/div>\n\t\t<div class=\"elementor-element elementor-element-ab6a528 e-con-full e-flex e-con e-child\" data-id=\"ab6a528\" data-element_type=\"container\" data-e-type=\"container\">\n\t\t\t\t<\/div>\n\t\t\t\t<\/div>\n\t\t\t\t<\/div>\n\t\t\t\t<\/div>","protected":false},"excerpt":{"rendered":"<p>Aviso Legal \u2013 El titular de este sitio web es LAURA P\u00c9REZ NAVARRO, con C.I.F. 44658238N, con domicilio en Avenida de Santiago 33, 3B, Ourense, 32001, Ourense. \u2013 El acceso al site de LAURA P\u00c9REZ NAVARRO es gratuito. Todo el contenido es propiedad intelectual de LAURA P\u00c9REZ NAVARRO. Cualquier utilizaci\u00f3n de los mismos contraria a [&hellip;]<\/p>\n","protected":false},"author":1,"featured_media":0,"parent":0,"menu_order":10,"comment_status":"closed","ping_status":"closed","template":"","meta":{"_acf_changed":false,"_cloudinary_featured_overwrite":false,"footnotes":""},"class_list":["post-1930","page","type-page","status-publish","hentry"],"acf":[],"yoast_head":"<!-- This site is optimized with the Yoast SEO plugin v27.5 - https:\/\/yoast.com\/product\/yoast-seo-wordpress\/ -->\n<title>G\u00e1liva &#8226; Aviso Legal<\/title>\n<meta name=\"description\" content=\"Consulta toda la informaci\u00f3n legal sobre el sitio web de G\u00c1LIVA.\" \/>\n<meta name=\"robots\" content=\"noindex, nofollow\" \/>\n<meta property=\"og:locale\" content=\"gl_ES\" \/>\n<meta property=\"og:type\" content=\"article\" \/>\n<meta property=\"og:title\" content=\"G\u00e1liva &#8226; Aviso Legal\" \/>\n<meta property=\"og:description\" content=\"Consulta toda la informaci\u00f3n legal sobre el sitio web de G\u00c1LIVA.\" \/>\n<meta property=\"og:url\" content=\"https:\/\/galiva.es\/gl\/aviso-legal\/\" \/>\n<meta property=\"og:site_name\" content=\"G\u00e1liva\" \/>\n<meta property=\"article:modified_time\" content=\"2025-06-21T16:10:47+00:00\" \/>\n<meta name=\"twitter:card\" content=\"summary_large_image\" \/>\n<meta name=\"twitter:label1\" content=\"Tempo de lectura\" \/>\n\t<meta name=\"twitter:data1\" content=\"1 minuto\" \/>\n<script type=\"application\/ld+json\" class=\"yoast-schema-graph\">{\"@context\":\"https:\\\/\\\/schema.org\",\"@graph\":[{\"@type\":\"WebPage\",\"@id\":\"https:\\\/\\\/galiva.es\\\/aviso-legal\\\/\",\"url\":\"https:\\\/\\\/galiva.es\\\/aviso-legal\\\/\",\"name\":\"G\u00e1liva &#8226; Aviso Legal\",\"isPartOf\":{\"@id\":\"https:\\\/\\\/galiva.es\\\/#website\"},\"datePublished\":\"2025-06-05T18:38:05+00:00\",\"dateModified\":\"2025-06-21T16:10:47+00:00\",\"description\":\"Consulta toda la informaci\u00f3n legal sobre el sitio web de G\u00c1LIVA.\",\"breadcrumb\":{\"@id\":\"https:\\\/\\\/galiva.es\\\/aviso-legal\\\/#breadcrumb\"},\"inLanguage\":\"gl-ES\",\"potentialAction\":[{\"@type\":\"ReadAction\",\"target\":[\"https:\\\/\\\/galiva.es\\\/aviso-legal\\\/\"]}]},{\"@type\":\"BreadcrumbList\",\"@id\":\"https:\\\/\\\/galiva.es\\\/aviso-legal\\\/#breadcrumb\",\"itemListElement\":[{\"@type\":\"ListItem\",\"position\":1,\"name\":\"Home\",\"item\":\"https:\\\/\\\/galiva.es\\\/\"},{\"@type\":\"ListItem\",\"position\":2,\"name\":\"Aviso Legal\"}]},{\"@type\":\"WebSite\",\"@id\":\"https:\\\/\\\/galiva.es\\\/#website\",\"url\":\"https:\\\/\\\/galiva.es\\\/\",\"name\":\"G\u00e1liva\",\"description\":\"Joyer\u00eda con alma y tradici\u00f3n gallega\",\"publisher\":{\"@id\":\"https:\\\/\\\/galiva.es\\\/#organization\"},\"alternateName\":\"G\u00e1liva\",\"potentialAction\":[{\"@type\":\"SearchAction\",\"target\":{\"@type\":\"EntryPoint\",\"urlTemplate\":\"https:\\\/\\\/galiva.es\\\/?s={search_term_string}\"},\"query-input\":{\"@type\":\"PropertyValueSpecification\",\"valueRequired\":true,\"valueName\":\"search_term_string\"}}],\"inLanguage\":\"gl-ES\"},{\"@type\":\"Organization\",\"@id\":\"https:\\\/\\\/galiva.es\\\/#organization\",\"name\":\"G\u00e1liva\",\"alternateName\":\"G\u00e1liva\",\"url\":\"https:\\\/\\\/galiva.es\\\/\",\"logo\":{\"@type\":\"ImageObject\",\"inLanguage\":\"gl-ES\",\"@id\":\"https:\\\/\\\/galiva.es\\\/#\\\/schema\\\/logo\\\/image\\\/\",\"url\":\"https:\\\/\\\/galiva.es\\\/wp-content\\\/uploads\\\/Logotipo_Galiva.png\",\"contentUrl\":\"https:\\\/\\\/galiva.es\\\/wp-content\\\/uploads\\\/Logotipo_Galiva.png\",\"width\":1000,\"height\":500,\"caption\":\"G\u00e1liva\"},\"image\":{\"@id\":\"https:\\\/\\\/galiva.es\\\/#\\\/schema\\\/logo\\\/image\\\/\"},\"sameAs\":[\"https:\\\/\\\/www.linkedin.com\\\/in\\\/graphicdesigner-laurapreznavarro\\\/\",\"https:\\\/\\\/www.instagram.com\\\/soylucina\\\/\"]}]}<\/script>\n<!-- \/ Yoast SEO plugin. -->","yoast_head_json":{"title":"G\u00e1liva &#8226; Aviso Legal","description":"Consulta toda la informaci\u00f3n legal sobre el sitio web de G\u00c1LIVA.","robots":{"index":"noindex","follow":"nofollow"},"og_locale":"gl_ES","og_type":"article","og_title":"G\u00e1liva &#8226; Aviso Legal","og_description":"Consulta toda la informaci\u00f3n legal sobre el sitio web de G\u00c1LIVA.","og_url":"https:\/\/galiva.es\/gl\/aviso-legal\/","og_site_name":"G\u00e1liva","article_modified_time":"2025-06-21T16:10:47+00:00","twitter_card":"summary_large_image","twitter_misc":{"Tempo de lectura":"1 minuto"},"schema":{"@context":"https:\/\/schema.org","@graph":[{"@type":"WebPage","@id":"https:\/\/galiva.es\/aviso-legal\/","url":"https:\/\/galiva.es\/aviso-legal\/","name":"G\u00e1liva &#8226; Aviso Legal","isPartOf":{"@id":"https:\/\/galiva.es\/#website"},"datePublished":"2025-06-05T18:38:05+00:00","dateModified":"2025-06-21T16:10:47+00:00","description":"Consulta toda la informaci\u00f3n legal sobre el sitio web de G\u00c1LIVA.","breadcrumb":{"@id":"https:\/\/galiva.es\/aviso-legal\/#breadcrumb"},"inLanguage":"gl-ES","potentialAction":[{"@type":"ReadAction","target":["https:\/\/galiva.es\/aviso-legal\/"]}]},{"@type":"BreadcrumbList","@id":"https:\/\/galiva.es\/aviso-legal\/#breadcrumb","itemListElement":[{"@type":"ListItem","position":1,"name":"Home","item":"https:\/\/galiva.es\/"},{"@type":"ListItem","position":2,"name":"Aviso Legal"}]},{"@type":"WebSite","@id":"https:\/\/galiva.es\/#website","url":"https:\/\/galiva.es\/","name":"G\u00e1liva","description":"Joyer\u00eda con alma y tradici\u00f3n gallega","publisher":{"@id":"https:\/\/galiva.es\/#organization"},"alternateName":"G\u00e1liva","potentialAction":[{"@type":"SearchAction","target":{"@type":"EntryPoint","urlTemplate":"https:\/\/galiva.es\/?s={search_term_string}"},"query-input":{"@type":"PropertyValueSpecification","valueRequired":true,"valueName":"search_term_string"}}],"inLanguage":"gl-ES"},{"@type":"Organization","@id":"https:\/\/galiva.es\/#organization","name":"G\u00e1liva","alternateName":"G\u00e1liva","url":"https:\/\/galiva.es\/","logo":{"@type":"ImageObject","inLanguage":"gl-ES","@id":"https:\/\/galiva.es\/#\/schema\/logo\/image\/","url":"https:\/\/galiva.es\/wp-content\/uploads\/Logotipo_Galiva.png","contentUrl":"https:\/\/galiva.es\/wp-content\/uploads\/Logotipo_Galiva.png","width":1000,"height":500,"caption":"G\u00e1liva"},"image":{"@id":"https:\/\/galiva.es\/#\/schema\/logo\/image\/"},"sameAs":["https:\/\/www.linkedin.com\/in\/graphicdesigner-laurapreznavarro\/","https:\/\/www.instagram.com\/soylucina\/"]}]}},"_links":{"self":[{"href":"https:\/\/galiva.es\/gl\/wp-json\/wp\/v2\/pages\/1930","targetHints":{"allow":["GET"]}}],"collection":[{"href":"https:\/\/galiva.es\/gl\/wp-json\/wp\/v2\/pages"}],"about":[{"href":"https:\/\/galiva.es\/gl\/wp-json\/wp\/v2\/types\/page"}],"author":[{"embeddable":true,"href":"https:\/\/galiva.es\/gl\/wp-json\/wp\/v2\/users\/1"}],"replies":[{"embeddable":true,"href":"https:\/\/galiva.es\/gl\/wp-json\/wp\/v2\/comments?post=1930"}],"version-history":[{"count":0,"href":"https:\/\/galiva.es\/gl\/wp-json\/wp\/v2\/pages\/1930\/revisions"}],"wp:attachment":[{"href":"https:\/\/galiva.es\/gl\/wp-json\/wp\/v2\/media?parent=1930"}],"curies":[{"name":"wp","href":"https:\/\/api.w.org\/{rel}","templated":true}]}}