{"id":1934,"date":"2025-06-05T18:49:23","date_gmt":"2025-06-05T18:49:23","guid":{"rendered":"https:\/\/lightblue-oryx-923194.hostingersite.com\/?page_id=1934"},"modified":"2025-10-29T19:03:04","modified_gmt":"2025-10-29T18:03:04","slug":"politica-de-accesibilidad","status":"publish","type":"page","link":"https:\/\/galiva.es\/gl\/politica-de-accesibilidad\/","title":{"rendered":"Pol\u00edtica de accesibilidade"},"content":{"rendered":"<div data-elementor-type=\"wp-page\" data-elementor-id=\"1934\" class=\"elementor elementor-1934\" data-elementor-post-type=\"page\">\n\t\t\t\t<div class=\"elementor-element elementor-element-d39841f e-con-full e-flex e-con e-parent\" data-id=\"d39841f\" data-element_type=\"container\" data-e-type=\"container\">\n\t\t<div class=\"elementor-element elementor-element-df0a7c6 e-con-full e-flex e-con e-child\" data-id=\"df0a7c6\" data-element_type=\"container\" data-e-type=\"container\">\n\t\t\t\t<div class=\"elementor-element elementor-element-e729cbd elementor-widget elementor-widget-heading\" data-id=\"e729cbd\" data-element_type=\"widget\" data-e-type=\"widget\" data-settings=\"{&quot;htmega_fe&quot;:&quot;no&quot;}\" data-widget_type=\"heading.default\">\n\t\t\t\t<div class=\"elementor-widget-container\">\n\t\t\t\t\t<h4 class=\"elementor-heading-title elementor-size-default\">Pol\u00edtica de accesibilidade<\/h4>\t\t\t\t<\/div>\n\t\t\t\t<\/div>\n\t\t\t\t<\/div>\n\t\t<div class=\"elementor-element elementor-element-85c4737 e-grid e-con-full e-con e-child\" data-id=\"85c4737\" data-element_type=\"container\" data-e-type=\"container\">\n\t\t<div class=\"elementor-element elementor-element-a43d518 e-con-full e-flex e-con e-child\" data-id=\"a43d518\" data-element_type=\"container\" data-e-type=\"container\">\n\t\t<div class=\"elementor-element elementor-element-1a75d07 e-con-full e-flex e-con e-child\" data-id=\"1a75d07\" data-element_type=\"container\" data-e-type=\"container\">\n\t\t\t\t<div class=\"elementor-element elementor-element-cd7728e elementor-widget elementor-widget-text-editor\" data-id=\"cd7728e\" data-element_type=\"widget\" data-e-type=\"widget\" data-settings=\"{&quot;htmega_fe&quot;:&quot;no&quot;}\" data-widget_type=\"text-editor.default\">\n\t\t\t\t<div class=\"elementor-widget-container\">\n\t\t\t\t\t\t\t\t\t<p data-start=\"330\" data-end=\"696\">A titular do sitio web, Laura P\u00e9rez Navarro, comprom\u00e9tese a garantir a accesibilidade do seu sitio web de acordo cos principios de accesibilidade universal e dese\u00f1o para todas as persoas, de acordo co esp\u00edrito do Real Decreto 1112\/2018, do 7 de setembro, a\u00ednda que non \u00e9 legalmente aplicable por tratarse dun sitio web do sector privado.<\/p><p data-start=\"704\" data-end=\"857\">Esta declaraci\u00f3n de accesibilidade apl\u00edcase ao sitio web www.galiva.es, exclu\u00edndo o contido incrustado doutros dominios.<\/p>\t\t\t\t\t\t\t\t<\/div>\n\t\t\t\t<\/div>\n\t\t\t\t<\/div>\n\t\t<div class=\"elementor-element elementor-element-93f82a8 e-con-full e-flex e-con e-child\" data-id=\"93f82a8\" data-element_type=\"container\" data-e-type=\"container\">\n\t\t\t\t<div class=\"elementor-element elementor-element-267a64f elementor-widget elementor-widget-text-editor\" data-id=\"267a64f\" data-element_type=\"widget\" data-e-type=\"widget\" data-settings=\"{&quot;htmega_fe&quot;:&quot;no&quot;}\" data-widget_type=\"text-editor.default\">\n\t\t\t\t<div class=\"elementor-widget-container\">\n\t\t\t\t\t\t\t\t\t<p>Situaci\u00f3n de accesibilidade<\/p>\t\t\t\t\t\t\t\t<\/div>\n\t\t\t\t<\/div>\n\t\t\t\t<div class=\"elementor-element elementor-element-987ac45 elementor-widget-divider--view-line elementor-widget elementor-widget-divider\" data-id=\"987ac45\" data-element_type=\"widget\" data-e-type=\"widget\" data-settings=\"{&quot;htmega_fe&quot;:&quot;no&quot;}\" data-widget_type=\"divider.default\">\n\t\t\t\t<div class=\"elementor-widget-container\">\n\t\t\t\t\t\t\t<div class=\"elementor-divider\">\n\t\t\t<span class=\"elementor-divider-separator\">\n\t\t\t\t\t\t<\/span>\n\t\t<\/div>\n\t\t\t\t\t\t<\/div>\n\t\t\t\t<\/div>\n\t\t\t\t<div class=\"elementor-element elementor-element-39f35d0 elementor-widget elementor-widget-text-editor\" data-id=\"39f35d0\" data-element_type=\"widget\" data-e-type=\"widget\" data-settings=\"{&quot;htmega_fe&quot;:&quot;no&quot;}\" data-widget_type=\"text-editor.default\">\n\t\t\t\t<div class=\"elementor-widget-container\">\n\t\t\t\t\t\t\t\t\t<p data-start=\"900\" data-end=\"1180\">Este sitio web pretende ser accesible para o maior n\u00famero posible de persoas, inclu\u00eddas as persoas con discapacidade. Implement\u00e1ronse medidas para mellorar a accesibilidade, como o uso de estruturas sem\u00e1nticas axeitadas, un contraste suficiente e a navegaci\u00f3n mediante teclado.<\/p><p data-start=\"1188\" data-end=\"1389\">Actualmente, o sitio web cumpre parcialmente cos principios de accesibilidade reco\u00f1ecidos e traballamos continuamente para mellorar a experiencia de todos os usuarios.<\/p>\t\t\t\t\t\t\t\t<\/div>\n\t\t\t\t<\/div>\n\t\t\t\t<\/div>\n\t\t\t\t<\/div>\n\t\t<div class=\"elementor-element elementor-element-5b9cb7f e-con-full e-flex e-con e-child\" data-id=\"5b9cb7f\" data-element_type=\"container\" data-e-type=\"container\">\n\t\t<div class=\"elementor-element elementor-element-dc3d677 e-con-full e-flex e-con e-child\" data-id=\"dc3d677\" data-element_type=\"container\" data-e-type=\"container\">\n\t\t\t\t<div class=\"elementor-element elementor-element-c881269 elementor-widget elementor-widget-text-editor\" data-id=\"c881269\" data-element_type=\"widget\" data-e-type=\"widget\" data-settings=\"{&quot;htmega_fe&quot;:&quot;no&quot;}\" data-widget_type=\"text-editor.default\">\n\t\t\t\t<div class=\"elementor-widget-container\">\n\t\t\t\t\t\t\t\t\t<p>Observaci\u00f3ns e informaci\u00f3n de contacto<\/p>\t\t\t\t\t\t\t\t<\/div>\n\t\t\t\t<\/div>\n\t\t\t\t<div class=\"elementor-element elementor-element-cdae05b elementor-widget-divider--view-line elementor-widget elementor-widget-divider\" data-id=\"cdae05b\" data-element_type=\"widget\" data-e-type=\"widget\" data-settings=\"{&quot;htmega_fe&quot;:&quot;no&quot;}\" data-widget_type=\"divider.default\">\n\t\t\t\t<div class=\"elementor-widget-container\">\n\t\t\t\t\t\t\t<div class=\"elementor-divider\">\n\t\t\t<span class=\"elementor-divider-separator\">\n\t\t\t\t\t\t<\/span>\n\t\t<\/div>\n\t\t\t\t\t\t<\/div>\n\t\t\t\t<\/div>\n\t\t\t\t<div class=\"elementor-element elementor-element-6f72f8d elementor-widget elementor-widget-text-editor\" data-id=\"6f72f8d\" data-element_type=\"widget\" data-e-type=\"widget\" data-settings=\"{&quot;htmega_fe&quot;:&quot;no&quot;}\" data-widget_type=\"text-editor.default\">\n\t\t\t\t<div class=\"elementor-widget-container\">\n\t\t\t\t\t\t\t\t\t<p data-start=\"1439\" data-end=\"1557\">Podes enviarnos calquera comunicaci\u00f3n ou consulta relativa \u00e1 accesibilidade do sitio web, como por exemplo:<\/p><ul data-start=\"1565\" data-end=\"1753\"><li data-start=\"1565\" data-end=\"1629\"><p data-start=\"1567\" data-end=\"1629\">Informar sobre as posibles barreiras para acceder ao contido.<\/p><\/li><li data-start=\"1632\" data-end=\"1696\"><p data-start=\"1634\" data-end=\"1696\">Para transmitir suxesti\u00f3ns de mellora ou dificultades atopadas.<\/p><\/li><li data-start=\"1699\" data-end=\"1748\"><p data-start=\"1701\" data-end=\"1748\">Solicitar informaci\u00f3n en formatos accesibles.<\/p><\/li><\/ul><p data-start=\"1756\" data-end=\"1824\">Para iso, podes contactar connosco a trav\u00e9s dos seguintes medios:<\/p><p data-start=\"1832\" data-end=\"1916\">Tel\u00e9fono: +34 653 299 713<br data-start=\"1860\" data-end=\"1863\" \/>E-mail: laura@galiva.es<\/p>\t\t\t\t\t\t\t\t<\/div>\n\t\t\t\t<\/div>\n\t\t\t\t<\/div>\n\t\t<div class=\"elementor-element elementor-element-66091d0 e-con-full e-flex e-con e-child\" data-id=\"66091d0\" data-element_type=\"container\" data-e-type=\"container\">\n\t\t\t\t<div class=\"elementor-element elementor-element-e739b55 elementor-widget elementor-widget-text-editor\" data-id=\"e739b55\" data-element_type=\"widget\" data-e-type=\"widget\" data-settings=\"{&quot;htmega_fe&quot;:&quot;no&quot;}\" data-widget_type=\"text-editor.default\">\n\t\t\t\t<div class=\"elementor-widget-container\">\n\t\t\t\t\t\t\t\t\t<p data-start=\"330\" data-end=\"696\">Esta tenda en li\u00f1a est\u00e1 xestionada por un profesional aut\u00f3nomo sen empregados. A\u00ednda que a Directiva europea 2019\/882 sobre a accesibilidade dos servizos dixitais non \u00e9 de aplicaci\u00f3n legal, existe un compromiso voluntario de mellorar progresivamente a accesibilidade do sitio web para todos os usuarios, seguindo os principios do dese\u00f1o universal.<\/p>\t\t\t\t\t\t\t\t<\/div>\n\t\t\t\t<\/div>\n\t\t\t\t<\/div>\n\t\t\t\t<\/div>\n\t\t\t\t<\/div>\n\t\t\t\t<\/div>\n\t\t\t\t<\/div>","protected":false},"excerpt":{"rendered":"<p>Pol\u00edtica de Accesibilidad La titular del sitio web, Laura P\u00e9rez Navarro, se compromete a garantizar la accesibilidad de su sitio web conforme a los principios de accesibilidad universal y dise\u00f1o para todas las personas, de acuerdo con el esp\u00edritu del Real Decreto 1112\/2018, de 7 de septiembre, aunque no resulte legalmente aplicable por tratarse de [&hellip;]<\/p>\n","protected":false},"author":1,"featured_media":0,"parent":0,"menu_order":11,"comment_status":"closed","ping_status":"closed","template":"","meta":{"_acf_changed":false,"_cloudinary_featured_overwrite":false,"footnotes":""},"class_list":["post-1934","page","type-page","status-publish","hentry"],"acf":[],"yoast_head":"<!-- This site is optimized with the Yoast SEO plugin v27.5 - https:\/\/yoast.com\/product\/yoast-seo-wordpress\/ -->\n<title>G\u00e1liva &#8226; Pol\u00edtica de Accesibilidad<\/title>\n<meta name=\"description\" content=\"Consulta toda la informaci\u00f3n legal sobre el sitio web de G\u00c1LIVA.\" \/>\n<meta name=\"robots\" content=\"noindex, nofollow\" \/>\n<meta property=\"og:locale\" content=\"gl_ES\" \/>\n<meta property=\"og:type\" content=\"article\" \/>\n<meta property=\"og:title\" content=\"G\u00e1liva &#8226; Pol\u00edtica de Accesibilidad\" \/>\n<meta property=\"og:description\" content=\"Consulta toda la informaci\u00f3n legal sobre el sitio web de G\u00c1LIVA.\" \/>\n<meta property=\"og:url\" content=\"https:\/\/galiva.es\/gl\/politica-de-accesibilidad\/\" \/>\n<meta property=\"og:site_name\" content=\"G\u00e1liva\" \/>\n<meta property=\"article:modified_time\" content=\"2025-10-29T18:03:04+00:00\" \/>\n<meta name=\"twitter:card\" content=\"summary_large_image\" \/>\n<meta name=\"twitter:label1\" content=\"Tempo de lectura\" \/>\n\t<meta name=\"twitter:data1\" content=\"2 minutos\" \/>\n<script type=\"application\/ld+json\" class=\"yoast-schema-graph\">{\"@context\":\"https:\\\/\\\/schema.org\",\"@graph\":[{\"@type\":\"WebPage\",\"@id\":\"https:\\\/\\\/galiva.es\\\/politica-de-accesibilidad\\\/\",\"url\":\"https:\\\/\\\/galiva.es\\\/politica-de-accesibilidad\\\/\",\"name\":\"G\u00e1liva &#8226; Pol\u00edtica de Accesibilidad\",\"isPartOf\":{\"@id\":\"https:\\\/\\\/galiva.es\\\/#website\"},\"datePublished\":\"2025-06-05T18:49:23+00:00\",\"dateModified\":\"2025-10-29T18:03:04+00:00\",\"description\":\"Consulta toda la informaci\u00f3n legal sobre el sitio web de G\u00c1LIVA.\",\"breadcrumb\":{\"@id\":\"https:\\\/\\\/galiva.es\\\/politica-de-accesibilidad\\\/#breadcrumb\"},\"inLanguage\":\"gl-ES\",\"potentialAction\":[{\"@type\":\"ReadAction\",\"target\":[\"https:\\\/\\\/galiva.es\\\/politica-de-accesibilidad\\\/\"]}]},{\"@type\":\"BreadcrumbList\",\"@id\":\"https:\\\/\\\/galiva.es\\\/politica-de-accesibilidad\\\/#breadcrumb\",\"itemListElement\":[{\"@type\":\"ListItem\",\"position\":1,\"name\":\"Home\",\"item\":\"https:\\\/\\\/galiva.es\\\/\"},{\"@type\":\"ListItem\",\"position\":2,\"name\":\"Pol\u00edtica de Accesibilidad\"}]},{\"@type\":\"WebSite\",\"@id\":\"https:\\\/\\\/galiva.es\\\/#website\",\"url\":\"https:\\\/\\\/galiva.es\\\/\",\"name\":\"G\u00e1liva\",\"description\":\"Joyer\u00eda con alma y tradici\u00f3n gallega\",\"publisher\":{\"@id\":\"https:\\\/\\\/galiva.es\\\/#organization\"},\"alternateName\":\"G\u00e1liva\",\"potentialAction\":[{\"@type\":\"SearchAction\",\"target\":{\"@type\":\"EntryPoint\",\"urlTemplate\":\"https:\\\/\\\/galiva.es\\\/?s={search_term_string}\"},\"query-input\":{\"@type\":\"PropertyValueSpecification\",\"valueRequired\":true,\"valueName\":\"search_term_string\"}}],\"inLanguage\":\"gl-ES\"},{\"@type\":\"Organization\",\"@id\":\"https:\\\/\\\/galiva.es\\\/#organization\",\"name\":\"G\u00e1liva\",\"alternateName\":\"G\u00e1liva\",\"url\":\"https:\\\/\\\/galiva.es\\\/\",\"logo\":{\"@type\":\"ImageObject\",\"inLanguage\":\"gl-ES\",\"@id\":\"https:\\\/\\\/galiva.es\\\/#\\\/schema\\\/logo\\\/image\\\/\",\"url\":\"https:\\\/\\\/galiva.es\\\/wp-content\\\/uploads\\\/Logotipo_Galiva.png\",\"contentUrl\":\"https:\\\/\\\/galiva.es\\\/wp-content\\\/uploads\\\/Logotipo_Galiva.png\",\"width\":1000,\"height\":500,\"caption\":\"G\u00e1liva\"},\"image\":{\"@id\":\"https:\\\/\\\/galiva.es\\\/#\\\/schema\\\/logo\\\/image\\\/\"},\"sameAs\":[\"https:\\\/\\\/www.linkedin.com\\\/in\\\/graphicdesigner-laurapreznavarro\\\/\",\"https:\\\/\\\/www.instagram.com\\\/soylucina\\\/\"]}]}<\/script>\n<!-- \/ Yoast SEO plugin. -->","yoast_head_json":{"title":"G\u00e1liva &#8226; Pol\u00edtica de Accesibilidad","description":"Consulta toda la informaci\u00f3n legal sobre el sitio web de G\u00c1LIVA.","robots":{"index":"noindex","follow":"nofollow"},"og_locale":"gl_ES","og_type":"article","og_title":"G\u00e1liva &#8226; Pol\u00edtica de Accesibilidad","og_description":"Consulta toda la informaci\u00f3n legal sobre el sitio web de G\u00c1LIVA.","og_url":"https:\/\/galiva.es\/gl\/politica-de-accesibilidad\/","og_site_name":"G\u00e1liva","article_modified_time":"2025-10-29T18:03:04+00:00","twitter_card":"summary_large_image","twitter_misc":{"Tempo de lectura":"2 minutos"},"schema":{"@context":"https:\/\/schema.org","@graph":[{"@type":"WebPage","@id":"https:\/\/galiva.es\/politica-de-accesibilidad\/","url":"https:\/\/galiva.es\/politica-de-accesibilidad\/","name":"G\u00e1liva &#8226; Pol\u00edtica de Accesibilidad","isPartOf":{"@id":"https:\/\/galiva.es\/#website"},"datePublished":"2025-06-05T18:49:23+00:00","dateModified":"2025-10-29T18:03:04+00:00","description":"Consulta toda la informaci\u00f3n legal sobre el sitio web de G\u00c1LIVA.","breadcrumb":{"@id":"https:\/\/galiva.es\/politica-de-accesibilidad\/#breadcrumb"},"inLanguage":"gl-ES","potentialAction":[{"@type":"ReadAction","target":["https:\/\/galiva.es\/politica-de-accesibilidad\/"]}]},{"@type":"BreadcrumbList","@id":"https:\/\/galiva.es\/politica-de-accesibilidad\/#breadcrumb","itemListElement":[{"@type":"ListItem","position":1,"name":"Home","item":"https:\/\/galiva.es\/"},{"@type":"ListItem","position":2,"name":"Pol\u00edtica de Accesibilidad"}]},{"@type":"WebSite","@id":"https:\/\/galiva.es\/#website","url":"https:\/\/galiva.es\/","name":"G\u00e1liva","description":"Joyer\u00eda con alma y tradici\u00f3n gallega","publisher":{"@id":"https:\/\/galiva.es\/#organization"},"alternateName":"G\u00e1liva","potentialAction":[{"@type":"SearchAction","target":{"@type":"EntryPoint","urlTemplate":"https:\/\/galiva.es\/?s={search_term_string}"},"query-input":{"@type":"PropertyValueSpecification","valueRequired":true,"valueName":"search_term_string"}}],"inLanguage":"gl-ES"},{"@type":"Organization","@id":"https:\/\/galiva.es\/#organization","name":"G\u00e1liva","alternateName":"G\u00e1liva","url":"https:\/\/galiva.es\/","logo":{"@type":"ImageObject","inLanguage":"gl-ES","@id":"https:\/\/galiva.es\/#\/schema\/logo\/image\/","url":"https:\/\/galiva.es\/wp-content\/uploads\/Logotipo_Galiva.png","contentUrl":"https:\/\/galiva.es\/wp-content\/uploads\/Logotipo_Galiva.png","width":1000,"height":500,"caption":"G\u00e1liva"},"image":{"@id":"https:\/\/galiva.es\/#\/schema\/logo\/image\/"},"sameAs":["https:\/\/www.linkedin.com\/in\/graphicdesigner-laurapreznavarro\/","https:\/\/www.instagram.com\/soylucina\/"]}]}},"_links":{"self":[{"href":"https:\/\/galiva.es\/gl\/wp-json\/wp\/v2\/pages\/1934","targetHints":{"allow":["GET"]}}],"collection":[{"href":"https:\/\/galiva.es\/gl\/wp-json\/wp\/v2\/pages"}],"about":[{"href":"https:\/\/galiva.es\/gl\/wp-json\/wp\/v2\/types\/page"}],"author":[{"embeddable":true,"href":"https:\/\/galiva.es\/gl\/wp-json\/wp\/v2\/users\/1"}],"replies":[{"embeddable":true,"href":"https:\/\/galiva.es\/gl\/wp-json\/wp\/v2\/comments?post=1934"}],"version-history":[{"count":0,"href":"https:\/\/galiva.es\/gl\/wp-json\/wp\/v2\/pages\/1934\/revisions"}],"wp:attachment":[{"href":"https:\/\/galiva.es\/gl\/wp-json\/wp\/v2\/media?parent=1934"}],"curies":[{"name":"wp","href":"https:\/\/api.w.org\/{rel}","templated":true}]}}