{"id":1938,"date":"2025-06-05T18:50:44","date_gmt":"2025-06-05T18:50:44","guid":{"rendered":"https:\/\/lightblue-oryx-923194.hostingersite.com\/?page_id=1938"},"modified":"2025-06-22T14:34:36","modified_gmt":"2025-06-22T14:34:36","slug":"politica-de-envios","status":"publish","type":"page","link":"https:\/\/galiva.es\/gl\/politica-de-envios\/","title":{"rendered":"Pol\u00edtica de Env\u00edos"},"content":{"rendered":"<div data-elementor-type=\"wp-page\" data-elementor-id=\"1938\" class=\"elementor elementor-1938\" data-elementor-post-type=\"page\">\n\t\t\t\t<div class=\"elementor-element elementor-element-027a260 e-con-full e-flex e-con e-parent\" data-id=\"027a260\" data-element_type=\"container\" data-e-type=\"container\">\n\t\t<div class=\"elementor-element elementor-element-b46b95f e-con-full e-flex e-con e-child\" data-id=\"b46b95f\" data-element_type=\"container\" data-e-type=\"container\">\n\t\t\t\t<div class=\"elementor-element elementor-element-99b5da5 elementor-widget elementor-widget-heading\" data-id=\"99b5da5\" data-element_type=\"widget\" data-e-type=\"widget\" data-settings=\"{&quot;htmega_fe&quot;:&quot;no&quot;}\" data-widget_type=\"heading.default\">\n\t\t\t\t<div class=\"elementor-widget-container\">\n\t\t\t\t\t<h4 class=\"elementor-heading-title elementor-size-default\">Pol\u00edtica de Env\u00edos<\/h4>\t\t\t\t<\/div>\n\t\t\t\t<\/div>\n\t\t\t\t<\/div>\n\t\t<div class=\"elementor-element elementor-element-54c81cf e-grid e-con-full e-con e-child\" data-id=\"54c81cf\" data-element_type=\"container\" data-e-type=\"container\">\n\t\t<div class=\"elementor-element elementor-element-593b152 e-con-full e-flex e-con e-child\" data-id=\"593b152\" data-element_type=\"container\" data-e-type=\"container\">\n\t\t<div class=\"elementor-element elementor-element-307a107 e-con-full e-flex e-con e-child\" data-id=\"307a107\" data-element_type=\"container\" data-e-type=\"container\">\n\t\t\t\t<div class=\"elementor-element elementor-element-4261e65 elementor-widget elementor-widget-text-editor\" data-id=\"4261e65\" data-element_type=\"widget\" data-e-type=\"widget\" data-settings=\"{&quot;htmega_fe&quot;:&quot;no&quot;}\" data-widget_type=\"text-editor.default\">\n\t\t\t\t<div class=\"elementor-widget-container\">\n\t\t\t\t\t\t\t\t\t<p>Orde de procesamento<\/p>\t\t\t\t\t\t\t\t<\/div>\n\t\t\t\t<\/div>\n\t\t\t\t<div class=\"elementor-element elementor-element-f976f71 elementor-widget-divider--view-line elementor-widget elementor-widget-divider\" data-id=\"f976f71\" data-element_type=\"widget\" data-e-type=\"widget\" data-settings=\"{&quot;htmega_fe&quot;:&quot;no&quot;}\" data-widget_type=\"divider.default\">\n\t\t\t\t<div class=\"elementor-widget-container\">\n\t\t\t\t\t\t\t<div class=\"elementor-divider\">\n\t\t\t<span class=\"elementor-divider-separator\">\n\t\t\t\t\t\t<\/span>\n\t\t<\/div>\n\t\t\t\t\t\t<\/div>\n\t\t\t\t<\/div>\n\t\t\t\t<div class=\"elementor-element elementor-element-db1e80c elementor-widget elementor-widget-text-editor\" data-id=\"db1e80c\" data-element_type=\"widget\" data-e-type=\"widget\" data-settings=\"{&quot;htmega_fe&quot;:&quot;no&quot;}\" data-widget_type=\"text-editor.default\">\n\t\t\t\t<div class=\"elementor-widget-container\">\n\t\t\t\t\t\t\t\t\t<p data-start=\"354\" data-end=\"569\">Todos os pedidos recibidos antes das 14:00 (CET) ser\u00e1n procesados \u200b\u200be preparados para o seu env\u00edo o mesmo d\u00eda laborable.<br data-start=\"481\" data-end=\"484\" \/>Os pedidos realizados despois desa hora ser\u00e1n procesados \u200b\u200bo seguinte d\u00eda h\u00e1bil.<\/p><p data-start=\"571\" data-end=\"700\">En caso de calquera atraso ou problema, informar\u00e9mosche por correo electr\u00f3nico proporcion\u00e1ndoche unha data de env\u00edo estimada.<\/p><p data-start=\"702\" data-end=\"948\"><em>Nota: Durante as tempadas altas ou en circunstancias excepcionais, poden producirse atrasos na entrega debido \u00e1 sobrecarga do servizo de mensaxer\u00eda. Se non recibe o seu pedido nun prazo razoable, p\u00f3\u00f1ase en contacto connosco para obter axuda.<\/em><\/p>\t\t\t\t\t\t\t\t<\/div>\n\t\t\t\t<\/div>\n\t\t\t\t<\/div>\n\t\t<div class=\"elementor-element elementor-element-ca1177d e-con-full e-flex e-con e-child\" data-id=\"ca1177d\" data-element_type=\"container\" data-e-type=\"container\">\n\t\t\t\t<div class=\"elementor-element elementor-element-9555250 elementor-widget elementor-widget-text-editor\" data-id=\"9555250\" data-element_type=\"widget\" data-e-type=\"widget\" data-settings=\"{&quot;htmega_fe&quot;:&quot;no&quot;}\" data-widget_type=\"text-editor.default\">\n\t\t\t\t<div class=\"elementor-widget-container\">\n\t\t\t\t\t\t\t\t\t<p>Custos de env\u00edo e zonas de entrega<\/p>\t\t\t\t\t\t\t\t<\/div>\n\t\t\t\t<\/div>\n\t\t\t\t<div class=\"elementor-element elementor-element-9127459 elementor-widget-divider--view-line elementor-widget elementor-widget-divider\" data-id=\"9127459\" data-element_type=\"widget\" data-e-type=\"widget\" data-settings=\"{&quot;htmega_fe&quot;:&quot;no&quot;}\" data-widget_type=\"divider.default\">\n\t\t\t\t<div class=\"elementor-widget-container\">\n\t\t\t\t\t\t\t<div class=\"elementor-divider\">\n\t\t\t<span class=\"elementor-divider-separator\">\n\t\t\t\t\t\t<\/span>\n\t\t<\/div>\n\t\t\t\t\t\t<\/div>\n\t\t\t\t<\/div>\n\t\t\t\t<div class=\"elementor-element elementor-element-0f334a1 elementor-widget elementor-widget-text-editor\" data-id=\"0f334a1\" data-element_type=\"widget\" data-e-type=\"widget\" data-settings=\"{&quot;htmega_fe&quot;:&quot;no&quot;}\" data-widget_type=\"text-editor.default\">\n\t\t\t\t<div class=\"elementor-widget-container\">\n\t\t\t\t\t\t\t\t\t<p data-start=\"998\" data-end=\"1061\"><strong><span style=\"text-decoration: underline;\">Espa\u00f1a continental<\/span><\/strong> <strong>(excepto Canarias, Ceuta e Melilla)<\/strong>:<\/p><ul data-start=\"1062\" data-end=\"1239\"><li data-start=\"1062\" data-end=\"1114\"><p data-start=\"1064\" data-end=\"1114\">Pedidos superiores a 70 \u20ac: env\u00edo gratu\u00edto.<\/p><\/li><li data-start=\"1115\" data-end=\"1239\"><p data-start=\"1117\" data-end=\"1239\">Pedidos inferiores a 70 \u20ac: custo de env\u00edo est\u00e1ndar de 4,70 \u20ac a 8,90 \u20ac (dependendo do tipo de env\u00edo seleccionado).<\/p><\/li><\/ul><p data-start=\"1241\" data-end=\"1275\">Estimaci\u00f3n de tempos de entrega:<\/p><ul data-start=\"1276\" data-end=\"1383\"><li data-start=\"1276\" data-end=\"1331\"><p data-start=\"1278\" data-end=\"1331\">Env\u00edo est\u00e1ndar: 3-5 d\u00edas h\u00e1biles desde o env\u00edo.<\/p><\/li><li data-start=\"1332\" data-end=\"1383\"><p data-start=\"1334\" data-end=\"1383\">Env\u00edo expr\u00e9s: 1-2 d\u00edas h\u00e1biles desde o env\u00edo.<\/p><\/li><\/ul><p data-start=\"1390\" data-end=\"1410\"><strong><span style=\"text-decoration: underline;\">Uni\u00f3n Europea<\/span>:<\/strong><\/p><ul data-start=\"1411\" data-end=\"1521\"><li data-start=\"1411\" data-end=\"1464\"><p data-start=\"1413\" data-end=\"1464\">Pedidos superiores a 135 \u20ac: env\u00edo gratu\u00edto.<\/p><\/li><li data-start=\"1465\" data-end=\"1521\"><p data-start=\"1467\" data-end=\"1521\">Pedidos inferiores a 135 \u20ac: custo fixo de 11,10 \u20ac.<\/p><\/li><\/ul><p data-start=\"1523\" data-end=\"1555\">Tempo de entrega estimado:<\/p><ul data-start=\"1556\" data-end=\"1610\"><li data-start=\"1556\" data-end=\"1610\"><p data-start=\"1558\" data-end=\"1610\">Env\u00edo est\u00e1ndar: 4-10 d\u00edas h\u00e1biles desde o env\u00edo.<\/p><\/li><\/ul><p data-start=\"1617\" data-end=\"1639\"><strong><span style=\"text-decoration: underline;\">Outros pa\u00edses<\/span>:<\/strong><\/p><ul data-start=\"1640\" data-end=\"1757\"><li data-start=\"1640\" data-end=\"1693\"><p data-start=\"1642\" data-end=\"1693\">Pedidos superiores a 150 \u20ac: env\u00edo gratu\u00edto.<\/p><\/li><li data-start=\"1694\" data-end=\"1757\"><p data-start=\"1696\" data-end=\"1757\">Pedidos inferiores a 150 \u20ac: gastos de env\u00edo a partir de 14,75 \u20ac.<\/p><\/li><\/ul><p data-start=\"1759\" data-end=\"1791\">Tempo de entrega estimado:<\/p><ul data-start=\"1792\" data-end=\"1855\"><li data-start=\"1792\" data-end=\"1855\"><p data-start=\"1794\" data-end=\"1855\">Env\u00edo est\u00e1ndar: 7-10 d\u00edas laborables dependiendo del destino.<\/p><\/li><\/ul>\t\t\t\t\t\t\t\t<\/div>\n\t\t\t\t<\/div>\n\t\t\t\t<\/div>\n\t\t\t\t<\/div>\n\t\t<div class=\"elementor-element elementor-element-f4dd936 e-con-full e-flex e-con e-child\" data-id=\"f4dd936\" data-element_type=\"container\" data-e-type=\"container\">\n\t\t<div class=\"elementor-element elementor-element-258fd97 e-con-full e-flex e-con e-child\" data-id=\"258fd97\" data-element_type=\"container\" data-e-type=\"container\">\n\t\t\t\t<div class=\"elementor-element elementor-element-c1bf81d elementor-widget elementor-widget-text-editor\" data-id=\"c1bf81d\" data-element_type=\"widget\" data-e-type=\"widget\" data-settings=\"{&quot;htmega_fe&quot;:&quot;no&quot;}\" data-widget_type=\"text-editor.default\">\n\t\t\t\t<div class=\"elementor-widget-container\">\n\t\t\t\t\t\t\t\t\t<p>Impostos e taxas aduaneiras<\/p>\t\t\t\t\t\t\t\t<\/div>\n\t\t\t\t<\/div>\n\t\t\t\t<div class=\"elementor-element elementor-element-9e80a6f elementor-widget-divider--view-line elementor-widget elementor-widget-divider\" data-id=\"9e80a6f\" data-element_type=\"widget\" data-e-type=\"widget\" data-settings=\"{&quot;htmega_fe&quot;:&quot;no&quot;}\" data-widget_type=\"divider.default\">\n\t\t\t\t<div class=\"elementor-widget-container\">\n\t\t\t\t\t\t\t<div class=\"elementor-divider\">\n\t\t\t<span class=\"elementor-divider-separator\">\n\t\t\t\t\t\t<\/span>\n\t\t<\/div>\n\t\t\t\t\t\t<\/div>\n\t\t\t\t<\/div>\n\t\t\t\t<div class=\"elementor-element elementor-element-dbfa710 elementor-widget elementor-widget-text-editor\" data-id=\"dbfa710\" data-element_type=\"widget\" data-e-type=\"widget\" data-settings=\"{&quot;htmega_fe&quot;:&quot;no&quot;}\" data-widget_type=\"text-editor.default\">\n\t\t\t\t<div class=\"elementor-widget-container\">\n\t\t\t\t\t\t\t\t\t<p data-start=\"1439\" data-end=\"1557\">Para env\u00edos f\u00f3ra da Uni\u00f3n Europea, poden aplicarse impostos, dereitos ou taxas adicionais que ser\u00e1n responsabilidade exclusiva do comprador.<br data-start=\"2042\" data-end=\"2045\" \/>Compromet\u00e9monos a preparar e proporcionar toda a documentaci\u00f3n necesaria para a xesti\u00f3n aduaneira.<\/p>\t\t\t\t\t\t\t\t<\/div>\n\t\t\t\t<\/div>\n\t\t\t\t<\/div>\n\t\t<div class=\"elementor-element elementor-element-b954a92 e-con-full e-flex e-con e-child\" data-id=\"b954a92\" data-element_type=\"container\" data-e-type=\"container\">\n\t\t\t\t<div class=\"elementor-element elementor-element-5df85a2 elementor-widget elementor-widget-text-editor\" data-id=\"5df85a2\" data-element_type=\"widget\" data-e-type=\"widget\" data-settings=\"{&quot;htmega_fe&quot;:&quot;no&quot;}\" data-widget_type=\"text-editor.default\">\n\t\t\t\t<div class=\"elementor-widget-container\">\n\t\t\t\t\t\t\t\t\t<p>Seguimento de pedidos<\/p>\t\t\t\t\t\t\t\t<\/div>\n\t\t\t\t<\/div>\n\t\t\t\t<div class=\"elementor-element elementor-element-71d0032 elementor-widget-divider--view-line elementor-widget elementor-widget-divider\" data-id=\"71d0032\" data-element_type=\"widget\" data-e-type=\"widget\" data-settings=\"{&quot;htmega_fe&quot;:&quot;no&quot;}\" data-widget_type=\"divider.default\">\n\t\t\t\t<div class=\"elementor-widget-container\">\n\t\t\t\t\t\t\t<div class=\"elementor-divider\">\n\t\t\t<span class=\"elementor-divider-separator\">\n\t\t\t\t\t\t<\/span>\n\t\t<\/div>\n\t\t\t\t\t\t<\/div>\n\t\t\t\t<\/div>\n\t\t\t\t<div class=\"elementor-element elementor-element-a78bcb1 elementor-widget elementor-widget-text-editor\" data-id=\"a78bcb1\" data-element_type=\"widget\" data-e-type=\"widget\" data-settings=\"{&quot;htmega_fe&quot;:&quot;no&quot;}\" data-widget_type=\"text-editor.default\">\n\t\t\t\t<div class=\"elementor-widget-container\">\n\t\t\t\t\t\t\t\t\t<p data-start=\"1510\" data-end=\"1554\">Una vez que tu pedido haya sido enviado, recibir\u00e1s un correo con el n\u00famero de seguimiento para que puedas monitorizar el estado de la entrega.<\/p>\t\t\t\t\t\t\t\t<\/div>\n\t\t\t\t<\/div>\n\t\t\t\t<\/div>\n\t\t<div class=\"elementor-element elementor-element-f323524 e-con-full e-flex e-con e-child\" data-id=\"f323524\" data-element_type=\"container\" data-e-type=\"container\">\n\t\t\t\t<div class=\"elementor-element elementor-element-fd59215 elementor-widget elementor-widget-text-editor\" data-id=\"fd59215\" data-element_type=\"widget\" data-e-type=\"widget\" data-settings=\"{&quot;htmega_fe&quot;:&quot;no&quot;}\" data-widget_type=\"text-editor.default\">\n\t\t\t\t<div class=\"elementor-widget-container\">\n\t\t\t\t\t\t\t\t\t<p>Responsabilidade e entrega<\/p>\t\t\t\t\t\t\t\t<\/div>\n\t\t\t\t<\/div>\n\t\t\t\t<div class=\"elementor-element elementor-element-f3f775f elementor-widget-divider--view-line elementor-widget elementor-widget-divider\" data-id=\"f3f775f\" data-element_type=\"widget\" data-e-type=\"widget\" data-settings=\"{&quot;htmega_fe&quot;:&quot;no&quot;}\" data-widget_type=\"divider.default\">\n\t\t\t\t<div class=\"elementor-widget-container\">\n\t\t\t\t\t\t\t<div class=\"elementor-divider\">\n\t\t\t<span class=\"elementor-divider-separator\">\n\t\t\t\t\t\t<\/span>\n\t\t<\/div>\n\t\t\t\t\t\t<\/div>\n\t\t\t\t<\/div>\n\t\t\t\t<div class=\"elementor-element elementor-element-167a1e3 elementor-widget elementor-widget-text-editor\" data-id=\"167a1e3\" data-element_type=\"widget\" data-e-type=\"widget\" data-settings=\"{&quot;htmega_fe&quot;:&quot;no&quot;}\" data-widget_type=\"text-editor.default\">\n\t\t\t\t<div class=\"elementor-widget-container\">\n\t\t\t\t\t\t\t\t\t<p data-start=\"2364\" data-end=\"2622\">Esforz\u00e1monos por garantir que o teu pedido chegue en perfectas condici\u00f3ns e a tempo. Non obstante, unha vez que o paquete se entrega \u00e1 empresa de mensaxer\u00eda, a responsabilidade da entrega e o transporte pasa a ser da empresa de mensaxer\u00eda.<\/p><p data-start=\"2624\" data-end=\"2735\">Se tes alg\u00fan problema coa entrega, non dubides en contactar connosco para que poidamos axudarche a resolvelo.<\/p>\t\t\t\t\t\t\t\t<\/div>\n\t\t\t\t<\/div>\n\t\t\t\t<\/div>\n\t\t\t\t<\/div>\n\t\t\t\t<\/div>\n\t\t\t\t<\/div>\n\t\t\t\t<\/div>","protected":false},"excerpt":{"rendered":"<p>Pol\u00edtica de Env\u00edos Procesamiento de pedidos Todos los pedidos recibidos antes de las 14:00 horas (CET) ser\u00e1n procesados y preparados para env\u00edo el mismo d\u00eda laborable.Los pedidos realizados despu\u00e9s de esa hora se gestionar\u00e1n el siguiente d\u00eda laborable. En caso de que haya alg\u00fan retraso o incidencia, te informaremos por correo electr\u00f3nico facilit\u00e1ndote una fecha [&hellip;]<\/p>\n","protected":false},"author":1,"featured_media":0,"parent":0,"menu_order":14,"comment_status":"closed","ping_status":"closed","template":"","meta":{"_acf_changed":false,"_cloudinary_featured_overwrite":false,"footnotes":""},"class_list":["post-1938","page","type-page","status-publish","hentry"],"acf":[],"yoast_head":"<!-- This site is optimized with the Yoast SEO plugin v27.6 - https:\/\/yoast.com\/product\/yoast-seo-wordpress\/ -->\n<title>Env\u00edos G\u00e1liva \u2013 Zonas, Costes y Plazos<\/title>\n<meta name=\"description\" content=\"Informaci\u00f3n sobre env\u00edos G\u00e1liva: gastos, tiempos de entrega en Espa\u00f1a, UE y resto del mundo, seguimiento, impuestos y responsabilidad para compras online.\" \/>\n<meta name=\"robots\" content=\"noindex, nofollow\" \/>\n<meta property=\"og:locale\" content=\"gl_ES\" \/>\n<meta property=\"og:type\" content=\"article\" \/>\n<meta property=\"og:title\" content=\"Env\u00edos G\u00e1liva \u2013 Zonas, Costes y Plazos\" \/>\n<meta property=\"og:description\" content=\"Informaci\u00f3n sobre env\u00edos G\u00e1liva: gastos, tiempos de entrega en Espa\u00f1a, UE y resto del mundo, seguimiento, impuestos y responsabilidad para compras online.\" \/>\n<meta property=\"og:url\" content=\"https:\/\/galiva.es\/gl\/politica-de-envios\/\" \/>\n<meta property=\"og:site_name\" content=\"G\u00e1liva\" \/>\n<meta property=\"article:modified_time\" content=\"2025-06-22T14:34:36+00:00\" \/>\n<meta property=\"og:image\" content=\"https:\/\/galiva.es\/wp-content\/uploads\/2025\/03\/Favicon_Galiva.png\" \/>\n\t<meta property=\"og:image:width\" content=\"1\" \/>\n\t<meta property=\"og:image:height\" content=\"1\" \/>\n\t<meta property=\"og:image:type\" content=\"image\/png\" \/>\n<meta name=\"twitter:card\" content=\"summary_large_image\" \/>\n<meta name=\"twitter:label1\" content=\"Tempo de lectura\" \/>\n\t<meta name=\"twitter:data1\" content=\"2 minutos\" \/>\n<script type=\"application\/ld+json\" class=\"yoast-schema-graph\">{\"@context\":\"https:\\\/\\\/schema.org\",\"@graph\":[{\"@type\":\"WebPage\",\"@id\":\"https:\\\/\\\/galiva.es\\\/politica-de-envios\\\/\",\"url\":\"https:\\\/\\\/galiva.es\\\/politica-de-envios\\\/\",\"name\":\"Env\u00edos G\u00e1liva \u2013 Zonas, Costes y Plazos\",\"isPartOf\":{\"@id\":\"https:\\\/\\\/galiva.es\\\/#website\"},\"datePublished\":\"2025-06-05T18:50:44+00:00\",\"dateModified\":\"2025-06-22T14:34:36+00:00\",\"description\":\"Informaci\u00f3n sobre env\u00edos G\u00e1liva: gastos, tiempos de entrega en Espa\u00f1a, UE y resto del mundo, seguimiento, impuestos y responsabilidad para compras online.\",\"breadcrumb\":{\"@id\":\"https:\\\/\\\/galiva.es\\\/politica-de-envios\\\/#breadcrumb\"},\"inLanguage\":\"gl-ES\",\"potentialAction\":[{\"@type\":\"ReadAction\",\"target\":[\"https:\\\/\\\/galiva.es\\\/politica-de-envios\\\/\"]}]},{\"@type\":\"BreadcrumbList\",\"@id\":\"https:\\\/\\\/galiva.es\\\/politica-de-envios\\\/#breadcrumb\",\"itemListElement\":[{\"@type\":\"ListItem\",\"position\":1,\"name\":\"Home\",\"item\":\"https:\\\/\\\/galiva.es\\\/\"},{\"@type\":\"ListItem\",\"position\":2,\"name\":\"Pol\u00edtica de Env\u00edos\"}]},{\"@type\":\"WebSite\",\"@id\":\"https:\\\/\\\/galiva.es\\\/#website\",\"url\":\"https:\\\/\\\/galiva.es\\\/\",\"name\":\"G\u00e1liva\",\"description\":\"Joyer\u00eda con alma y tradici\u00f3n gallega\",\"publisher\":{\"@id\":\"https:\\\/\\\/galiva.es\\\/#organization\"},\"alternateName\":\"G\u00e1liva\",\"potentialAction\":[{\"@type\":\"SearchAction\",\"target\":{\"@type\":\"EntryPoint\",\"urlTemplate\":\"https:\\\/\\\/galiva.es\\\/?s={search_term_string}\"},\"query-input\":{\"@type\":\"PropertyValueSpecification\",\"valueRequired\":true,\"valueName\":\"search_term_string\"}}],\"inLanguage\":\"gl-ES\"},{\"@type\":\"Organization\",\"@id\":\"https:\\\/\\\/galiva.es\\\/#organization\",\"name\":\"G\u00e1liva\",\"alternateName\":\"G\u00e1liva\",\"url\":\"https:\\\/\\\/galiva.es\\\/\",\"logo\":{\"@type\":\"ImageObject\",\"inLanguage\":\"gl-ES\",\"@id\":\"https:\\\/\\\/galiva.es\\\/#\\\/schema\\\/logo\\\/image\\\/\",\"url\":\"https:\\\/\\\/galiva.es\\\/wp-content\\\/uploads\\\/Logotipo_Galiva.png\",\"contentUrl\":\"https:\\\/\\\/galiva.es\\\/wp-content\\\/uploads\\\/Logotipo_Galiva.png\",\"width\":1000,\"height\":500,\"caption\":\"G\u00e1liva\"},\"image\":{\"@id\":\"https:\\\/\\\/galiva.es\\\/#\\\/schema\\\/logo\\\/image\\\/\"},\"sameAs\":[\"https:\\\/\\\/www.linkedin.com\\\/in\\\/graphicdesigner-laurapreznavarro\\\/\",\"https:\\\/\\\/www.instagram.com\\\/soylucina\\\/\"]}]}<\/script>\n<!-- \/ Yoast SEO plugin. -->","yoast_head_json":{"title":"Env\u00edos G\u00e1liva \u2013 Zonas, Costes y Plazos","description":"Informaci\u00f3n sobre env\u00edos G\u00e1liva: gastos, tiempos de entrega en Espa\u00f1a, UE y resto del mundo, seguimiento, impuestos y responsabilidad para compras online.","robots":{"index":"noindex","follow":"nofollow"},"og_locale":"gl_ES","og_type":"article","og_title":"Env\u00edos G\u00e1liva \u2013 Zonas, Costes y Plazos","og_description":"Informaci\u00f3n sobre env\u00edos G\u00e1liva: gastos, tiempos de entrega en Espa\u00f1a, UE y resto del mundo, seguimiento, impuestos y responsabilidad para compras online.","og_url":"https:\/\/galiva.es\/gl\/politica-de-envios\/","og_site_name":"G\u00e1liva","article_modified_time":"2025-06-22T14:34:36+00:00","og_image":[{"url":"https:\/\/galiva.es\/wp-content\/uploads\/2025\/03\/Favicon_Galiva.png","width":1,"height":1,"type":"image\/png"}],"twitter_card":"summary_large_image","twitter_misc":{"Tempo de lectura":"2 minutos"},"schema":{"@context":"https:\/\/schema.org","@graph":[{"@type":"WebPage","@id":"https:\/\/galiva.es\/politica-de-envios\/","url":"https:\/\/galiva.es\/politica-de-envios\/","name":"Env\u00edos G\u00e1liva \u2013 Zonas, Costes y Plazos","isPartOf":{"@id":"https:\/\/galiva.es\/#website"},"datePublished":"2025-06-05T18:50:44+00:00","dateModified":"2025-06-22T14:34:36+00:00","description":"Informaci\u00f3n sobre env\u00edos G\u00e1liva: gastos, tiempos de entrega en Espa\u00f1a, UE y resto del mundo, seguimiento, impuestos y responsabilidad para compras online.","breadcrumb":{"@id":"https:\/\/galiva.es\/politica-de-envios\/#breadcrumb"},"inLanguage":"gl-ES","potentialAction":[{"@type":"ReadAction","target":["https:\/\/galiva.es\/politica-de-envios\/"]}]},{"@type":"BreadcrumbList","@id":"https:\/\/galiva.es\/politica-de-envios\/#breadcrumb","itemListElement":[{"@type":"ListItem","position":1,"name":"Home","item":"https:\/\/galiva.es\/"},{"@type":"ListItem","position":2,"name":"Pol\u00edtica de Env\u00edos"}]},{"@type":"WebSite","@id":"https:\/\/galiva.es\/#website","url":"https:\/\/galiva.es\/","name":"G\u00e1liva","description":"Joyer\u00eda con alma y tradici\u00f3n gallega","publisher":{"@id":"https:\/\/galiva.es\/#organization"},"alternateName":"G\u00e1liva","potentialAction":[{"@type":"SearchAction","target":{"@type":"EntryPoint","urlTemplate":"https:\/\/galiva.es\/?s={search_term_string}"},"query-input":{"@type":"PropertyValueSpecification","valueRequired":true,"valueName":"search_term_string"}}],"inLanguage":"gl-ES"},{"@type":"Organization","@id":"https:\/\/galiva.es\/#organization","name":"G\u00e1liva","alternateName":"G\u00e1liva","url":"https:\/\/galiva.es\/","logo":{"@type":"ImageObject","inLanguage":"gl-ES","@id":"https:\/\/galiva.es\/#\/schema\/logo\/image\/","url":"https:\/\/galiva.es\/wp-content\/uploads\/Logotipo_Galiva.png","contentUrl":"https:\/\/galiva.es\/wp-content\/uploads\/Logotipo_Galiva.png","width":1000,"height":500,"caption":"G\u00e1liva"},"image":{"@id":"https:\/\/galiva.es\/#\/schema\/logo\/image\/"},"sameAs":["https:\/\/www.linkedin.com\/in\/graphicdesigner-laurapreznavarro\/","https:\/\/www.instagram.com\/soylucina\/"]}]}},"_links":{"self":[{"href":"https:\/\/galiva.es\/gl\/wp-json\/wp\/v2\/pages\/1938","targetHints":{"allow":["GET"]}}],"collection":[{"href":"https:\/\/galiva.es\/gl\/wp-json\/wp\/v2\/pages"}],"about":[{"href":"https:\/\/galiva.es\/gl\/wp-json\/wp\/v2\/types\/page"}],"author":[{"embeddable":true,"href":"https:\/\/galiva.es\/gl\/wp-json\/wp\/v2\/users\/1"}],"replies":[{"embeddable":true,"href":"https:\/\/galiva.es\/gl\/wp-json\/wp\/v2\/comments?post=1938"}],"version-history":[{"count":0,"href":"https:\/\/galiva.es\/gl\/wp-json\/wp\/v2\/pages\/1938\/revisions"}],"wp:attachment":[{"href":"https:\/\/galiva.es\/gl\/wp-json\/wp\/v2\/media?parent=1938"}],"curies":[{"name":"wp","href":"https:\/\/api.w.org\/{rel}","templated":true}]}}