{"id":1940,"date":"2025-06-05T18:51:17","date_gmt":"2025-06-05T18:51:17","guid":{"rendered":"https:\/\/lightblue-oryx-923194.hostingersite.com\/?page_id=1940"},"modified":"2025-11-07T18:40:50","modified_gmt":"2025-11-07T17:40:50","slug":"politica-de-reembolso","status":"publish","type":"page","link":"https:\/\/galiva.es\/gl\/politica-de-reembolso\/","title":{"rendered":"Pol\u00edtica de reembolso"},"content":{"rendered":"<div data-elementor-type=\"wp-page\" data-elementor-id=\"1940\" class=\"elementor elementor-1940\" data-elementor-post-type=\"page\">\n\t\t\t\t<div class=\"elementor-element elementor-element-19772f3 e-con-full e-flex e-con e-parent\" data-id=\"19772f3\" data-element_type=\"container\" data-e-type=\"container\">\n\t\t<div class=\"elementor-element elementor-element-20b40b3 e-con-full e-flex e-con e-child\" data-id=\"20b40b3\" data-element_type=\"container\" data-e-type=\"container\">\n\t\t\t\t<div class=\"elementor-element elementor-element-2d31d42 elementor-widget elementor-widget-heading\" data-id=\"2d31d42\" data-element_type=\"widget\" data-e-type=\"widget\" data-settings=\"{&quot;htmega_fe&quot;:&quot;no&quot;}\" data-widget_type=\"heading.default\">\n\t\t\t\t<div class=\"elementor-widget-container\">\n\t\t\t\t\t<h4 class=\"elementor-heading-title elementor-size-default\">Pol\u00edtica de reembolso<\/h4>\t\t\t\t<\/div>\n\t\t\t\t<\/div>\n\t\t\t\t<\/div>\n\t\t<div class=\"elementor-element elementor-element-a33e635 e-grid e-con-full e-con e-child\" data-id=\"a33e635\" data-element_type=\"container\" data-e-type=\"container\">\n\t\t<div class=\"elementor-element elementor-element-c3ed7c9 e-con-full e-flex e-con e-child\" data-id=\"c3ed7c9\" data-element_type=\"container\" data-e-type=\"container\">\n\t\t<div class=\"elementor-element elementor-element-48dc603 e-con-full e-flex e-con e-child\" data-id=\"48dc603\" data-element_type=\"container\" data-e-type=\"container\">\n\t\t\t\t<div class=\"elementor-element elementor-element-c013ccc elementor-widget elementor-widget-text-editor\" data-id=\"c013ccc\" data-element_type=\"widget\" data-e-type=\"widget\" data-settings=\"{&quot;htmega_fe&quot;:&quot;no&quot;}\" data-widget_type=\"text-editor.default\">\n\t\t\t\t<div class=\"elementor-widget-container\">\n\t\t\t\t\t\t\t\t\t<p>Dereito de retirada (devoluci\u00f3n)<\/p>\t\t\t\t\t\t\t\t<\/div>\n\t\t\t\t<\/div>\n\t\t\t\t<div class=\"elementor-element elementor-element-75269df elementor-widget-divider--view-line elementor-widget elementor-widget-divider\" data-id=\"75269df\" data-element_type=\"widget\" data-e-type=\"widget\" data-settings=\"{&quot;htmega_fe&quot;:&quot;no&quot;}\" data-widget_type=\"divider.default\">\n\t\t\t\t<div class=\"elementor-widget-container\">\n\t\t\t\t\t\t\t<div class=\"elementor-divider\">\n\t\t\t<span class=\"elementor-divider-separator\">\n\t\t\t\t\t\t<\/span>\n\t\t<\/div>\n\t\t\t\t\t\t<\/div>\n\t\t\t\t<\/div>\n\t\t\t\t<div class=\"elementor-element elementor-element-7950a19 elementor-widget elementor-widget-text-editor\" data-id=\"7950a19\" data-element_type=\"widget\" data-e-type=\"widget\" data-settings=\"{&quot;htmega_fe&quot;:&quot;no&quot;}\" data-widget_type=\"text-editor.default\">\n\t\t\t\t<div class=\"elementor-widget-container\">\n\t\t\t\t\t\t\t\t\t<p data-start=\"370\" data-end=\"549\">Se non est\u00e1 satisfeito coa s\u00faa compra, pode devolvela dentro do prazo legal de 15 d\u00edas naturais desde a data de recepci\u00f3n, sen necesidade de xustificar o motivo.<\/p><p data-start=\"551\" data-end=\"753\">Para aceptar unha devoluci\u00f3n, o artigo debe estar en perfecto estado, sen sinais de uso, na s\u00faa embalaxe orixinal e debidamente protexido. Non se aceptar\u00e1n produtos danados, usados \u200b\u200bou manipulados.<\/p><p data-start=\"755\" data-end=\"900\">O cliente \u00e9 responsable dos custos de env\u00edo da devoluci\u00f3n. Recomendamos usar un m\u00e9todo de env\u00edo con seguimento para garantir a entrega correcta.<\/p><p data-start=\"902\" data-end=\"1141\">Unha vez que recibamos o produto e verifiquemos o seu estado, emitiremos un reembolso nun prazo de 2 a 3 d\u00edas h\u00e1biles, utilizando o mesmo m\u00e9todo de pagamento empregado para a compra. Non se reembolsar\u00e1n os custos de env\u00edo orixinais.<\/p><p data-start=\"902\" data-end=\"1141\">Custos asociados: Para as devoluci\u00f3ns por desistimento, o cliente asumir\u00e1 o custo directo dos env\u00edos da devoluci\u00f3n. Non se reembolsar\u00e1n os custos de env\u00edo orixinais do pedido.<\/p>\t\t\t\t\t\t\t\t<\/div>\n\t\t\t\t<\/div>\n\t\t\t\t<\/div>\n\t\t<div class=\"elementor-element elementor-element-bc278c6 e-con-full e-flex e-con e-child\" data-id=\"bc278c6\" data-element_type=\"container\" data-e-type=\"container\">\n\t\t\t\t<div class=\"elementor-element elementor-element-ba0b001 elementor-widget elementor-widget-text-editor\" data-id=\"ba0b001\" data-element_type=\"widget\" data-e-type=\"widget\" data-settings=\"{&quot;htmega_fe&quot;:&quot;no&quot;}\" data-widget_type=\"text-editor.default\">\n\t\t\t\t<div class=\"elementor-widget-container\">\n\t\t\t\t\t\t\t\t\t<p>Produtos defectuosos ou danados<\/p>\t\t\t\t\t\t\t\t<\/div>\n\t\t\t\t<\/div>\n\t\t\t\t<div class=\"elementor-element elementor-element-875b410 elementor-widget-divider--view-line elementor-widget elementor-widget-divider\" data-id=\"875b410\" data-element_type=\"widget\" data-e-type=\"widget\" data-settings=\"{&quot;htmega_fe&quot;:&quot;no&quot;}\" data-widget_type=\"divider.default\">\n\t\t\t\t<div class=\"elementor-widget-container\">\n\t\t\t\t\t\t\t<div class=\"elementor-divider\">\n\t\t\t<span class=\"elementor-divider-separator\">\n\t\t\t\t\t\t<\/span>\n\t\t<\/div>\n\t\t\t\t\t\t<\/div>\n\t\t\t\t<\/div>\n\t\t\t\t<div class=\"elementor-element elementor-element-a6fcab3 elementor-widget elementor-widget-text-editor\" data-id=\"a6fcab3\" data-element_type=\"widget\" data-e-type=\"widget\" data-settings=\"{&quot;htmega_fe&quot;:&quot;no&quot;}\" data-widget_type=\"text-editor.default\">\n\t\t\t\t<div class=\"elementor-widget-container\">\n\t\t\t\t\t\t\t\t\t<p data-start=\"1188\" data-end=\"1380\">Se o produto chega danado ou defectuoso, p\u00f3\u00f1ase en contacto connosco dentro das 48 horas posteriores \u00e1 recepci\u00f3n do pedido, adxuntando fotos do estado do paquete e do artigo.<\/p><p data-start=\"1382\" data-end=\"1466\">Nestes casos, cubriremos os custos de devoluci\u00f3n e reenv\u00edo.<\/p>\t\t\t\t\t\t\t\t<\/div>\n\t\t\t\t<\/div>\n\t\t\t\t<\/div>\n\t\t<div class=\"elementor-element elementor-element-5b6c300 e-con-full e-flex e-con e-child\" data-id=\"5b6c300\" data-element_type=\"container\" data-e-type=\"container\">\n\t\t\t\t<div class=\"elementor-element elementor-element-2610e72 elementor-widget elementor-widget-text-editor\" data-id=\"2610e72\" data-element_type=\"widget\" data-e-type=\"widget\" data-settings=\"{&quot;htmega_fe&quot;:&quot;no&quot;}\" data-widget_type=\"text-editor.default\">\n\t\t\t\t<div class=\"elementor-widget-container\">\n\t\t\t\t\t\t\t\t\t<p>Cambios<\/p>\t\t\t\t\t\t\t\t<\/div>\n\t\t\t\t<\/div>\n\t\t\t\t<div class=\"elementor-element elementor-element-7e8cf00 elementor-widget-divider--view-line elementor-widget elementor-widget-divider\" data-id=\"7e8cf00\" data-element_type=\"widget\" data-e-type=\"widget\" data-settings=\"{&quot;htmega_fe&quot;:&quot;no&quot;}\" data-widget_type=\"divider.default\">\n\t\t\t\t<div class=\"elementor-widget-container\">\n\t\t\t\t\t\t\t<div class=\"elementor-divider\">\n\t\t\t<span class=\"elementor-divider-separator\">\n\t\t\t\t\t\t<\/span>\n\t\t<\/div>\n\t\t\t\t\t\t<\/div>\n\t\t\t\t<\/div>\n\t\t\t\t<div class=\"elementor-element elementor-element-bc0803c elementor-widget elementor-widget-text-editor\" data-id=\"bc0803c\" data-element_type=\"widget\" data-e-type=\"widget\" data-settings=\"{&quot;htmega_fe&quot;:&quot;no&quot;}\" data-widget_type=\"text-editor.default\">\n\t\t\t\t<div class=\"elementor-widget-container\">\n\t\t\t\t\t\t\t\t\t<p data-start=\"1439\" data-end=\"1557\">Actualmente non ofrecemos trocos directos de produtos. Se queres un artigo novo (por exemplo, unha talla ou un modelo diferente), ter\u00e1s que devolver o produto orixinal e realizar un novo pedido.<\/p>\t\t\t\t\t\t\t\t<\/div>\n\t\t\t\t<\/div>\n\t\t\t\t<\/div>\n\t\t\t\t<\/div>\n\t\t<div class=\"elementor-element elementor-element-455ee09 e-con-full e-flex e-con e-child\" data-id=\"455ee09\" data-element_type=\"container\" data-e-type=\"container\">\n\t\t<div class=\"elementor-element elementor-element-5c46b4c e-con-full e-flex e-con e-child\" data-id=\"5c46b4c\" data-element_type=\"container\" data-e-type=\"container\">\n\t\t\t\t<div class=\"elementor-element elementor-element-8a63cd2 elementor-widget elementor-widget-text-editor\" data-id=\"8a63cd2\" data-element_type=\"widget\" data-e-type=\"widget\" data-settings=\"{&quot;htmega_fe&quot;:&quot;no&quot;}\" data-widget_type=\"text-editor.default\">\n\t\t\t\t<div class=\"elementor-widget-container\">\n\t\t\t\t\t\t\t\t\t<p>Exclusi\u00f3ns do dereito de devoluci\u00f3n<\/p>\t\t\t\t\t\t\t\t<\/div>\n\t\t\t\t<\/div>\n\t\t\t\t<div class=\"elementor-element elementor-element-b821a0d elementor-widget-divider--view-line elementor-widget elementor-widget-divider\" data-id=\"b821a0d\" data-element_type=\"widget\" data-e-type=\"widget\" data-settings=\"{&quot;htmega_fe&quot;:&quot;no&quot;}\" data-widget_type=\"divider.default\">\n\t\t\t\t<div class=\"elementor-widget-container\">\n\t\t\t\t\t\t\t<div class=\"elementor-divider\">\n\t\t\t<span class=\"elementor-divider-separator\">\n\t\t\t\t\t\t<\/span>\n\t\t<\/div>\n\t\t\t\t\t\t<\/div>\n\t\t\t\t<\/div>\n\t\t\t\t<div class=\"elementor-element elementor-element-0e551a7 elementor-widget elementor-widget-text-editor\" data-id=\"0e551a7\" data-element_type=\"widget\" data-e-type=\"widget\" data-settings=\"{&quot;htmega_fe&quot;:&quot;no&quot;}\" data-widget_type=\"text-editor.default\">\n\t\t\t\t<div class=\"elementor-widget-container\">\n\t\t\t\t\t\t\t\t\t<p data-start=\"1510\" data-end=\"1554\">Non se aceptar\u00e1n devoluci\u00f3ns de produtos personalizados ou feitos \u00e1 medida, de acordo coa normativa vixente (art. 103 da Lei Xeral para a Defensa dos Consumidores e Usuarios).<\/p>\t\t\t\t\t\t\t\t<\/div>\n\t\t\t\t<\/div>\n\t\t\t\t<\/div>\n\t\t<div class=\"elementor-element elementor-element-765ab95 e-con-full e-flex e-con e-child\" data-id=\"765ab95\" data-element_type=\"container\" data-e-type=\"container\">\n\t\t\t\t<div class=\"elementor-element elementor-element-31fe8a7 elementor-widget elementor-widget-text-editor\" data-id=\"31fe8a7\" data-element_type=\"widget\" data-e-type=\"widget\" data-settings=\"{&quot;htmega_fe&quot;:&quot;no&quot;}\" data-widget_type=\"text-editor.default\">\n\t\t\t\t<div class=\"elementor-widget-container\">\n\t\t\t\t\t\t\t\t\t<p>Como solicitar un reembolso?<\/p>\t\t\t\t\t\t\t\t<\/div>\n\t\t\t\t<\/div>\n\t\t\t\t<div class=\"elementor-element elementor-element-1feaf4b elementor-widget-divider--view-line elementor-widget elementor-widget-divider\" data-id=\"1feaf4b\" data-element_type=\"widget\" data-e-type=\"widget\" data-settings=\"{&quot;htmega_fe&quot;:&quot;no&quot;}\" data-widget_type=\"divider.default\">\n\t\t\t\t<div class=\"elementor-widget-container\">\n\t\t\t\t\t\t\t<div class=\"elementor-divider\">\n\t\t\t<span class=\"elementor-divider-separator\">\n\t\t\t\t\t\t<\/span>\n\t\t<\/div>\n\t\t\t\t\t\t<\/div>\n\t\t\t\t<\/div>\n\t\t\t\t<div class=\"elementor-element elementor-element-b1d9713 elementor-widget elementor-widget-text-editor\" data-id=\"b1d9713\" data-element_type=\"widget\" data-e-type=\"widget\" data-settings=\"{&quot;htmega_fe&quot;:&quot;no&quot;}\" data-widget_type=\"text-editor.default\">\n\t\t\t\t<div class=\"elementor-widget-container\">\n\t\t\t\t\t\t\t\t\t<ul><li data-start=\"1981\" data-end=\"2080\"><p data-start=\"1984\" data-end=\"2080\">Solicita la devoluci\u00f3n desde el apartado <em>Ordes<\/em> de tu cuenta G\u00e1liva, o bien escr\u00edbenos a laura@galiva.es indicando tu n\u00famero de pedido y motivo de la devoluci\u00f3n.<\/p><\/li><li data-start=\"2081\" data-end=\"2152\"><p data-start=\"2084\" data-end=\"2152\">Proporcionar\u00e9mosche o enderezo de env\u00edo e as instruci\u00f3ns necesarias.<\/p><\/li><li data-start=\"2153\" data-end=\"2277\"><p data-start=\"2156\" data-end=\"2277\">Empaqueta el art\u00edculo adecuadamente (recomendamos reutilizar el envoltorio original) y realiza el env\u00edo por el m\u00e9todo que prefieras.<\/p><\/li><li data-start=\"2278\" data-end=\"2383\"><p data-start=\"2281\" data-end=\"2383\">Unha vez que o recibamos e verifiquemos o seu estado, confirmar\u00e9molo por correo electr\u00f3nico e procederemos co reembolso.<\/p><\/li><\/ul>\t\t\t\t\t\t\t\t<\/div>\n\t\t\t\t<\/div>\n\t\t\t\t<\/div>\n\t\t<div class=\"elementor-element elementor-element-d812b8a e-con-full e-flex e-con e-child\" data-id=\"d812b8a\" data-element_type=\"container\" data-e-type=\"container\">\n\t\t\t\t<div class=\"elementor-element elementor-element-0376e33 elementor-widget elementor-widget-text-editor\" data-id=\"0376e33\" data-element_type=\"widget\" data-e-type=\"widget\" data-settings=\"{&quot;htmega_fe&quot;:&quot;no&quot;}\" data-widget_type=\"text-editor.default\">\n\t\t\t\t<div class=\"elementor-widget-container\">\n\t\t\t\t\t\t\t\t\t<p>Contacto<\/p>\t\t\t\t\t\t\t\t<\/div>\n\t\t\t\t<\/div>\n\t\t\t\t<div class=\"elementor-element elementor-element-822036b elementor-widget-divider--view-line elementor-widget elementor-widget-divider\" data-id=\"822036b\" data-element_type=\"widget\" data-e-type=\"widget\" data-settings=\"{&quot;htmega_fe&quot;:&quot;no&quot;}\" data-widget_type=\"divider.default\">\n\t\t\t\t<div class=\"elementor-widget-container\">\n\t\t\t\t\t\t\t<div class=\"elementor-divider\">\n\t\t\t<span class=\"elementor-divider-separator\">\n\t\t\t\t\t\t<\/span>\n\t\t<\/div>\n\t\t\t\t\t\t<\/div>\n\t\t\t\t<\/div>\n\t\t\t\t<div class=\"elementor-element elementor-element-1a17593 elementor-widget elementor-widget-text-editor\" data-id=\"1a17593\" data-element_type=\"widget\" data-e-type=\"widget\" data-settings=\"{&quot;htmega_fe&quot;:&quot;no&quot;}\" data-widget_type=\"text-editor.default\">\n\t\t\t\t<div class=\"elementor-widget-container\">\n\t\t\t\t\t\t\t\t\t<p data-start=\"1984\" data-end=\"2080\">Se tes algunha d\u00fabida, podes escribirnos a <em>laura@galiva.es<\/em>\u00a0ou chamarnos \u00f3 <em>653 299 713<\/em>.<\/p>\t\t\t\t\t\t\t\t<\/div>\n\t\t\t\t<\/div>\n\t\t\t\t<\/div>\n\t\t\t\t<\/div>\n\t\t\t\t<\/div>\n\t\t\t\t<\/div>\n\t\t\t\t<\/div>","protected":false},"excerpt":{"rendered":"<p>Pol\u00edtica de Reembolso Derecho de desistimiento (devoluci\u00f3n) Si no est\u00e1s satisfecha con tu compra, puedes devolver tu pedido dentro del plazo legal de 15 d\u00edas naturales desde la fecha de recepci\u00f3n, sin necesidad de justificar el motivo. Para aceptar la devoluci\u00f3n, el art\u00edculo debe estar en perfecto estado, sin signos de uso, con su embalaje [&hellip;]<\/p>\n","protected":false},"author":1,"featured_media":0,"parent":0,"menu_order":15,"comment_status":"closed","ping_status":"closed","template":"","meta":{"_acf_changed":false,"_cloudinary_featured_overwrite":false,"footnotes":""},"class_list":["post-1940","page","type-page","status-publish","hentry"],"acf":[],"yoast_head":"<!-- This site is optimized with the Yoast SEO plugin v27.6 - https:\/\/yoast.com\/product\/yoast-seo-wordpress\/ -->\n<title>Pol\u00edtica de Reembolso G\u00e1liva \u2013 Cambios y Devoluciones<\/title>\n<meta name=\"description\" content=\"Conoce nuestra pol\u00edtica de reembolso y cambios: 15 d\u00edas naturales, condiciones, proceso, y garant\u00eda para joyas PLA. Transparencia, seguridad y confianza para tu compra.\" \/>\n<meta name=\"robots\" content=\"noindex, nofollow\" \/>\n<meta property=\"og:locale\" content=\"gl_ES\" \/>\n<meta property=\"og:type\" content=\"article\" \/>\n<meta property=\"og:title\" content=\"Pol\u00edtica de Reembolso G\u00e1liva \u2013 Cambios y Devoluciones\" \/>\n<meta property=\"og:description\" content=\"Conoce nuestra pol\u00edtica de reembolso y cambios: 15 d\u00edas naturales, condiciones, proceso, y garant\u00eda para joyas PLA. Transparencia, seguridad y confianza para tu compra.\" \/>\n<meta property=\"og:url\" content=\"https:\/\/galiva.es\/gl\/politica-de-reembolso\/\" \/>\n<meta property=\"og:site_name\" content=\"G\u00e1liva\" \/>\n<meta property=\"article:modified_time\" content=\"2025-11-07T17:40:50+00:00\" \/>\n<meta name=\"twitter:card\" content=\"summary_large_image\" \/>\n<meta name=\"twitter:label1\" content=\"Tempo de lectura\" \/>\n\t<meta name=\"twitter:data1\" content=\"2 minutos\" \/>\n<script type=\"application\/ld+json\" class=\"yoast-schema-graph\">{\"@context\":\"https:\\\/\\\/schema.org\",\"@graph\":[{\"@type\":\"WebPage\",\"@id\":\"https:\\\/\\\/galiva.es\\\/politica-de-reembolso\\\/\",\"url\":\"https:\\\/\\\/galiva.es\\\/politica-de-reembolso\\\/\",\"name\":\"Pol\u00edtica de Reembolso G\u00e1liva \u2013 Cambios y Devoluciones\",\"isPartOf\":{\"@id\":\"https:\\\/\\\/galiva.es\\\/#website\"},\"datePublished\":\"2025-06-05T18:51:17+00:00\",\"dateModified\":\"2025-11-07T17:40:50+00:00\",\"description\":\"Conoce nuestra pol\u00edtica de reembolso y cambios: 15 d\u00edas naturales, condiciones, proceso, y garant\u00eda para joyas PLA. Transparencia, seguridad y confianza para tu compra.\",\"breadcrumb\":{\"@id\":\"https:\\\/\\\/galiva.es\\\/politica-de-reembolso\\\/#breadcrumb\"},\"inLanguage\":\"gl-ES\",\"potentialAction\":[{\"@type\":\"ReadAction\",\"target\":[\"https:\\\/\\\/galiva.es\\\/politica-de-reembolso\\\/\"]}]},{\"@type\":\"BreadcrumbList\",\"@id\":\"https:\\\/\\\/galiva.es\\\/politica-de-reembolso\\\/#breadcrumb\",\"itemListElement\":[{\"@type\":\"ListItem\",\"position\":1,\"name\":\"Home\",\"item\":\"https:\\\/\\\/galiva.es\\\/\"},{\"@type\":\"ListItem\",\"position\":2,\"name\":\"Pol\u00edtica de Reembolso\"}]},{\"@type\":\"WebSite\",\"@id\":\"https:\\\/\\\/galiva.es\\\/#website\",\"url\":\"https:\\\/\\\/galiva.es\\\/\",\"name\":\"G\u00e1liva\",\"description\":\"Joyer\u00eda con alma y tradici\u00f3n gallega\",\"publisher\":{\"@id\":\"https:\\\/\\\/galiva.es\\\/#organization\"},\"alternateName\":\"G\u00e1liva\",\"potentialAction\":[{\"@type\":\"SearchAction\",\"target\":{\"@type\":\"EntryPoint\",\"urlTemplate\":\"https:\\\/\\\/galiva.es\\\/?s={search_term_string}\"},\"query-input\":{\"@type\":\"PropertyValueSpecification\",\"valueRequired\":true,\"valueName\":\"search_term_string\"}}],\"inLanguage\":\"gl-ES\"},{\"@type\":\"Organization\",\"@id\":\"https:\\\/\\\/galiva.es\\\/#organization\",\"name\":\"G\u00e1liva\",\"alternateName\":\"G\u00e1liva\",\"url\":\"https:\\\/\\\/galiva.es\\\/\",\"logo\":{\"@type\":\"ImageObject\",\"inLanguage\":\"gl-ES\",\"@id\":\"https:\\\/\\\/galiva.es\\\/#\\\/schema\\\/logo\\\/image\\\/\",\"url\":\"https:\\\/\\\/galiva.es\\\/wp-content\\\/uploads\\\/Logotipo_Galiva.png\",\"contentUrl\":\"https:\\\/\\\/galiva.es\\\/wp-content\\\/uploads\\\/Logotipo_Galiva.png\",\"width\":1000,\"height\":500,\"caption\":\"G\u00e1liva\"},\"image\":{\"@id\":\"https:\\\/\\\/galiva.es\\\/#\\\/schema\\\/logo\\\/image\\\/\"},\"sameAs\":[\"https:\\\/\\\/www.linkedin.com\\\/in\\\/graphicdesigner-laurapreznavarro\\\/\",\"https:\\\/\\\/www.instagram.com\\\/soylucina\\\/\"]}]}<\/script>\n<!-- \/ Yoast SEO plugin. -->","yoast_head_json":{"title":"Pol\u00edtica de Reembolso G\u00e1liva \u2013 Cambios y Devoluciones","description":"Conoce nuestra pol\u00edtica de reembolso y cambios: 15 d\u00edas naturales, condiciones, proceso, y garant\u00eda para joyas PLA. Transparencia, seguridad y confianza para tu compra.","robots":{"index":"noindex","follow":"nofollow"},"og_locale":"gl_ES","og_type":"article","og_title":"Pol\u00edtica de Reembolso G\u00e1liva \u2013 Cambios y Devoluciones","og_description":"Conoce nuestra pol\u00edtica de reembolso y cambios: 15 d\u00edas naturales, condiciones, proceso, y garant\u00eda para joyas PLA. Transparencia, seguridad y confianza para tu compra.","og_url":"https:\/\/galiva.es\/gl\/politica-de-reembolso\/","og_site_name":"G\u00e1liva","article_modified_time":"2025-11-07T17:40:50+00:00","twitter_card":"summary_large_image","twitter_misc":{"Tempo de lectura":"2 minutos"},"schema":{"@context":"https:\/\/schema.org","@graph":[{"@type":"WebPage","@id":"https:\/\/galiva.es\/politica-de-reembolso\/","url":"https:\/\/galiva.es\/politica-de-reembolso\/","name":"Pol\u00edtica de Reembolso G\u00e1liva \u2013 Cambios y Devoluciones","isPartOf":{"@id":"https:\/\/galiva.es\/#website"},"datePublished":"2025-06-05T18:51:17+00:00","dateModified":"2025-11-07T17:40:50+00:00","description":"Conoce nuestra pol\u00edtica de reembolso y cambios: 15 d\u00edas naturales, condiciones, proceso, y garant\u00eda para joyas PLA. Transparencia, seguridad y confianza para tu compra.","breadcrumb":{"@id":"https:\/\/galiva.es\/politica-de-reembolso\/#breadcrumb"},"inLanguage":"gl-ES","potentialAction":[{"@type":"ReadAction","target":["https:\/\/galiva.es\/politica-de-reembolso\/"]}]},{"@type":"BreadcrumbList","@id":"https:\/\/galiva.es\/politica-de-reembolso\/#breadcrumb","itemListElement":[{"@type":"ListItem","position":1,"name":"Home","item":"https:\/\/galiva.es\/"},{"@type":"ListItem","position":2,"name":"Pol\u00edtica de Reembolso"}]},{"@type":"WebSite","@id":"https:\/\/galiva.es\/#website","url":"https:\/\/galiva.es\/","name":"G\u00e1liva","description":"Joyer\u00eda con alma y tradici\u00f3n gallega","publisher":{"@id":"https:\/\/galiva.es\/#organization"},"alternateName":"G\u00e1liva","potentialAction":[{"@type":"SearchAction","target":{"@type":"EntryPoint","urlTemplate":"https:\/\/galiva.es\/?s={search_term_string}"},"query-input":{"@type":"PropertyValueSpecification","valueRequired":true,"valueName":"search_term_string"}}],"inLanguage":"gl-ES"},{"@type":"Organization","@id":"https:\/\/galiva.es\/#organization","name":"G\u00e1liva","alternateName":"G\u00e1liva","url":"https:\/\/galiva.es\/","logo":{"@type":"ImageObject","inLanguage":"gl-ES","@id":"https:\/\/galiva.es\/#\/schema\/logo\/image\/","url":"https:\/\/galiva.es\/wp-content\/uploads\/Logotipo_Galiva.png","contentUrl":"https:\/\/galiva.es\/wp-content\/uploads\/Logotipo_Galiva.png","width":1000,"height":500,"caption":"G\u00e1liva"},"image":{"@id":"https:\/\/galiva.es\/#\/schema\/logo\/image\/"},"sameAs":["https:\/\/www.linkedin.com\/in\/graphicdesigner-laurapreznavarro\/","https:\/\/www.instagram.com\/soylucina\/"]}]}},"_links":{"self":[{"href":"https:\/\/galiva.es\/gl\/wp-json\/wp\/v2\/pages\/1940","targetHints":{"allow":["GET"]}}],"collection":[{"href":"https:\/\/galiva.es\/gl\/wp-json\/wp\/v2\/pages"}],"about":[{"href":"https:\/\/galiva.es\/gl\/wp-json\/wp\/v2\/types\/page"}],"author":[{"embeddable":true,"href":"https:\/\/galiva.es\/gl\/wp-json\/wp\/v2\/users\/1"}],"replies":[{"embeddable":true,"href":"https:\/\/galiva.es\/gl\/wp-json\/wp\/v2\/comments?post=1940"}],"version-history":[{"count":0,"href":"https:\/\/galiva.es\/gl\/wp-json\/wp\/v2\/pages\/1940\/revisions"}],"wp:attachment":[{"href":"https:\/\/galiva.es\/gl\/wp-json\/wp\/v2\/media?parent=1940"}],"curies":[{"name":"wp","href":"https:\/\/api.w.org\/{rel}","templated":true}]}}