{"id":1942,"date":"2025-06-05T18:54:11","date_gmt":"2025-06-05T18:54:11","guid":{"rendered":"https:\/\/lightblue-oryx-923194.hostingersite.com\/?page_id=1942"},"modified":"2025-06-22T14:29:52","modified_gmt":"2025-06-22T14:29:52","slug":"uso-y-cuidado-de-tu-joyeria","status":"publish","type":"page","link":"https:\/\/galiva.es\/gl\/uso-y-cuidado-de-tu-joyeria\/","title":{"rendered":"Uso e coidado das s\u00faas xoias"},"content":{"rendered":"<div data-elementor-type=\"wp-page\" data-elementor-id=\"1942\" class=\"elementor elementor-1942\" data-elementor-post-type=\"page\">\n\t\t\t\t<div class=\"elementor-element elementor-element-d6c1a28 e-con-full e-flex e-con e-parent\" data-id=\"d6c1a28\" data-element_type=\"container\" data-e-type=\"container\">\n\t\t<div class=\"elementor-element elementor-element-7b3b314 e-con-full e-flex e-con e-child\" data-id=\"7b3b314\" data-element_type=\"container\" data-e-type=\"container\">\n\t\t\t\t<div class=\"elementor-element elementor-element-20f8751 elementor-widget elementor-widget-heading\" data-id=\"20f8751\" data-element_type=\"widget\" data-e-type=\"widget\" data-settings=\"{&quot;htmega_fe&quot;:&quot;no&quot;}\" data-widget_type=\"heading.default\">\n\t\t\t\t<div class=\"elementor-widget-container\">\n\t\t\t\t\t<h1 class=\"elementor-heading-title elementor-size-default\">Gu\u00eda de uso e coidado\n<\/h1>\t\t\t\t<\/div>\n\t\t\t\t<\/div>\n\t\t\t\t<div class=\"elementor-element elementor-element-64c6e20 elementor-widget__width-initial elementor-widget elementor-widget-text-editor\" data-id=\"64c6e20\" data-element_type=\"widget\" data-e-type=\"widget\" data-settings=\"{&quot;htmega_fe&quot;:&quot;no&quot;}\" data-widget_type=\"text-editor.default\">\n\t\t\t\t<div class=\"elementor-widget-container\">\n\t\t\t\t\t\t\t\t\t<p>Grazas por escoller G\u00e1liva, onde a innovaci\u00f3n na impresi\u00f3n 3D se une ao dese\u00f1o orixinal para crear xoias accesibles e \u00fanicas. Para preservar a beleza e a durabilidade das t\u00faas pezas, recomend\u00e1mosche seguir estas pautas:<\/p>\t\t\t\t\t\t\t\t<\/div>\n\t\t\t\t<\/div>\n\t\t\t\t<\/div>\n\t\t<div class=\"elementor-element elementor-element-83c249b e-grid e-con-full e-con e-child\" data-id=\"83c249b\" data-element_type=\"container\" data-e-type=\"container\">\n\t\t<div class=\"elementor-element elementor-element-53c531e e-con-full e-flex e-con e-child\" data-id=\"53c531e\" data-element_type=\"container\" data-e-type=\"container\">\n\t\t<div class=\"elementor-element elementor-element-4484db2 e-con-full e-flex e-con e-child\" data-id=\"4484db2\" data-element_type=\"container\" data-e-type=\"container\">\n\t\t\t\t<div class=\"elementor-element elementor-element-f08fb3c elementor-widget elementor-widget-text-editor\" data-id=\"f08fb3c\" data-element_type=\"widget\" data-e-type=\"widget\" data-settings=\"{&quot;htmega_fe&quot;:&quot;no&quot;}\" data-widget_type=\"text-editor.default\">\n\t\t\t\t<div class=\"elementor-widget-container\">\n\t\t\t\t\t\t\t\t\t<p>Uso diario<\/p>\t\t\t\t\t\t\t\t<\/div>\n\t\t\t\t<\/div>\n\t\t\t\t<div class=\"elementor-element elementor-element-efcf2ab elementor-widget-divider--view-line elementor-widget elementor-widget-divider\" data-id=\"efcf2ab\" data-element_type=\"widget\" data-e-type=\"widget\" data-settings=\"{&quot;htmega_fe&quot;:&quot;no&quot;}\" data-widget_type=\"divider.default\">\n\t\t\t\t<div class=\"elementor-widget-container\">\n\t\t\t\t\t\t\t<div class=\"elementor-divider\">\n\t\t\t<span class=\"elementor-divider-separator\">\n\t\t\t\t\t\t<\/span>\n\t\t<\/div>\n\t\t\t\t\t\t<\/div>\n\t\t\t\t<\/div>\n\t\t\t\t<div class=\"elementor-element elementor-element-df65018 elementor-widget elementor-widget-text-editor\" data-id=\"df65018\" data-element_type=\"widget\" data-e-type=\"widget\" data-settings=\"{&quot;htmega_fe&quot;:&quot;no&quot;}\" data-widget_type=\"text-editor.default\">\n\t\t\t\t<div class=\"elementor-widget-container\">\n\t\t\t\t\t\t\t\t\t<ul><li data-start=\"762\" data-end=\"888\"><p data-start=\"764\" data-end=\"888\">Podes levar as t\u00faas xoias todos os d\u00edas, mesmo duchas ou ba\u00f1os ocasionais, grazas \u00e1 protecci\u00f3n do verniz acr\u00edlico.<\/p><\/li><li data-start=\"890\" data-end=\"1040\"><p data-start=\"892\" data-end=\"1040\">Impide o continuo contacto con sal ou cloro da auga (como no mar ou piscinas). Se isto acontecer, lave con auga fresca e seco suavemente cun pano.<\/p><\/li><li data-start=\"1042\" data-end=\"1231\"><p data-start=\"1044\" data-end=\"1231\">Non hai problema en expo\u00f1elos a unha luz solar moderada, pero evita deixalos durante horas \u00e1 luz solar directa ou en lugares con calor excesivo (por exemplo, un coche pechado no ver\u00e1n).<\/p><\/li><li data-start=\"1233\" data-end=\"1360\"><p data-start=\"1235\" data-end=\"1360\">Non empregues secadores, radiadores ou outras fontes de calor directa para secalos, xa que o PLA \u00e9 sensible \u00e1 calor localizada.<\/p><\/li><li data-start=\"1362\" data-end=\"1511\"><p data-start=\"1364\" data-end=\"1511\">Evita o contacto con produtos qu\u00edmicos agresivos (perfumes, lacas, solventes ou cremas abrasivas), xa que poder\u00edan danar o verniz co paso do tempo.<\/p><\/li><\/ul>\t\t\t\t\t\t\t\t<\/div>\n\t\t\t\t<\/div>\n\t\t\t\t<\/div>\n\t\t<div class=\"elementor-element elementor-element-167e4fb e-con-full e-flex e-con e-child\" data-id=\"167e4fb\" data-element_type=\"container\" data-e-type=\"container\">\n\t\t\t\t<div class=\"elementor-element elementor-element-a9c3c2e elementor-widget elementor-widget-text-editor\" data-id=\"a9c3c2e\" data-element_type=\"widget\" data-e-type=\"widget\" data-settings=\"{&quot;htmega_fe&quot;:&quot;no&quot;}\" data-widget_type=\"text-editor.default\">\n\t\t\t\t<div class=\"elementor-widget-container\">\n\t\t\t\t\t\t\t\t\t<p>Limpeza<\/p>\t\t\t\t\t\t\t\t<\/div>\n\t\t\t\t<\/div>\n\t\t\t\t<div class=\"elementor-element elementor-element-df7172c elementor-widget-divider--view-line elementor-widget elementor-widget-divider\" data-id=\"df7172c\" data-element_type=\"widget\" data-e-type=\"widget\" data-settings=\"{&quot;htmega_fe&quot;:&quot;no&quot;}\" data-widget_type=\"divider.default\">\n\t\t\t\t<div class=\"elementor-widget-container\">\n\t\t\t\t\t\t\t<div class=\"elementor-divider\">\n\t\t\t<span class=\"elementor-divider-separator\">\n\t\t\t\t\t\t<\/span>\n\t\t<\/div>\n\t\t\t\t\t\t<\/div>\n\t\t\t\t<\/div>\n\t\t\t\t<div class=\"elementor-element elementor-element-fe89691 elementor-widget elementor-widget-text-editor\" data-id=\"fe89691\" data-element_type=\"widget\" data-e-type=\"widget\" data-settings=\"{&quot;htmega_fe&quot;:&quot;no&quot;}\" data-widget_type=\"text-editor.default\">\n\t\t\t\t<div class=\"elementor-widget-container\">\n\t\t\t\t\t\t\t\t\t<ul><li data-start=\"1536\" data-end=\"1621\"><p data-start=\"1538\" data-end=\"1621\">Limpa as t\u00faas xoias regularmente cun pano suave e seco para eliminar o po ou a graxa.<\/p><\/li><li data-start=\"1623\" data-end=\"1738\"><p data-start=\"1625\" data-end=\"1738\">Para unha limpeza m\u00e1is profunda, podes lavalas con auga e xab\u00f3n neutro, fregando cos dedos ou cun pano suave.<\/p><\/li><li data-start=\"1740\" data-end=\"1832\"><p data-start=\"1742\" data-end=\"1832\">Acl\u00e1raos con auga limpa e s\u00e9caas cun pano suave. Evita usar calor para secalas.<\/p><\/li><\/ul>\t\t\t\t\t\t\t\t<\/div>\n\t\t\t\t<\/div>\n\t\t\t\t<\/div>\n\t\t\t\t<\/div>\n\t\t<div class=\"elementor-element elementor-element-df20ff5 e-con-full e-flex e-con e-child\" data-id=\"df20ff5\" data-element_type=\"container\" data-e-type=\"container\">\n\t\t<div class=\"elementor-element elementor-element-33de95d e-con-full e-flex e-con e-child\" data-id=\"33de95d\" data-element_type=\"container\" data-e-type=\"container\">\n\t\t\t\t<div class=\"elementor-element elementor-element-cd0a957 elementor-widget elementor-widget-text-editor\" data-id=\"cd0a957\" data-element_type=\"widget\" data-e-type=\"widget\" data-settings=\"{&quot;htmega_fe&quot;:&quot;no&quot;}\" data-widget_type=\"text-editor.default\">\n\t\t\t\t<div class=\"elementor-widget-container\">\n\t\t\t\t\t\t\t\t\t<p>Almacenamento<\/p>\t\t\t\t\t\t\t\t<\/div>\n\t\t\t\t<\/div>\n\t\t\t\t<div class=\"elementor-element elementor-element-c1d4727 elementor-widget-divider--view-line elementor-widget elementor-widget-divider\" data-id=\"c1d4727\" data-element_type=\"widget\" data-e-type=\"widget\" data-settings=\"{&quot;htmega_fe&quot;:&quot;no&quot;}\" data-widget_type=\"divider.default\">\n\t\t\t\t<div class=\"elementor-widget-container\">\n\t\t\t\t\t\t\t<div class=\"elementor-divider\">\n\t\t\t<span class=\"elementor-divider-separator\">\n\t\t\t\t\t\t<\/span>\n\t\t<\/div>\n\t\t\t\t\t\t<\/div>\n\t\t\t\t<\/div>\n\t\t\t\t<div class=\"elementor-element elementor-element-0563781 elementor-widget elementor-widget-text-editor\" data-id=\"0563781\" data-element_type=\"widget\" data-e-type=\"widget\" data-settings=\"{&quot;htmega_fe&quot;:&quot;no&quot;}\" data-widget_type=\"text-editor.default\">\n\t\t\t\t<div class=\"elementor-widget-container\">\n\t\t\t\t\t\t\t\t\t<ul><li data-start=\"1863\" data-end=\"1938\"><p data-start=\"1865\" data-end=\"1938\">Garda as t\u00faas pezas nun lugar fresco e seco, lonxe de fontes de calor.<\/p><\/li><li data-start=\"1940\" data-end=\"2050\"><p data-start=\"1942\" data-end=\"2050\">Se \u00e9 posible, use a s\u00faa funda orixinal ou unha bolsa de tea para evitar rabu\u00f1aduras ou golpes entre as xoias.<\/p><\/li><li data-start=\"2052\" data-end=\"2127\"><p data-start=\"2054\" data-end=\"2127\">Evita gardalos expostos \u00e1 luz solar directa durante longos per\u00edodos.<\/p><\/li><\/ul>\t\t\t\t\t\t\t\t<\/div>\n\t\t\t\t<\/div>\n\t\t\t\t<\/div>\n\t\t<div class=\"elementor-element elementor-element-132cdfe e-con-full e-flex e-con e-child\" data-id=\"132cdfe\" data-element_type=\"container\" data-e-type=\"container\">\n\t\t\t\t<div class=\"elementor-element elementor-element-e2585bc elementor-widget elementor-widget-text-editor\" data-id=\"e2585bc\" data-element_type=\"widget\" data-e-type=\"widget\" data-settings=\"{&quot;htmega_fe&quot;:&quot;no&quot;}\" data-widget_type=\"text-editor.default\">\n\t\t\t\t<div class=\"elementor-widget-container\">\n\t\t\t\t\t\t\t\t\t<p>Recomendaci\u00f3ns\u00a0<\/p>\t\t\t\t\t\t\t\t<\/div>\n\t\t\t\t<\/div>\n\t\t\t\t<div class=\"elementor-element elementor-element-d384264 elementor-widget-divider--view-line elementor-widget elementor-widget-divider\" data-id=\"d384264\" data-element_type=\"widget\" data-e-type=\"widget\" data-settings=\"{&quot;htmega_fe&quot;:&quot;no&quot;}\" data-widget_type=\"divider.default\">\n\t\t\t\t<div class=\"elementor-widget-container\">\n\t\t\t\t\t\t\t<div class=\"elementor-divider\">\n\t\t\t<span class=\"elementor-divider-separator\">\n\t\t\t\t\t\t<\/span>\n\t\t<\/div>\n\t\t\t\t\t\t<\/div>\n\t\t\t\t<\/div>\n\t\t\t\t<div class=\"elementor-element elementor-element-408f88e elementor-widget elementor-widget-text-editor\" data-id=\"408f88e\" data-element_type=\"widget\" data-e-type=\"widget\" data-settings=\"{&quot;htmega_fe&quot;:&quot;no&quot;}\" data-widget_type=\"text-editor.default\">\n\t\t\t\t<div class=\"elementor-widget-container\">\n\t\t\t\t\t\t\t\t\t<ul><li data-start=\"2159\" data-end=\"2310\"><p data-start=\"2161\" data-end=\"2310\">O verniz ofrece unha protecci\u00f3n moderada contra a auga e a luz solar, pero o PLA pode deformarse se se exp\u00f3n a altas temperaturas ou a calor concentrado.<\/p><\/li><li data-start=\"2312\" data-end=\"2442\"><p data-start=\"2314\" data-end=\"2442\">Manexa as pezas con coidado: a\u00ednda que son resistentes para o uso diario, poden romperse se se someten a impactos ou a unha presi\u00f3n excesiva.<\/p><\/li><li data-start=\"2444\" data-end=\"2591\"><p data-start=\"2446\" data-end=\"2591\">Co tempo, o verniz pode desgastarse pola fricci\u00f3n. Tr\u00e1taos con coidado e g\u00e1rdaos axeitadamente para conservar o seu acabado orixinal durante m\u00e1is tempo.<\/p><\/li><\/ul>\t\t\t\t\t\t\t\t<\/div>\n\t\t\t\t<\/div>\n\t\t\t\t<\/div>\n\t\t\t\t<\/div>\n\t\t\t\t<\/div>\n\t\t\t\t<\/div>\n\t\t\t\t<\/div>","protected":false},"excerpt":{"rendered":"<p>Gu\u00eda de uso y cuidado Gracias por elegir G\u00e1liva, donde la innovaci\u00f3n en impresi\u00f3n 3D se une al dise\u00f1o original para crear joyas accesibles y \u00fanicas. Para preservar la belleza y durabilidad de tus piezas, te recomendamos seguir estas indicaciones: Uso diario Puedes llevar tus joyas en tu d\u00eda a d\u00eda, incluyendo duchas o ba\u00f1os [&hellip;]<\/p>\n","protected":false},"author":1,"featured_media":0,"parent":0,"menu_order":8,"comment_status":"closed","ping_status":"closed","template":"","meta":{"_acf_changed":false,"_cloudinary_featured_overwrite":false,"footnotes":""},"class_list":["post-1942","page","type-page","status-publish","hentry"],"acf":[],"yoast_head":"<!-- This site is optimized with the Yoast SEO plugin v27.5 - https:\/\/yoast.com\/product\/yoast-seo-wordpress\/ -->\n<title>Gu\u00eda de Uso y Cuidado | Joyas 3D G\u00e1liva<\/title>\n<meta name=\"description\" content=\"Cuida tus joyas G\u00e1liva impresas en 3D con sencillas recomendaciones de uso, limpieza y conservaci\u00f3n. Dise\u00f1os \u00fanicos que duran m\u00e1s y brillan como el primer d\u00eda.\" \/>\n<meta name=\"robots\" content=\"noindex, follow, max-snippet:-1, max-image-preview:large, max-video-preview:-1\" \/>\n<meta property=\"og:locale\" content=\"gl_ES\" \/>\n<meta property=\"og:type\" content=\"article\" \/>\n<meta property=\"og:title\" content=\"Gu\u00eda de Uso y Cuidado | Joyas 3D G\u00e1liva\" \/>\n<meta property=\"og:description\" content=\"Cuida tus joyas G\u00e1liva impresas en 3D con sencillas recomendaciones de uso, limpieza y conservaci\u00f3n. Dise\u00f1os \u00fanicos que duran m\u00e1s y brillan como el primer d\u00eda.\" \/>\n<meta property=\"og:url\" content=\"https:\/\/galiva.es\/gl\/uso-y-cuidado-de-tu-joyeria\/\" \/>\n<meta property=\"og:site_name\" content=\"G\u00e1liva\" \/>\n<meta property=\"article:modified_time\" content=\"2025-06-22T14:29:52+00:00\" \/>\n<meta property=\"og:image\" content=\"https:\/\/galiva.es\/wp-content\/uploads\/2025\/03\/Favicon_Galiva.png\" \/>\n\t<meta property=\"og:image:width\" content=\"1\" \/>\n\t<meta property=\"og:image:height\" content=\"1\" \/>\n\t<meta property=\"og:image:type\" content=\"image\/png\" \/>\n<meta name=\"twitter:card\" content=\"summary_large_image\" \/>\n<meta name=\"twitter:label1\" content=\"Tempo de lectura\" \/>\n\t<meta name=\"twitter:data1\" content=\"2 minutos\" \/>\n<script type=\"application\/ld+json\" class=\"yoast-schema-graph\">{\"@context\":\"https:\\\/\\\/schema.org\",\"@graph\":[{\"@type\":\"WebPage\",\"@id\":\"https:\\\/\\\/galiva.es\\\/uso-y-cuidado-de-tu-joyeria\\\/\",\"url\":\"https:\\\/\\\/galiva.es\\\/uso-y-cuidado-de-tu-joyeria\\\/\",\"name\":\"Gu\u00eda de Uso y Cuidado | Joyas 3D G\u00e1liva\",\"isPartOf\":{\"@id\":\"https:\\\/\\\/galiva.es\\\/#website\"},\"datePublished\":\"2025-06-05T18:54:11+00:00\",\"dateModified\":\"2025-06-22T14:29:52+00:00\",\"description\":\"Cuida tus joyas G\u00e1liva impresas en 3D con sencillas recomendaciones de uso, limpieza y conservaci\u00f3n. Dise\u00f1os \u00fanicos que duran m\u00e1s y brillan como el primer d\u00eda.\",\"breadcrumb\":{\"@id\":\"https:\\\/\\\/galiva.es\\\/uso-y-cuidado-de-tu-joyeria\\\/#breadcrumb\"},\"inLanguage\":\"gl-ES\",\"potentialAction\":[{\"@type\":\"ReadAction\",\"target\":[\"https:\\\/\\\/galiva.es\\\/uso-y-cuidado-de-tu-joyeria\\\/\"]}]},{\"@type\":\"BreadcrumbList\",\"@id\":\"https:\\\/\\\/galiva.es\\\/uso-y-cuidado-de-tu-joyeria\\\/#breadcrumb\",\"itemListElement\":[{\"@type\":\"ListItem\",\"position\":1,\"name\":\"Home\",\"item\":\"https:\\\/\\\/galiva.es\\\/\"},{\"@type\":\"ListItem\",\"position\":2,\"name\":\"Uso y cuidado de tu joyer\u00eda\"}]},{\"@type\":\"WebSite\",\"@id\":\"https:\\\/\\\/galiva.es\\\/#website\",\"url\":\"https:\\\/\\\/galiva.es\\\/\",\"name\":\"G\u00e1liva\",\"description\":\"Joyer\u00eda con alma y tradici\u00f3n gallega\",\"publisher\":{\"@id\":\"https:\\\/\\\/galiva.es\\\/#organization\"},\"alternateName\":\"G\u00e1liva\",\"potentialAction\":[{\"@type\":\"SearchAction\",\"target\":{\"@type\":\"EntryPoint\",\"urlTemplate\":\"https:\\\/\\\/galiva.es\\\/?s={search_term_string}\"},\"query-input\":{\"@type\":\"PropertyValueSpecification\",\"valueRequired\":true,\"valueName\":\"search_term_string\"}}],\"inLanguage\":\"gl-ES\"},{\"@type\":\"Organization\",\"@id\":\"https:\\\/\\\/galiva.es\\\/#organization\",\"name\":\"G\u00e1liva\",\"alternateName\":\"G\u00e1liva\",\"url\":\"https:\\\/\\\/galiva.es\\\/\",\"logo\":{\"@type\":\"ImageObject\",\"inLanguage\":\"gl-ES\",\"@id\":\"https:\\\/\\\/galiva.es\\\/#\\\/schema\\\/logo\\\/image\\\/\",\"url\":\"https:\\\/\\\/galiva.es\\\/wp-content\\\/uploads\\\/Logotipo_Galiva.png\",\"contentUrl\":\"https:\\\/\\\/galiva.es\\\/wp-content\\\/uploads\\\/Logotipo_Galiva.png\",\"width\":1000,\"height\":500,\"caption\":\"G\u00e1liva\"},\"image\":{\"@id\":\"https:\\\/\\\/galiva.es\\\/#\\\/schema\\\/logo\\\/image\\\/\"},\"sameAs\":[\"https:\\\/\\\/www.linkedin.com\\\/in\\\/graphicdesigner-laurapreznavarro\\\/\",\"https:\\\/\\\/www.instagram.com\\\/soylucina\\\/\"]}]}<\/script>\n<!-- \/ Yoast SEO plugin. -->","yoast_head_json":{"title":"Gu\u00eda de Uso y Cuidado | Joyas 3D G\u00e1liva","description":"Cuida tus joyas G\u00e1liva impresas en 3D con sencillas recomendaciones de uso, limpieza y conservaci\u00f3n. Dise\u00f1os \u00fanicos que duran m\u00e1s y brillan como el primer d\u00eda.","robots":{"index":"noindex","follow":"follow","max-snippet":"max-snippet:-1","max-image-preview":"max-image-preview:large","max-video-preview":"max-video-preview:-1"},"og_locale":"gl_ES","og_type":"article","og_title":"Gu\u00eda de Uso y Cuidado | Joyas 3D G\u00e1liva","og_description":"Cuida tus joyas G\u00e1liva impresas en 3D con sencillas recomendaciones de uso, limpieza y conservaci\u00f3n. Dise\u00f1os \u00fanicos que duran m\u00e1s y brillan como el primer d\u00eda.","og_url":"https:\/\/galiva.es\/gl\/uso-y-cuidado-de-tu-joyeria\/","og_site_name":"G\u00e1liva","article_modified_time":"2025-06-22T14:29:52+00:00","og_image":[{"url":"https:\/\/galiva.es\/wp-content\/uploads\/2025\/03\/Favicon_Galiva.png","width":1,"height":1,"type":"image\/png"}],"twitter_card":"summary_large_image","twitter_misc":{"Tempo de lectura":"2 minutos"},"schema":{"@context":"https:\/\/schema.org","@graph":[{"@type":"WebPage","@id":"https:\/\/galiva.es\/uso-y-cuidado-de-tu-joyeria\/","url":"https:\/\/galiva.es\/uso-y-cuidado-de-tu-joyeria\/","name":"Gu\u00eda de Uso y Cuidado | Joyas 3D G\u00e1liva","isPartOf":{"@id":"https:\/\/galiva.es\/#website"},"datePublished":"2025-06-05T18:54:11+00:00","dateModified":"2025-06-22T14:29:52+00:00","description":"Cuida tus joyas G\u00e1liva impresas en 3D con sencillas recomendaciones de uso, limpieza y conservaci\u00f3n. Dise\u00f1os \u00fanicos que duran m\u00e1s y brillan como el primer d\u00eda.","breadcrumb":{"@id":"https:\/\/galiva.es\/uso-y-cuidado-de-tu-joyeria\/#breadcrumb"},"inLanguage":"gl-ES","potentialAction":[{"@type":"ReadAction","target":["https:\/\/galiva.es\/uso-y-cuidado-de-tu-joyeria\/"]}]},{"@type":"BreadcrumbList","@id":"https:\/\/galiva.es\/uso-y-cuidado-de-tu-joyeria\/#breadcrumb","itemListElement":[{"@type":"ListItem","position":1,"name":"Home","item":"https:\/\/galiva.es\/"},{"@type":"ListItem","position":2,"name":"Uso y cuidado de tu joyer\u00eda"}]},{"@type":"WebSite","@id":"https:\/\/galiva.es\/#website","url":"https:\/\/galiva.es\/","name":"G\u00e1liva","description":"Joyer\u00eda con alma y tradici\u00f3n gallega","publisher":{"@id":"https:\/\/galiva.es\/#organization"},"alternateName":"G\u00e1liva","potentialAction":[{"@type":"SearchAction","target":{"@type":"EntryPoint","urlTemplate":"https:\/\/galiva.es\/?s={search_term_string}"},"query-input":{"@type":"PropertyValueSpecification","valueRequired":true,"valueName":"search_term_string"}}],"inLanguage":"gl-ES"},{"@type":"Organization","@id":"https:\/\/galiva.es\/#organization","name":"G\u00e1liva","alternateName":"G\u00e1liva","url":"https:\/\/galiva.es\/","logo":{"@type":"ImageObject","inLanguage":"gl-ES","@id":"https:\/\/galiva.es\/#\/schema\/logo\/image\/","url":"https:\/\/galiva.es\/wp-content\/uploads\/Logotipo_Galiva.png","contentUrl":"https:\/\/galiva.es\/wp-content\/uploads\/Logotipo_Galiva.png","width":1000,"height":500,"caption":"G\u00e1liva"},"image":{"@id":"https:\/\/galiva.es\/#\/schema\/logo\/image\/"},"sameAs":["https:\/\/www.linkedin.com\/in\/graphicdesigner-laurapreznavarro\/","https:\/\/www.instagram.com\/soylucina\/"]}]}},"_links":{"self":[{"href":"https:\/\/galiva.es\/gl\/wp-json\/wp\/v2\/pages\/1942","targetHints":{"allow":["GET"]}}],"collection":[{"href":"https:\/\/galiva.es\/gl\/wp-json\/wp\/v2\/pages"}],"about":[{"href":"https:\/\/galiva.es\/gl\/wp-json\/wp\/v2\/types\/page"}],"author":[{"embeddable":true,"href":"https:\/\/galiva.es\/gl\/wp-json\/wp\/v2\/users\/1"}],"replies":[{"embeddable":true,"href":"https:\/\/galiva.es\/gl\/wp-json\/wp\/v2\/comments?post=1942"}],"version-history":[{"count":0,"href":"https:\/\/galiva.es\/gl\/wp-json\/wp\/v2\/pages\/1942\/revisions"}],"wp:attachment":[{"href":"https:\/\/galiva.es\/gl\/wp-json\/wp\/v2\/media?parent=1942"}],"curies":[{"name":"wp","href":"https:\/\/api.w.org\/{rel}","templated":true}]}}