{"id":7586,"date":"2025-07-07T20:38:51","date_gmt":"2025-07-07T18:38:51","guid":{"rendered":"https:\/\/galiva.designlucina.com\/wishlist\/"},"modified":"2025-07-11T19:56:10","modified_gmt":"2025-07-11T17:56:10","slug":"wishlist","status":"publish","type":"page","link":"https:\/\/galiva.es\/gl\/tienda-joyas-3d\/wishlist\/","title":{"rendered":"Wishlist"},"content":{"rendered":"\t\t<div data-elementor-type=\"wp-page\" data-elementor-id=\"7586\" class=\"elementor elementor-7586\" data-elementor-post-type=\"page\">\n\t\t\t\t<div class=\"elementor-element elementor-element-cd2afe7 e-con-full e-flex e-con e-child\" data-id=\"cd2afe7\" data-element_type=\"container\" data-e-type=\"container\" data-settings=\"{&quot;background_background&quot;:&quot;gradient&quot;,&quot;position&quot;:&quot;absolute&quot;}\">\n\t\t\t\t<\/div>\n\t\t<div class=\"elementor-element elementor-element-c5e00fc e-con-full e-flex e-con e-parent\" data-id=\"c5e00fc\" data-element_type=\"container\" data-e-type=\"container\" data-settings=\"{&quot;background_background&quot;:&quot;classic&quot;}\">\n\t\t<div class=\"elementor-element elementor-element-83edd35 e-con-full e-flex e-con e-child\" data-id=\"83edd35\" data-element_type=\"container\" data-e-type=\"container\">\n\t\t\t\t<div class=\"elementor-element elementor-element-7b3a427 elementor-widget elementor-widget-heading\" data-id=\"7b3a427\" data-element_type=\"widget\" data-e-type=\"widget\" data-settings=\"{&quot;htmega_fe&quot;:&quot;no&quot;}\" data-widget_type=\"heading.default\">\n\t\t\t\t<div class=\"elementor-widget-container\">\n\t\t\t\t\t<h4 class=\"elementor-heading-title elementor-size-default\">Mi lista de deseos<\/h4>\t\t\t\t<\/div>\n\t\t\t\t<\/div>\n\t\t\t\t<\/div>\n\t\t<div class=\"elementor-element elementor-element-79b8cd0 e-con-full e-flex e-con e-child\" data-id=\"79b8cd0\" data-element_type=\"container\" data-e-type=\"container\">\n\t\t\t\t<div class=\"elementor-element elementor-element-1d04f10 lista-deseos-es elementor-widget elementor-widget-wlfmc-wish-list\" data-id=\"1d04f10\" data-element_type=\"widget\" data-e-type=\"widget\" data-settings=\"{&quot;htmega_fe&quot;:&quot;no&quot;}\" data-widget_type=\"wlfmc-wish-list.default\">\n\t\t\t\t<div class=\"elementor-widget-container\">\n\t\t\t\t\t\n\n\n<form id=\"wlfmc-wishlist-form\" action=\"https:\/\/galiva.es\/gl\/tienda-joyas-3d\/wishlist\/\" method=\"post\" class=\"wlfmc-wishlist-form wlfmc-wishlist-id-1d04f10 wlfmc-wishlist-fragment woocommerce on-first-load\" data-fragment-options=\"{&quot;unique_id&quot;:&quot;id-1d04f10&quot;,&quot;is_elementor&quot;:&quot;true&quot;,&quot;has_access&quot;:true,&quot;wishlist_id&quot;:false,&quot;action_params&quot;:false,&quot;per_page&quot;:&quot;200&quot;,&quot;current_page&quot;:1,&quot;pagination&quot;:true,&quot;wishlist_url&quot;:&quot;https:\\\/\\\/galiva.es\\\/gl\\\/tienda-joyas-3d\\\/wishlist\\\/&quot;,&quot;no_interactions&quot;:false,&quot;items_show&quot;:&quot;product-checkbox,product-name,product-thumbnail,product-variation,product-price,product-add-to-cart,product-remove&quot;,&quot;total_price_mode&quot;:&quot;classic&quot;,&quot;total_position&quot;:&quot;below-action-bar&quot;,&quot;enable_layout_toggle&quot;:false,&quot;product_move&quot;:false,&quot;product_copy&quot;:false,&quot;move_all_to_list_label&quot;:&quot;Move all to list&quot;,&quot;copy_all_to_list_label&quot;:&quot;Copy all to list&quot;,&quot;show_total_price&quot;:false,&quot;enable_drag_n_drop&quot;:false,&quot;is_cache_enabled&quot;:&quot;1&quot;,&quot;wishlist_page_title&quot;:&quot;My Wishlist&quot;,&quot;view_mode&quot;:&quot;grid&quot;,&quot;button_add_to_cart_style&quot;:&quot;true&quot;,&quot;qty_style&quot;:&quot;true&quot;,&quot;pagination_style&quot;:&quot;true&quot;,&quot;custom_template&quot;:&quot;&quot;,&quot;enable_actions&quot;:true,&quot;enable_all_add_to_cart&quot;:true,&quot;enable_share&quot;:&quot;true&quot;,&quot;share_position&quot;:&quot;after_table&quot;,&quot;share_items&quot;:&quot;facebook,twitter,whatsapp,telegram,email,copy&quot;,&quot;socials_title&quot;:&quot;Mi Wishlist en G\\u00e1liva&quot;,&quot;login_notice&quot;:false,&quot;base_url&quot;:&quot;&quot;,&quot;wishlist&quot;:false,&quot;wishlist_token&quot;:&quot;&quot;,&quot;is_private&quot;:false,&quot;count&quot;:0,&quot;wishlist_items&quot;:&quot;&quot;,&quot;page_links&quot;:false,&quot;is_user_logged_in&quot;:false,&quot;is_user_owner&quot;:false,&quot;merge_lists&quot;:false,&quot;popup_vertical&quot;:&quot;center&quot;,&quot;popup_horizontal&quot;:&quot;center&quot;,&quot;empty_wishlist_title&quot;:&quot;YOUR WISHLIST IS EMPTY!&quot;,&quot;empty_wishlist_content&quot;:&quot;You have not added any products to your wishlist.&quot;,&quot;tooltip_class&quot;:&quot; wlfmc-tooltip wlfmc-tooltip-top&quot;,&quot;tooltip_type&quot;:&quot;default&quot;,&quot;wishlist_class&quot;:&quot;wlfmc-default-table is-elementor add-to-card-same-button qty-same-button&quot;,&quot;wishlist_header_class&quot;:&quot;wlfmc-default-table-header&quot;,&quot;wishlist_pagination_class&quot;:&quot;wishlist-pagination&quot;,&quot;share_enabled&quot;:false,&quot;template_part&quot;:&quot;view&quot;,&quot;additional_info&quot;:false,&quot;available_multi_list&quot;:false,&quot;gdpr_enable&quot;:false,&quot;unsubscribed&quot;:false,&quot;users_wishlists&quot;:&quot;&quot;,&quot;redirect_to_cart&quot;:&quot;0&quot;,&quot;form_action&quot;:&quot;https:\\\/\\\/galiva.es\\\/gl\\\/tienda-joyas-3d\\\/wishlist\\\/&quot;,&quot;item&quot;:&quot;wishlist&quot;}\" data-fragment-ref=\"wishlist\">\n\t\n\t\n\t\n\t\n\t<div class=\"wlfmc-wishlist-table-wrapper\">\n\n\t\t\n\t\t<table\n\t\t\tclass=\"wlfmc-wishlist-table wlfmc-wishlist-items-wrapper wlfmc-list   view-mode-grid  wlfmc-default-table is-elementor add-to-card-same-button qty-same-button\"\n\t\t\tdata-pagination=\"1\"\n\t\t\tdata-per-page=\"200\"\n\t\t\tdata-page=\"1\"\n\t\t\tdata-id=\"\"\n\t\t\tdata-wishlist-type=\"\"\n\t\t\tdata-customer-id=\"\"\n\t\t\tdata-is-owner=\"\"\n\t\t\tdata-token=\"\"\n\t\t\tdata-nonce=\"bc3ed3d9c2\">\n\t\t\t<tbody class=\"wishlist-items-wrapper wishlist-empty\">\n\n\t\t\t\t\t\t\t<tr class=\"wishlist-empty-row\">\n\t\t\t\t\t<td colspan=\"3\" class=\"last-column\">\n\t\t\t\t\t\t<img loading=\"lazy\" decoding=\"async\" class=\"empty-image\" src=\"https:\/\/galiva.es\/wp-content\/plugins\/smart-wishlist-for-more-convert\/assets\/frontend\/images\/empty-wishlist.svg\" width=\"400\" height=\"216\"><h3 class=\"empty-title\">YOUR WISHLIST IS EMPTY!<\/h3><div class=\"empty-content\">You have not added any products to your wishlist.<\/div><a href=\"https:\/\/galiva.es\/gl\/tienda-joyas-3d\/\" class=\"wc-forward button empty-button\">Ir \u00e1 tenda<\/a>\t\t\t\t\t<\/td>\n\t\t\t\t<\/tr>\n\t\t\t\t\t\t<\/tbody>\n\t\t\t<tfoot class=\"wlfmc-wishlist-footer\">\n\t\t\t\t\t\t\n\t\t\t\n\t\t\t\n\t\t\t\n\t\t\t\n\t\t\t\n\t\t\t<\/tfoot>\n\t\t<\/table>\n\n\t\t\n\t\t\n\t\t\n\t<\/div>\n<\/form>\n\n\t\t\t\t<\/div>\n\t\t\t\t<\/div>\n\t\t\t\t<div class=\"elementor-element elementor-element-e8b07b3 elementor-widget elementor-widget-html\" data-id=\"e8b07b3\" data-element_type=\"widget\" data-e-type=\"widget\" data-settings=\"{&quot;htmega_fe&quot;:&quot;no&quot;}\" data-widget_type=\"html.default\">\n\t\t\t\t<div class=\"elementor-widget-container\">\n\t\t\t\t\t<script>\r\n \/\/ Esperamos a que todo est\u00e9 cargado\r\ndocument.addEventListener(\"DOMContentLoaded\", function () {\r\n  const removeTooltips = () => {\r\n    document.querySelectorAll(\".wlfmc-tooltip\").forEach(el => {\r\n      el.removeAttribute(\"data-tooltip-text\");\r\n      el.classList.remove(\"wlfmc-tooltip\");\r\n    });\r\n\r\n    \/\/ Tambi\u00e9n borramos cualquier tooltip generado visualmente\r\n    document.querySelectorAll(\".wlfmc-tooltip-content\").forEach(el => {\r\n      el.remove();\r\n    });\r\n  };\r\n\r\n  \/\/ Ejecutamos la limpieza inicial\r\n  removeTooltips();\r\n\r\n  \/\/ Observamos cambios en el DOM\r\n  const observer = new MutationObserver(removeTooltips);\r\n  observer.observe(document.body, {\r\n    childList: true,\r\n    subtree: true,\r\n  });\r\n});\r\n<\/script>\r\n\r\n<script>\r\n(function () {\r\n  let attempts = 0;\r\n  const maxAttempts = 20;\r\n\r\n  const interval = setInterval(() => {\r\n    const widget = document.querySelector('.lista-deseos-es');\r\n    if (!widget) return;\r\n\r\n    const select = widget.querySelector('#bulk_actions');\r\n    if (select && select.options.length >= 3) {\r\n      select.options[0].text = 'Acciones';\r\n      select.options[1].text = 'A\u00f1adir al carrito';\r\n      select.options[2].text = 'Eliminar';\r\n    }\r\n\r\n    const applyBtn = widget.querySelector('.apply-btn');\r\n    if (applyBtn) {\r\n      applyBtn.textContent = 'Aplicar';\r\n    }\r\n\r\n    const addAllBtn = widget.querySelector('.add-all-to-cart-btn');\r\n    if (addAllBtn) {\r\n      addAllBtn.textContent = 'A\u00f1adir todo al carrito';\r\n    }\r\n\r\n    attempts++;\r\n    if (attempts >= maxAttempts) {\r\n      clearInterval(interval);\r\n    }\r\n  }, 300); \/\/ Reintenta cada 300ms hasta 6s\r\n})();\r\n<\/script>\t\t\t\t<\/div>\n\t\t\t\t<\/div>\n\t\t\t\t<\/div>\n\t\t\t\t<\/div>\n\t\t\t\t<\/div>\n\t\t","protected":false},"excerpt":{"rendered":"<p>Mi lista de deseos Pulsera ANORA 30,25&euro; El precio original era: 30,25&euro;.24,20&euro;El precio actual es: 24,20&euro;. iva incl. A\u00f1adir al carrito Collar TREBIA 30,25&euro; iva incl. Seleccionar opciones Pendientes TREBIA 30,25&euro; iva incl. Seleccionar opciones Pendientes ORIN \u00abEoin\u00e1n\u00bb 30,25&euro; iva incl. A\u00f1adir al carrito Actions ActionsAdd to cartRemove Apply Add all to cart Share on:<\/p>","protected":false},"author":1,"featured_media":0,"parent":396,"menu_order":9,"comment_status":"closed","ping_status":"closed","template":"","meta":{"_acf_changed":false,"_cloudinary_featured_overwrite":false,"footnotes":""},"class_list":["post-7586","page","type-page","status-publish","hentry"],"acf":[],"yoast_head":"<!-- This site is optimized with the Yoast SEO plugin v27.5 - https:\/\/yoast.com\/product\/yoast-seo-wordpress\/ -->\n<title>G\u00e1liva &#8226; Lista de deseos<\/title>\n<meta name=\"robots\" content=\"noindex, nofollow\" \/>\n<meta property=\"og:locale\" content=\"gl_ES\" \/>\n<meta property=\"og:type\" content=\"article\" \/>\n<meta property=\"og:title\" content=\"G\u00e1liva &#8226; Lista de deseos\" \/>\n<meta property=\"og:description\" content=\"Mi lista de deseos Pulsera ANORA 30,25&euro; El precio original era: 30,25&euro;.24,20&euro;El precio actual es: 24,20&euro;. iva incl. A\u00f1adir al carrito Collar TREBIA 30,25&euro; iva incl. Seleccionar opciones Pendientes TREBIA 30,25&euro; iva incl. Seleccionar opciones Pendientes ORIN \u00abEoin\u00e1n\u00bb 30,25&euro; iva incl. A\u00f1adir al carrito Actions ActionsAdd to cartRemove Apply Add all to cart Share on:\" \/>\n<meta property=\"og:url\" content=\"https:\/\/galiva.es\/gl\/tienda-joyas-3d\/wishlist\/\" \/>\n<meta property=\"og:site_name\" content=\"G\u00e1liva\" \/>\n<meta property=\"article:modified_time\" content=\"2025-07-11T17:56:10+00:00\" \/>\n<meta property=\"og:image\" content=\"https:\/\/galiva.es\/wp-content\/uploads\/2025\/06\/abe74ee1f5b7817f099ae4b8c92567dc-400x400.jpg\" \/>\n<meta name=\"twitter:card\" content=\"summary_large_image\" \/>\n<meta name=\"twitter:label1\" content=\"Tempo de lectura\" \/>\n\t<meta name=\"twitter:data1\" content=\"1 minuto\" \/>\n<script type=\"application\/ld+json\" class=\"yoast-schema-graph\">{\"@context\":\"https:\\\/\\\/schema.org\",\"@graph\":[{\"@type\":\"WebPage\",\"@id\":\"https:\\\/\\\/galiva.es\\\/tienda-joyas-3d\\\/wishlist\\\/\",\"url\":\"https:\\\/\\\/galiva.es\\\/tienda-joyas-3d\\\/wishlist\\\/\",\"name\":\"G\u00e1liva &#8226; Lista de deseos\",\"isPartOf\":{\"@id\":\"https:\\\/\\\/galiva.es\\\/#website\"},\"primaryImageOfPage\":{\"@id\":\"https:\\\/\\\/galiva.es\\\/tienda-joyas-3d\\\/wishlist\\\/#primaryimage\"},\"image\":{\"@id\":\"https:\\\/\\\/galiva.es\\\/tienda-joyas-3d\\\/wishlist\\\/#primaryimage\"},\"thumbnailUrl\":\"https:\\\/\\\/galiva.es\\\/wp-content\\\/uploads\\\/2025\\\/06\\\/abe74ee1f5b7817f099ae4b8c92567dc-400x400.jpg\",\"datePublished\":\"2025-07-07T18:38:51+00:00\",\"dateModified\":\"2025-07-11T17:56:10+00:00\",\"breadcrumb\":{\"@id\":\"https:\\\/\\\/galiva.es\\\/tienda-joyas-3d\\\/wishlist\\\/#breadcrumb\"},\"inLanguage\":\"gl-ES\",\"potentialAction\":[{\"@type\":\"ReadAction\",\"target\":[\"https:\\\/\\\/galiva.es\\\/tienda-joyas-3d\\\/wishlist\\\/\"]}]},{\"@type\":\"ImageObject\",\"inLanguage\":\"gl-ES\",\"@id\":\"https:\\\/\\\/galiva.es\\\/tienda-joyas-3d\\\/wishlist\\\/#primaryimage\",\"url\":\"https:\\\/\\\/galiva.es\\\/wp-content\\\/uploads\\\/2025\\\/06\\\/abe74ee1f5b7817f099ae4b8c92567dc-400x400.jpg\",\"contentUrl\":\"https:\\\/\\\/galiva.es\\\/wp-content\\\/uploads\\\/2025\\\/06\\\/abe74ee1f5b7817f099ae4b8c92567dc-400x400.jpg\"},{\"@type\":\"BreadcrumbList\",\"@id\":\"https:\\\/\\\/galiva.es\\\/tienda-joyas-3d\\\/wishlist\\\/#breadcrumb\",\"itemListElement\":[{\"@type\":\"ListItem\",\"position\":1,\"name\":\"Home\",\"item\":\"https:\\\/\\\/galiva.es\\\/\"},{\"@type\":\"ListItem\",\"position\":2,\"name\":\"Tienda\",\"item\":\"https:\\\/\\\/galiva.es\\\/tienda-joyas-3d\\\/\"},{\"@type\":\"ListItem\",\"position\":3,\"name\":\"Wishlist\"}]},{\"@type\":\"WebSite\",\"@id\":\"https:\\\/\\\/galiva.es\\\/#website\",\"url\":\"https:\\\/\\\/galiva.es\\\/\",\"name\":\"G\u00e1liva\",\"description\":\"Joyer\u00eda con alma y tradici\u00f3n gallega\",\"publisher\":{\"@id\":\"https:\\\/\\\/galiva.es\\\/#organization\"},\"alternateName\":\"G\u00e1liva\",\"potentialAction\":[{\"@type\":\"SearchAction\",\"target\":{\"@type\":\"EntryPoint\",\"urlTemplate\":\"https:\\\/\\\/galiva.es\\\/?s={search_term_string}\"},\"query-input\":{\"@type\":\"PropertyValueSpecification\",\"valueRequired\":true,\"valueName\":\"search_term_string\"}}],\"inLanguage\":\"gl-ES\"},{\"@type\":\"Organization\",\"@id\":\"https:\\\/\\\/galiva.es\\\/#organization\",\"name\":\"G\u00e1liva\",\"alternateName\":\"G\u00e1liva\",\"url\":\"https:\\\/\\\/galiva.es\\\/\",\"logo\":{\"@type\":\"ImageObject\",\"inLanguage\":\"gl-ES\",\"@id\":\"https:\\\/\\\/galiva.es\\\/#\\\/schema\\\/logo\\\/image\\\/\",\"url\":\"https:\\\/\\\/galiva.es\\\/wp-content\\\/uploads\\\/Logotipo_Galiva.png\",\"contentUrl\":\"https:\\\/\\\/galiva.es\\\/wp-content\\\/uploads\\\/Logotipo_Galiva.png\",\"width\":1000,\"height\":500,\"caption\":\"G\u00e1liva\"},\"image\":{\"@id\":\"https:\\\/\\\/galiva.es\\\/#\\\/schema\\\/logo\\\/image\\\/\"},\"sameAs\":[\"https:\\\/\\\/www.linkedin.com\\\/in\\\/graphicdesigner-laurapreznavarro\\\/\",\"https:\\\/\\\/www.instagram.com\\\/soylucina\\\/\"]}]}<\/script>\n<!-- \/ Yoast SEO plugin. -->","yoast_head_json":{"title":"G\u00e1liva &#8226; Lista de deseos","robots":{"index":"noindex","follow":"nofollow"},"og_locale":"gl_ES","og_type":"article","og_title":"G\u00e1liva &#8226; Lista de deseos","og_description":"Mi lista de deseos Pulsera ANORA 30,25&euro; El precio original era: 30,25&euro;.24,20&euro;El precio actual es: 24,20&euro;. iva incl. A\u00f1adir al carrito Collar TREBIA 30,25&euro; iva incl. Seleccionar opciones Pendientes TREBIA 30,25&euro; iva incl. Seleccionar opciones Pendientes ORIN \u00abEoin\u00e1n\u00bb 30,25&euro; iva incl. A\u00f1adir al carrito Actions ActionsAdd to cartRemove Apply Add all to cart Share on:","og_url":"https:\/\/galiva.es\/gl\/tienda-joyas-3d\/wishlist\/","og_site_name":"G\u00e1liva","article_modified_time":"2025-07-11T17:56:10+00:00","og_image":[{"url":"https:\/\/galiva.es\/wp-content\/uploads\/2025\/06\/abe74ee1f5b7817f099ae4b8c92567dc-400x400.jpg","type":"","width":"","height":""}],"twitter_card":"summary_large_image","twitter_misc":{"Tempo de lectura":"1 minuto"},"schema":{"@context":"https:\/\/schema.org","@graph":[{"@type":"WebPage","@id":"https:\/\/galiva.es\/tienda-joyas-3d\/wishlist\/","url":"https:\/\/galiva.es\/tienda-joyas-3d\/wishlist\/","name":"G\u00e1liva &#8226; Lista de deseos","isPartOf":{"@id":"https:\/\/galiva.es\/#website"},"primaryImageOfPage":{"@id":"https:\/\/galiva.es\/tienda-joyas-3d\/wishlist\/#primaryimage"},"image":{"@id":"https:\/\/galiva.es\/tienda-joyas-3d\/wishlist\/#primaryimage"},"thumbnailUrl":"https:\/\/galiva.es\/wp-content\/uploads\/2025\/06\/abe74ee1f5b7817f099ae4b8c92567dc-400x400.jpg","datePublished":"2025-07-07T18:38:51+00:00","dateModified":"2025-07-11T17:56:10+00:00","breadcrumb":{"@id":"https:\/\/galiva.es\/tienda-joyas-3d\/wishlist\/#breadcrumb"},"inLanguage":"gl-ES","potentialAction":[{"@type":"ReadAction","target":["https:\/\/galiva.es\/tienda-joyas-3d\/wishlist\/"]}]},{"@type":"ImageObject","inLanguage":"gl-ES","@id":"https:\/\/galiva.es\/tienda-joyas-3d\/wishlist\/#primaryimage","url":"https:\/\/galiva.es\/wp-content\/uploads\/2025\/06\/abe74ee1f5b7817f099ae4b8c92567dc-400x400.jpg","contentUrl":"https:\/\/galiva.es\/wp-content\/uploads\/2025\/06\/abe74ee1f5b7817f099ae4b8c92567dc-400x400.jpg"},{"@type":"BreadcrumbList","@id":"https:\/\/galiva.es\/tienda-joyas-3d\/wishlist\/#breadcrumb","itemListElement":[{"@type":"ListItem","position":1,"name":"Home","item":"https:\/\/galiva.es\/"},{"@type":"ListItem","position":2,"name":"Tienda","item":"https:\/\/galiva.es\/tienda-joyas-3d\/"},{"@type":"ListItem","position":3,"name":"Wishlist"}]},{"@type":"WebSite","@id":"https:\/\/galiva.es\/#website","url":"https:\/\/galiva.es\/","name":"G\u00e1liva","description":"Joyer\u00eda con alma y tradici\u00f3n gallega","publisher":{"@id":"https:\/\/galiva.es\/#organization"},"alternateName":"G\u00e1liva","potentialAction":[{"@type":"SearchAction","target":{"@type":"EntryPoint","urlTemplate":"https:\/\/galiva.es\/?s={search_term_string}"},"query-input":{"@type":"PropertyValueSpecification","valueRequired":true,"valueName":"search_term_string"}}],"inLanguage":"gl-ES"},{"@type":"Organization","@id":"https:\/\/galiva.es\/#organization","name":"G\u00e1liva","alternateName":"G\u00e1liva","url":"https:\/\/galiva.es\/","logo":{"@type":"ImageObject","inLanguage":"gl-ES","@id":"https:\/\/galiva.es\/#\/schema\/logo\/image\/","url":"https:\/\/galiva.es\/wp-content\/uploads\/Logotipo_Galiva.png","contentUrl":"https:\/\/galiva.es\/wp-content\/uploads\/Logotipo_Galiva.png","width":1000,"height":500,"caption":"G\u00e1liva"},"image":{"@id":"https:\/\/galiva.es\/#\/schema\/logo\/image\/"},"sameAs":["https:\/\/www.linkedin.com\/in\/graphicdesigner-laurapreznavarro\/","https:\/\/www.instagram.com\/soylucina\/"]}]}},"_links":{"self":[{"href":"https:\/\/galiva.es\/gl\/wp-json\/wp\/v2\/pages\/7586","targetHints":{"allow":["GET"]}}],"collection":[{"href":"https:\/\/galiva.es\/gl\/wp-json\/wp\/v2\/pages"}],"about":[{"href":"https:\/\/galiva.es\/gl\/wp-json\/wp\/v2\/types\/page"}],"author":[{"embeddable":true,"href":"https:\/\/galiva.es\/gl\/wp-json\/wp\/v2\/users\/1"}],"replies":[{"embeddable":true,"href":"https:\/\/galiva.es\/gl\/wp-json\/wp\/v2\/comments?post=7586"}],"version-history":[{"count":0,"href":"https:\/\/galiva.es\/gl\/wp-json\/wp\/v2\/pages\/7586\/revisions"}],"up":[{"embeddable":true,"href":"https:\/\/galiva.es\/gl\/wp-json\/wp\/v2\/pages\/396"}],"wp:attachment":[{"href":"https:\/\/galiva.es\/gl\/wp-json\/wp\/v2\/media?parent=7586"}],"curies":[{"name":"wp","href":"https:\/\/api.w.org\/{rel}","templated":true}]}}