{"id":10792,"date":"2025-09-24T19:20:18","date_gmt":"2025-09-24T17:20:18","guid":{"rendered":"https:\/\/galiva.es\/?post_type=product&#038;p=10792"},"modified":"2026-02-17T18:03:53","modified_gmt":"2026-02-17T17:03:53","slug":"set-anora","status":"publish","type":"product","link":"https:\/\/galiva.es\/gl\/produto\/set-anora\/","title":{"rendered":"Conxunto ANORA"},"content":{"rendered":"<p>a. Medidas:<\/p>\n<ol>\n<li>Pendente: 31.5 x 17,3 x 1,8 mm<\/li>\n<li><span dir=\"auto\" style=\"vertical-align: inherit;\"><span dir=\"auto\" style=\"vertical-align: inherit;\">Colar: 72,6 x 26 x 3 mm<\/span><\/span><\/li>\n<li><span dir=\"auto\" style=\"vertical-align: inherit;\"><span dir=\"auto\" style=\"vertical-align: inherit;\"><span dir=\"auto\" style=\"vertical-align: inherit;\"><span dir=\"auto\" style=\"vertical-align: inherit;\">Anel: S (21,74 x 21,74 x 9.6 mm); M (22,95 x 22,95 x 10,13 mm); L (24,15 x 24,15 x 10.6 mm); XL (25,35 x 25,35 x 11,19 mm).<\/span><\/span><\/span><\/span><\/li>\n<li>Pulseira: o 18,4 x 14,7 x 2 mm (cada peza, 3 pezas por pulseira).<\/li>\n<li>Garfo: 20 \" x 68,4 x 5.3 mm<\/li>\n<\/ol>\n<p>b. Material: Peza de filamento PLA.<\/p>\n<p>c. Posproduci\u00f3n: Modelado dixitalmente en 3D, impr\u00edmese en filamento PLA. Despois da impresi\u00f3n, cada peza som\u00e9tese a un proceso artesanal de lixado e barnizado con spray MTN PRO Gloss, conseguindo un acabado brillante que realza a textura e a profundidade da cor.<\/p>","protected":false},"excerpt":{"rendered":"<p>Un conxunto de 4 pezas que renden homenaxe \u00e1 natureza galaica e ao simbolismo celta. O seu dese\u00f1o presenta unha composici\u00f3n de n\u00f3s celtas cun motivo central que lembra unha flor, reflectindo a conexi\u00f3n entre a terra, a tradici\u00f3n e a beleza org\u00e1nica.<\/p>\n<p><em>*Debe seleccionar o tama\u00f1o e a cor desexada para o anel.<\/em><\/p>","protected":false},"featured_media":8741,"comment_status":"open","ping_status":"closed","template":"","meta":{"_acf_changed":false,"_cloudinary_featured_overwrite":false},"product_brand":[],"product_cat":[134],"product_tag":[388],"class_list":{"0":"post-10792","1":"product","2":"type-product","3":"status-publish","4":"has-post-thumbnail","6":"product_cat-galiva-es","7":"product_tag-sets","9":"first","10":"instock","11":"taxable","12":"shipping-taxable","13":"purchasable","14":"product-type-composite"},"acf":[],"yoast_head":"<!-- This site is optimized with the Yoast SEO plugin v27.5 - https:\/\/yoast.com\/product\/yoast-seo-wordpress\/ -->\n<title>Set ANORA &#8226; Joyer\u00eda 3D<\/title>\n<meta name=\"description\" content=\"Conjunto Anora, dise\u00f1o celta en impresi\u00f3n 3D con acabados en azul marino y piedra caliza. Inspirado en la naturaleza gallega y la idea de uni\u00f3n y eternidad.\" \/>\n<meta name=\"robots\" content=\"noindex, follow, max-snippet:-1, max-image-preview:large, max-video-preview:-1\" \/>\n<meta property=\"og:locale\" content=\"gl_ES\" \/>\n<meta property=\"og:type\" content=\"article\" \/>\n<meta property=\"og:title\" content=\"Set ANORA &#8226; Joyer\u00eda 3D\" \/>\n<meta property=\"og:description\" content=\"Conjunto Anora, dise\u00f1o celta en impresi\u00f3n 3D con acabados en azul marino y piedra caliza. Inspirado en la naturaleza gallega y la idea de uni\u00f3n y eternidad.\" \/>\n<meta property=\"og:url\" content=\"https:\/\/galiva.es\/gl\/produto\/set-anora\/\" \/>\n<meta property=\"og:site_name\" content=\"G\u00e1liva\" \/>\n<meta property=\"article:modified_time\" content=\"2026-02-17T17:03:53+00:00\" \/>\n<meta property=\"og:image\" content=\"https:\/\/res.cloudinary.com\/dr66iklqt\/images\/f_auto,q_auto\/v1754400517\/anora-conjunto-4_zdydgm\/anora-conjunto-4_zdydgm.jpg?_i=AA\" \/>\n\t<meta property=\"og:image:width\" content=\"1920\" \/>\n\t<meta property=\"og:image:height\" content=\"1920\" \/>\n\t<meta property=\"og:image:type\" content=\"image\/jpeg\" \/>\n<meta name=\"twitter:card\" content=\"summary_large_image\" \/>\n<meta name=\"twitter:label1\" content=\"Tempo de lectura\" \/>\n\t<meta name=\"twitter:data1\" content=\"1 minuto\" \/>\n<script type=\"application\/ld+json\" class=\"yoast-schema-graph\">{\"@context\":\"https:\\\/\\\/schema.org\",\"@graph\":[{\"@type\":\"WebPage\",\"@id\":\"https:\\\/\\\/galiva.es\\\/producto\\\/set-anora\\\/\",\"url\":\"https:\\\/\\\/galiva.es\\\/producto\\\/set-anora\\\/\",\"name\":\"Set ANORA &#8226; Joyer\u00eda 3D\",\"isPartOf\":{\"@id\":\"https:\\\/\\\/galiva.es\\\/#website\"},\"primaryImageOfPage\":{\"@id\":\"https:\\\/\\\/galiva.es\\\/producto\\\/set-anora\\\/#primaryimage\"},\"image\":{\"@id\":\"https:\\\/\\\/galiva.es\\\/producto\\\/set-anora\\\/#primaryimage\"},\"thumbnailUrl\":\"https:\\\/\\\/res.cloudinary.com\\\/dr66iklqt\\\/images\\\/f_auto,q_auto\\\/v1754400517\\\/anora-conjunto-4_zdydgm\\\/anora-conjunto-4_zdydgm.jpg?_i=AA\",\"datePublished\":\"2025-09-24T17:20:18+00:00\",\"dateModified\":\"2026-02-17T17:03:53+00:00\",\"description\":\"Conjunto Anora, dise\u00f1o celta en impresi\u00f3n 3D con acabados en azul marino y piedra caliza. Inspirado en la naturaleza gallega y la idea de uni\u00f3n y eternidad.\",\"breadcrumb\":{\"@id\":\"https:\\\/\\\/galiva.es\\\/producto\\\/set-anora\\\/#breadcrumb\"},\"inLanguage\":\"gl-ES\",\"potentialAction\":[{\"@type\":\"ReadAction\",\"target\":[\"https:\\\/\\\/galiva.es\\\/producto\\\/set-anora\\\/\"]}]},{\"@type\":\"ImageObject\",\"inLanguage\":\"gl-ES\",\"@id\":\"https:\\\/\\\/galiva.es\\\/producto\\\/set-anora\\\/#primaryimage\",\"url\":\"https:\\\/\\\/res.cloudinary.com\\\/dr66iklqt\\\/images\\\/f_auto,q_auto\\\/v1754400517\\\/anora-conjunto-4_zdydgm\\\/anora-conjunto-4_zdydgm.jpg?_i=AA\",\"contentUrl\":\"https:\\\/\\\/res.cloudinary.com\\\/dr66iklqt\\\/images\\\/f_auto,q_auto\\\/v1754400517\\\/anora-conjunto-4_zdydgm\\\/anora-conjunto-4_zdydgm.jpg?_i=AA\",\"width\":1920,\"height\":1920,\"caption\":\"Conjunto Anora\"},{\"@type\":\"BreadcrumbList\",\"@id\":\"https:\\\/\\\/galiva.es\\\/producto\\\/set-anora\\\/#breadcrumb\",\"itemListElement\":[{\"@type\":\"ListItem\",\"position\":1,\"name\":\"Home\",\"item\":\"https:\\\/\\\/galiva.es\\\/\"},{\"@type\":\"ListItem\",\"position\":2,\"name\":\"Tienda\",\"item\":\"https:\\\/\\\/galiva.es\\\/tienda-joyas-3d\\\/\"},{\"@type\":\"ListItem\",\"position\":3,\"name\":\"Set ANORA\"}]},{\"@type\":\"WebSite\",\"@id\":\"https:\\\/\\\/galiva.es\\\/#website\",\"url\":\"https:\\\/\\\/galiva.es\\\/\",\"name\":\"G\u00e1liva\",\"description\":\"Joyer\u00eda con alma y tradici\u00f3n gallega\",\"publisher\":{\"@id\":\"https:\\\/\\\/galiva.es\\\/#organization\"},\"alternateName\":\"G\u00e1liva\",\"potentialAction\":[{\"@type\":\"SearchAction\",\"target\":{\"@type\":\"EntryPoint\",\"urlTemplate\":\"https:\\\/\\\/galiva.es\\\/?s={search_term_string}\"},\"query-input\":{\"@type\":\"PropertyValueSpecification\",\"valueRequired\":true,\"valueName\":\"search_term_string\"}}],\"inLanguage\":\"gl-ES\"},{\"@type\":\"Organization\",\"@id\":\"https:\\\/\\\/galiva.es\\\/#organization\",\"name\":\"G\u00e1liva\",\"alternateName\":\"G\u00e1liva\",\"url\":\"https:\\\/\\\/galiva.es\\\/\",\"logo\":{\"@type\":\"ImageObject\",\"inLanguage\":\"gl-ES\",\"@id\":\"https:\\\/\\\/galiva.es\\\/#\\\/schema\\\/logo\\\/image\\\/\",\"url\":\"https:\\\/\\\/galiva.es\\\/wp-content\\\/uploads\\\/Logotipo_Galiva.png\",\"contentUrl\":\"https:\\\/\\\/galiva.es\\\/wp-content\\\/uploads\\\/Logotipo_Galiva.png\",\"width\":1000,\"height\":500,\"caption\":\"G\u00e1liva\"},\"image\":{\"@id\":\"https:\\\/\\\/galiva.es\\\/#\\\/schema\\\/logo\\\/image\\\/\"},\"sameAs\":[\"https:\\\/\\\/www.linkedin.com\\\/in\\\/graphicdesigner-laurapreznavarro\\\/\",\"https:\\\/\\\/www.instagram.com\\\/soylucina\\\/\"]}]}<\/script>\n<!-- \/ Yoast SEO plugin. -->","yoast_head_json":{"title":"Set ANORA &#8226; Joyer\u00eda 3D","description":"Conjunto Anora, dise\u00f1o celta en impresi\u00f3n 3D con acabados en azul marino y piedra caliza. Inspirado en la naturaleza gallega y la idea de uni\u00f3n y eternidad.","robots":{"index":"noindex","follow":"follow","max-snippet":"max-snippet:-1","max-image-preview":"max-image-preview:large","max-video-preview":"max-video-preview:-1"},"og_locale":"gl_ES","og_type":"article","og_title":"Set ANORA &#8226; Joyer\u00eda 3D","og_description":"Conjunto Anora, dise\u00f1o celta en impresi\u00f3n 3D con acabados en azul marino y piedra caliza. Inspirado en la naturaleza gallega y la idea de uni\u00f3n y eternidad.","og_url":"https:\/\/galiva.es\/gl\/produto\/set-anora\/","og_site_name":"G\u00e1liva","article_modified_time":"2026-02-17T17:03:53+00:00","og_image":[{"width":1920,"height":1920,"url":"https:\/\/res.cloudinary.com\/dr66iklqt\/images\/f_auto,q_auto\/v1754400517\/anora-conjunto-4_zdydgm\/anora-conjunto-4_zdydgm.jpg?_i=AA","type":"image\/jpeg"}],"twitter_card":"summary_large_image","twitter_misc":{"Tempo de lectura":"1 minuto"},"schema":{"@context":"https:\/\/schema.org","@graph":[{"@type":"WebPage","@id":"https:\/\/galiva.es\/producto\/set-anora\/","url":"https:\/\/galiva.es\/producto\/set-anora\/","name":"Set ANORA &#8226; Joyer\u00eda 3D","isPartOf":{"@id":"https:\/\/galiva.es\/#website"},"primaryImageOfPage":{"@id":"https:\/\/galiva.es\/producto\/set-anora\/#primaryimage"},"image":{"@id":"https:\/\/galiva.es\/producto\/set-anora\/#primaryimage"},"thumbnailUrl":"https:\/\/res.cloudinary.com\/dr66iklqt\/images\/f_auto,q_auto\/v1754400517\/anora-conjunto-4_zdydgm\/anora-conjunto-4_zdydgm.jpg?_i=AA","datePublished":"2025-09-24T17:20:18+00:00","dateModified":"2026-02-17T17:03:53+00:00","description":"Conjunto Anora, dise\u00f1o celta en impresi\u00f3n 3D con acabados en azul marino y piedra caliza. Inspirado en la naturaleza gallega y la idea de uni\u00f3n y eternidad.","breadcrumb":{"@id":"https:\/\/galiva.es\/producto\/set-anora\/#breadcrumb"},"inLanguage":"gl-ES","potentialAction":[{"@type":"ReadAction","target":["https:\/\/galiva.es\/producto\/set-anora\/"]}]},{"@type":"ImageObject","inLanguage":"gl-ES","@id":"https:\/\/galiva.es\/producto\/set-anora\/#primaryimage","url":"https:\/\/res.cloudinary.com\/dr66iklqt\/images\/f_auto,q_auto\/v1754400517\/anora-conjunto-4_zdydgm\/anora-conjunto-4_zdydgm.jpg?_i=AA","contentUrl":"https:\/\/res.cloudinary.com\/dr66iklqt\/images\/f_auto,q_auto\/v1754400517\/anora-conjunto-4_zdydgm\/anora-conjunto-4_zdydgm.jpg?_i=AA","width":1920,"height":1920,"caption":"Conjunto Anora"},{"@type":"BreadcrumbList","@id":"https:\/\/galiva.es\/producto\/set-anora\/#breadcrumb","itemListElement":[{"@type":"ListItem","position":1,"name":"Home","item":"https:\/\/galiva.es\/"},{"@type":"ListItem","position":2,"name":"Tienda","item":"https:\/\/galiva.es\/tienda-joyas-3d\/"},{"@type":"ListItem","position":3,"name":"Set ANORA"}]},{"@type":"WebSite","@id":"https:\/\/galiva.es\/#website","url":"https:\/\/galiva.es\/","name":"G\u00e1liva","description":"Joyer\u00eda con alma y tradici\u00f3n gallega","publisher":{"@id":"https:\/\/galiva.es\/#organization"},"alternateName":"G\u00e1liva","potentialAction":[{"@type":"SearchAction","target":{"@type":"EntryPoint","urlTemplate":"https:\/\/galiva.es\/?s={search_term_string}"},"query-input":{"@type":"PropertyValueSpecification","valueRequired":true,"valueName":"search_term_string"}}],"inLanguage":"gl-ES"},{"@type":"Organization","@id":"https:\/\/galiva.es\/#organization","name":"G\u00e1liva","alternateName":"G\u00e1liva","url":"https:\/\/galiva.es\/","logo":{"@type":"ImageObject","inLanguage":"gl-ES","@id":"https:\/\/galiva.es\/#\/schema\/logo\/image\/","url":"https:\/\/galiva.es\/wp-content\/uploads\/Logotipo_Galiva.png","contentUrl":"https:\/\/galiva.es\/wp-content\/uploads\/Logotipo_Galiva.png","width":1000,"height":500,"caption":"G\u00e1liva"},"image":{"@id":"https:\/\/galiva.es\/#\/schema\/logo\/image\/"},"sameAs":["https:\/\/www.linkedin.com\/in\/graphicdesigner-laurapreznavarro\/","https:\/\/www.instagram.com\/soylucina\/"]}]}},"_links":{"self":[{"href":"https:\/\/galiva.es\/gl\/wp-json\/wp\/v2\/product\/10792","targetHints":{"allow":["GET"]}}],"collection":[{"href":"https:\/\/galiva.es\/gl\/wp-json\/wp\/v2\/product"}],"about":[{"href":"https:\/\/galiva.es\/gl\/wp-json\/wp\/v2\/types\/product"}],"replies":[{"embeddable":true,"href":"https:\/\/galiva.es\/gl\/wp-json\/wp\/v2\/comments?post=10792"}],"wp:featuredmedia":[{"embeddable":true,"href":"https:\/\/galiva.es\/gl\/wp-json\/wp\/v2\/media\/8741"}],"wp:attachment":[{"href":"https:\/\/galiva.es\/gl\/wp-json\/wp\/v2\/media?parent=10792"}],"wp:term":[{"taxonomy":"product_brand","embeddable":true,"href":"https:\/\/galiva.es\/gl\/wp-json\/wp\/v2\/product_brand?post=10792"},{"taxonomy":"product_cat","embeddable":true,"href":"https:\/\/galiva.es\/gl\/wp-json\/wp\/v2\/product_cat?post=10792"},{"taxonomy":"product_tag","embeddable":true,"href":"https:\/\/galiva.es\/gl\/wp-json\/wp\/v2\/product_tag?post=10792"}],"curies":[{"name":"wp","href":"https:\/\/api.w.org\/{rel}","templated":true}]}}