{"id":11063,"date":"2025-09-27T18:53:11","date_gmt":"2025-09-27T16:53:11","guid":{"rendered":"https:\/\/galiva.es\/?post_type=product&#038;p=11063"},"modified":"2026-02-05T18:54:28","modified_gmt":"2026-02-05T17:54:28","slug":"set-briga","status":"publish","type":"product","link":"https:\/\/galiva.es\/gl\/produto\/set-briga\/","title":{"rendered":"Conxunto BRIGA"},"content":{"rendered":"<p>a. Medidas:<\/p>\n<ol>\n<li>Pendentes: 18,5 x 37 x 2,8 mm<\/li>\n<li>Anel: S (21,7 x 22,1 x 9.8 mm); M (22,9 x 23,3 x 10.3 mm); L (24,1 x 24.6 x 10.8 mm); XL (25,3 x 25.8 x 11,4 mm).<\/li>\n<\/ol>\n<p>b. Material: Peza de filamento PLA.<\/p>\n<p>c. Posproduci\u00f3n: Modelado dixitalmente en 3D, impr\u00edmese en filamento PLA. Despois da impresi\u00f3n, cada peza som\u00e9tese a un proceso artesanal de lixado e barnizado con spray MTN PRO Gloss, conseguindo un acabado brillante que realza a textura e a profundidade da cor.<\/p>","protected":false},"excerpt":{"rendered":"<p>Conxunto de d\u00faas pezas, pendentes e anel. Este conxunto evoca o poder dos antigos castros e dolmens de Galicia, cun dese\u00f1o que incorpora un s\u00edmbolo labir\u00edntico celta na parte superior dos pendentes.<\/p>","protected":false},"featured_media":43292,"comment_status":"open","ping_status":"closed","template":"","meta":{"_acf_changed":false,"_cloudinary_featured_overwrite":false},"product_brand":[],"product_cat":[134],"product_tag":[388],"class_list":{"0":"post-11063","1":"product","2":"type-product","3":"status-publish","4":"has-post-thumbnail","6":"product_cat-galiva-es","7":"product_tag-sets","9":"first","10":"instock","11":"taxable","12":"shipping-taxable","13":"purchasable","14":"product-type-composite"},"acf":[],"yoast_head":"<!-- This site is optimized with the Yoast SEO plugin v27.5 - https:\/\/yoast.com\/product\/yoast-seo-wordpress\/ -->\n<title>Set BRIGA &#8226; Joyer\u00eda 3D<\/title>\n<meta name=\"description\" content=\"El conjunto Briga fusiona geometr\u00eda ancestral y est\u00e9tica contempor\u00e1nea en un set de piezas ligeras y con car\u00e1cter.\" \/>\n<meta name=\"robots\" content=\"noindex, follow, max-snippet:-1, max-image-preview:large, max-video-preview:-1\" \/>\n<meta property=\"og:locale\" content=\"gl_ES\" \/>\n<meta property=\"og:type\" content=\"article\" \/>\n<meta property=\"og:title\" content=\"Set BRIGA &#8226; Joyer\u00eda 3D\" \/>\n<meta property=\"og:description\" content=\"El conjunto Briga fusiona geometr\u00eda ancestral y est\u00e9tica contempor\u00e1nea en un set de piezas ligeras y con car\u00e1cter.\" \/>\n<meta property=\"og:url\" content=\"https:\/\/galiva.es\/gl\/produto\/set-briga\/\" \/>\n<meta property=\"og:site_name\" content=\"G\u00e1liva\" \/>\n<meta property=\"article:modified_time\" content=\"2026-02-05T17:54:28+00:00\" \/>\n<meta name=\"twitter:card\" content=\"summary_large_image\" \/>\n<meta name=\"twitter:image\" content=\"https:\/\/res.cloudinary.com\/dr66iklqt\/images\/f_auto,q_auto\/v1770234059\/briga-conjunto-3_zjivtf\/briga-conjunto-3_zjivtf.jpg?_i=AA\" \/>\n<meta name=\"twitter:label1\" content=\"Tempo de lectura\" \/>\n\t<meta name=\"twitter:data1\" content=\"1 minuto\" \/>\n<script type=\"application\/ld+json\" class=\"yoast-schema-graph\">{\"@context\":\"https:\\\/\\\/schema.org\",\"@graph\":[{\"@type\":\"WebPage\",\"@id\":\"https:\\\/\\\/galiva.es\\\/producto\\\/set-briga\\\/\",\"url\":\"https:\\\/\\\/galiva.es\\\/producto\\\/set-briga\\\/\",\"name\":\"Set BRIGA &#8226; Joyer\u00eda 3D\",\"isPartOf\":{\"@id\":\"https:\\\/\\\/galiva.es\\\/#website\"},\"primaryImageOfPage\":{\"@id\":\"https:\\\/\\\/galiva.es\\\/producto\\\/set-briga\\\/#primaryimage\"},\"image\":{\"@id\":\"https:\\\/\\\/galiva.es\\\/producto\\\/set-briga\\\/#primaryimage\"},\"thumbnailUrl\":\"https:\\\/\\\/res.cloudinary.com\\\/dr66iklqt\\\/images\\\/f_auto,q_auto\\\/v1770234059\\\/briga-conjunto-3_zjivtf\\\/briga-conjunto-3_zjivtf.jpg?_i=AA\",\"datePublished\":\"2025-09-27T16:53:11+00:00\",\"dateModified\":\"2026-02-05T17:54:28+00:00\",\"description\":\"El conjunto Briga fusiona geometr\u00eda ancestral y est\u00e9tica contempor\u00e1nea en un set de piezas ligeras y con car\u00e1cter.\",\"breadcrumb\":{\"@id\":\"https:\\\/\\\/galiva.es\\\/producto\\\/set-briga\\\/#breadcrumb\"},\"inLanguage\":\"gl-ES\",\"potentialAction\":[{\"@type\":\"ReadAction\",\"target\":[\"https:\\\/\\\/galiva.es\\\/producto\\\/set-briga\\\/\"]}]},{\"@type\":\"ImageObject\",\"inLanguage\":\"gl-ES\",\"@id\":\"https:\\\/\\\/galiva.es\\\/producto\\\/set-briga\\\/#primaryimage\",\"url\":\"https:\\\/\\\/res.cloudinary.com\\\/dr66iklqt\\\/images\\\/f_auto,q_auto\\\/v1770234059\\\/briga-conjunto-3_zjivtf\\\/briga-conjunto-3_zjivtf.jpg?_i=AA\",\"contentUrl\":\"https:\\\/\\\/res.cloudinary.com\\\/dr66iklqt\\\/images\\\/f_auto,q_auto\\\/v1770234059\\\/briga-conjunto-3_zjivtf\\\/briga-conjunto-3_zjivtf.jpg?_i=AA\",\"width\":1920,\"height\":1920,\"caption\":\"Conjunto Briga\"},{\"@type\":\"BreadcrumbList\",\"@id\":\"https:\\\/\\\/galiva.es\\\/producto\\\/set-briga\\\/#breadcrumb\",\"itemListElement\":[{\"@type\":\"ListItem\",\"position\":1,\"name\":\"Home\",\"item\":\"https:\\\/\\\/galiva.es\\\/\"},{\"@type\":\"ListItem\",\"position\":2,\"name\":\"Tienda\",\"item\":\"https:\\\/\\\/galiva.es\\\/tienda-joyas-3d\\\/\"},{\"@type\":\"ListItem\",\"position\":3,\"name\":\"Set BRIGA\"}]},{\"@type\":\"WebSite\",\"@id\":\"https:\\\/\\\/galiva.es\\\/#website\",\"url\":\"https:\\\/\\\/galiva.es\\\/\",\"name\":\"G\u00e1liva\",\"description\":\"Joyer\u00eda con alma y tradici\u00f3n gallega\",\"publisher\":{\"@id\":\"https:\\\/\\\/galiva.es\\\/#organization\"},\"alternateName\":\"G\u00e1liva\",\"potentialAction\":[{\"@type\":\"SearchAction\",\"target\":{\"@type\":\"EntryPoint\",\"urlTemplate\":\"https:\\\/\\\/galiva.es\\\/?s={search_term_string}\"},\"query-input\":{\"@type\":\"PropertyValueSpecification\",\"valueRequired\":true,\"valueName\":\"search_term_string\"}}],\"inLanguage\":\"gl-ES\"},{\"@type\":\"Organization\",\"@id\":\"https:\\\/\\\/galiva.es\\\/#organization\",\"name\":\"G\u00e1liva\",\"alternateName\":\"G\u00e1liva\",\"url\":\"https:\\\/\\\/galiva.es\\\/\",\"logo\":{\"@type\":\"ImageObject\",\"inLanguage\":\"gl-ES\",\"@id\":\"https:\\\/\\\/galiva.es\\\/#\\\/schema\\\/logo\\\/image\\\/\",\"url\":\"https:\\\/\\\/galiva.es\\\/wp-content\\\/uploads\\\/Logotipo_Galiva.png\",\"contentUrl\":\"https:\\\/\\\/galiva.es\\\/wp-content\\\/uploads\\\/Logotipo_Galiva.png\",\"width\":1000,\"height\":500,\"caption\":\"G\u00e1liva\"},\"image\":{\"@id\":\"https:\\\/\\\/galiva.es\\\/#\\\/schema\\\/logo\\\/image\\\/\"},\"sameAs\":[\"https:\\\/\\\/www.linkedin.com\\\/in\\\/graphicdesigner-laurapreznavarro\\\/\",\"https:\\\/\\\/www.instagram.com\\\/soylucina\\\/\"]}]}<\/script>\n<!-- \/ Yoast SEO plugin. -->","yoast_head_json":{"title":"Set BRIGA &#8226; Joyer\u00eda 3D","description":"El conjunto Briga fusiona geometr\u00eda ancestral y est\u00e9tica contempor\u00e1nea en un set de piezas ligeras y con car\u00e1cter.","robots":{"index":"noindex","follow":"follow","max-snippet":"max-snippet:-1","max-image-preview":"max-image-preview:large","max-video-preview":"max-video-preview:-1"},"og_locale":"gl_ES","og_type":"article","og_title":"Set BRIGA &#8226; Joyer\u00eda 3D","og_description":"El conjunto Briga fusiona geometr\u00eda ancestral y est\u00e9tica contempor\u00e1nea en un set de piezas ligeras y con car\u00e1cter.","og_url":"https:\/\/galiva.es\/gl\/produto\/set-briga\/","og_site_name":"G\u00e1liva","article_modified_time":"2026-02-05T17:54:28+00:00","twitter_card":"summary_large_image","twitter_image":"https:\/\/res.cloudinary.com\/dr66iklqt\/images\/f_auto,q_auto\/v1770234059\/briga-conjunto-3_zjivtf\/briga-conjunto-3_zjivtf.jpg?_i=AA","twitter_misc":{"Tempo de lectura":"1 minuto"},"schema":{"@context":"https:\/\/schema.org","@graph":[{"@type":"WebPage","@id":"https:\/\/galiva.es\/producto\/set-briga\/","url":"https:\/\/galiva.es\/producto\/set-briga\/","name":"Set BRIGA &#8226; Joyer\u00eda 3D","isPartOf":{"@id":"https:\/\/galiva.es\/#website"},"primaryImageOfPage":{"@id":"https:\/\/galiva.es\/producto\/set-briga\/#primaryimage"},"image":{"@id":"https:\/\/galiva.es\/producto\/set-briga\/#primaryimage"},"thumbnailUrl":"https:\/\/res.cloudinary.com\/dr66iklqt\/images\/f_auto,q_auto\/v1770234059\/briga-conjunto-3_zjivtf\/briga-conjunto-3_zjivtf.jpg?_i=AA","datePublished":"2025-09-27T16:53:11+00:00","dateModified":"2026-02-05T17:54:28+00:00","description":"El conjunto Briga fusiona geometr\u00eda ancestral y est\u00e9tica contempor\u00e1nea en un set de piezas ligeras y con car\u00e1cter.","breadcrumb":{"@id":"https:\/\/galiva.es\/producto\/set-briga\/#breadcrumb"},"inLanguage":"gl-ES","potentialAction":[{"@type":"ReadAction","target":["https:\/\/galiva.es\/producto\/set-briga\/"]}]},{"@type":"ImageObject","inLanguage":"gl-ES","@id":"https:\/\/galiva.es\/producto\/set-briga\/#primaryimage","url":"https:\/\/res.cloudinary.com\/dr66iklqt\/images\/f_auto,q_auto\/v1770234059\/briga-conjunto-3_zjivtf\/briga-conjunto-3_zjivtf.jpg?_i=AA","contentUrl":"https:\/\/res.cloudinary.com\/dr66iklqt\/images\/f_auto,q_auto\/v1770234059\/briga-conjunto-3_zjivtf\/briga-conjunto-3_zjivtf.jpg?_i=AA","width":1920,"height":1920,"caption":"Conjunto Briga"},{"@type":"BreadcrumbList","@id":"https:\/\/galiva.es\/producto\/set-briga\/#breadcrumb","itemListElement":[{"@type":"ListItem","position":1,"name":"Home","item":"https:\/\/galiva.es\/"},{"@type":"ListItem","position":2,"name":"Tienda","item":"https:\/\/galiva.es\/tienda-joyas-3d\/"},{"@type":"ListItem","position":3,"name":"Set BRIGA"}]},{"@type":"WebSite","@id":"https:\/\/galiva.es\/#website","url":"https:\/\/galiva.es\/","name":"G\u00e1liva","description":"Joyer\u00eda con alma y tradici\u00f3n gallega","publisher":{"@id":"https:\/\/galiva.es\/#organization"},"alternateName":"G\u00e1liva","potentialAction":[{"@type":"SearchAction","target":{"@type":"EntryPoint","urlTemplate":"https:\/\/galiva.es\/?s={search_term_string}"},"query-input":{"@type":"PropertyValueSpecification","valueRequired":true,"valueName":"search_term_string"}}],"inLanguage":"gl-ES"},{"@type":"Organization","@id":"https:\/\/galiva.es\/#organization","name":"G\u00e1liva","alternateName":"G\u00e1liva","url":"https:\/\/galiva.es\/","logo":{"@type":"ImageObject","inLanguage":"gl-ES","@id":"https:\/\/galiva.es\/#\/schema\/logo\/image\/","url":"https:\/\/galiva.es\/wp-content\/uploads\/Logotipo_Galiva.png","contentUrl":"https:\/\/galiva.es\/wp-content\/uploads\/Logotipo_Galiva.png","width":1000,"height":500,"caption":"G\u00e1liva"},"image":{"@id":"https:\/\/galiva.es\/#\/schema\/logo\/image\/"},"sameAs":["https:\/\/www.linkedin.com\/in\/graphicdesigner-laurapreznavarro\/","https:\/\/www.instagram.com\/soylucina\/"]}]}},"_links":{"self":[{"href":"https:\/\/galiva.es\/gl\/wp-json\/wp\/v2\/product\/11063","targetHints":{"allow":["GET"]}}],"collection":[{"href":"https:\/\/galiva.es\/gl\/wp-json\/wp\/v2\/product"}],"about":[{"href":"https:\/\/galiva.es\/gl\/wp-json\/wp\/v2\/types\/product"}],"replies":[{"embeddable":true,"href":"https:\/\/galiva.es\/gl\/wp-json\/wp\/v2\/comments?post=11063"}],"wp:featuredmedia":[{"embeddable":true,"href":"https:\/\/galiva.es\/gl\/wp-json\/wp\/v2\/media\/43292"}],"wp:attachment":[{"href":"https:\/\/galiva.es\/gl\/wp-json\/wp\/v2\/media?parent=11063"}],"wp:term":[{"taxonomy":"product_brand","embeddable":true,"href":"https:\/\/galiva.es\/gl\/wp-json\/wp\/v2\/product_brand?post=11063"},{"taxonomy":"product_cat","embeddable":true,"href":"https:\/\/galiva.es\/gl\/wp-json\/wp\/v2\/product_cat?post=11063"},{"taxonomy":"product_tag","embeddable":true,"href":"https:\/\/galiva.es\/gl\/wp-json\/wp\/v2\/product_tag?post=11063"}],"curies":[{"name":"wp","href":"https:\/\/api.w.org\/{rel}","templated":true}]}}