{"id":11132,"date":"2025-09-29T18:22:55","date_gmt":"2025-09-29T16:22:55","guid":{"rendered":"https:\/\/galiva.es\/?post_type=product&#038;p=11132"},"modified":"2026-02-05T22:15:41","modified_gmt":"2026-02-05T21:15:41","slug":"llavero-orin-brath","status":"publish","type":"product","link":"https:\/\/galiva.es\/gl\/produto\/llavero-orin-brath\/","title":{"rendered":"Chaveiro ORIN (Brath)"},"content":{"rendered":"<p>a. Dimensi\u00f3ns: 29,4 x 41,7 x 3 mm<\/p>\n<p>b. Material: Peza de filamento PLA.<\/p>\n<p>c. Montaxe: Mosquet\u00f3n de 32 mm e anel de 25 mm, ambos en zinc cor prata.<\/p>\n<p>d. Posproduci\u00f3n: Modelado dixitalmente en 3D, impr\u00edmese en filamento PLA. Tras a impresi\u00f3n, cada peza som\u00e9tese a un proceso artesanal de lixado e barnizado con spray MTN PRO Gloss, conseguindo un acabado brillante que realza a textura e a profundidade da cor.<\/p>","protected":false},"excerpt":{"rendered":"<p>O chaveiro Brath evoca o pai de Breog\u00e1n, unha figura de liderado e orixe m\u00edtica. O seu dese\u00f1o de l\u00faa crecente impreso en 3D reflicte forza, visi\u00f3n e legado. Unha peza que conecta co esp\u00edrito fundacional e a historia de Galicia.<\/p>","protected":false},"featured_media":11074,"comment_status":"open","ping_status":"closed","template":"","meta":{"_acf_changed":false,"_cloudinary_featured_overwrite":false},"product_brand":[],"product_cat":[134],"product_tag":[171],"class_list":{"0":"post-11132","1":"product","2":"type-product","3":"status-publish","4":"has-post-thumbnail","6":"product_cat-galiva-es","7":"product_tag-llaveros","9":"first","10":"instock","11":"taxable","12":"shipping-taxable","13":"purchasable","14":"product-type-simple"},"acf":[],"yoast_head":"<!-- This site is optimized with the Yoast SEO plugin v27.5 - https:\/\/yoast.com\/product\/yoast-seo-wordpress\/ -->\n<title>Llavero ORIN (Brath) &#8226; Joyer\u00eda 3D<\/title>\n<meta name=\"description\" content=\"Llavero Brath con media luna impresa en 3D, inspirado en el padre de Breog\u00e1n. Un s\u00edmbolo de liderazgo, origen y fuerza ancestral.\" \/>\n<meta name=\"robots\" content=\"noindex, follow, max-snippet:-1, max-image-preview:large, max-video-preview:-1\" \/>\n<meta property=\"og:locale\" content=\"gl_ES\" \/>\n<meta property=\"og:type\" content=\"article\" \/>\n<meta property=\"og:title\" content=\"Llavero ORIN (Brath) &#8226; Joyer\u00eda 3D\" \/>\n<meta property=\"og:description\" content=\"Llavero Brath con media luna impresa en 3D, inspirado en el padre de Breog\u00e1n. Un s\u00edmbolo de liderazgo, origen y fuerza ancestral.\" \/>\n<meta property=\"og:url\" content=\"https:\/\/galiva.es\/gl\/produto\/llavero-orin-brath\/\" \/>\n<meta property=\"og:site_name\" content=\"G\u00e1liva\" \/>\n<meta property=\"article:modified_time\" content=\"2026-02-05T21:15:41+00:00\" \/>\n<meta property=\"og:image\" content=\"https:\/\/res.cloudinary.com\/dr66iklqt\/images\/f_auto,q_auto\/v1758227295\/orin-llavero-4_sinFondo_hwquj5\/orin-llavero-4_sinFondo_hwquj5.png?_i=AA\" \/>\n\t<meta property=\"og:image:width\" content=\"1920\" \/>\n\t<meta property=\"og:image:height\" content=\"1920\" \/>\n\t<meta property=\"og:image:type\" content=\"image\/png\" \/>\n<meta name=\"twitter:card\" content=\"summary_large_image\" \/>\n<meta name=\"twitter:label1\" content=\"Tempo de lectura\" \/>\n\t<meta name=\"twitter:data1\" content=\"1 minuto\" \/>\n<script type=\"application\/ld+json\" class=\"yoast-schema-graph\">{\"@context\":\"https:\\\/\\\/schema.org\",\"@graph\":[{\"@type\":\"WebPage\",\"@id\":\"https:\\\/\\\/galiva.es\\\/producto\\\/llavero-orin-brath\\\/\",\"url\":\"https:\\\/\\\/galiva.es\\\/producto\\\/llavero-orin-brath\\\/\",\"name\":\"Llavero ORIN (Brath) &#8226; Joyer\u00eda 3D\",\"isPartOf\":{\"@id\":\"https:\\\/\\\/galiva.es\\\/#website\"},\"primaryImageOfPage\":{\"@id\":\"https:\\\/\\\/galiva.es\\\/producto\\\/llavero-orin-brath\\\/#primaryimage\"},\"image\":{\"@id\":\"https:\\\/\\\/galiva.es\\\/producto\\\/llavero-orin-brath\\\/#primaryimage\"},\"thumbnailUrl\":\"https:\\\/\\\/res.cloudinary.com\\\/dr66iklqt\\\/images\\\/f_auto,q_auto\\\/v1758227295\\\/orin-llavero-4_sinFondo_hwquj5\\\/orin-llavero-4_sinFondo_hwquj5.png?_i=AA\",\"datePublished\":\"2025-09-29T16:22:55+00:00\",\"dateModified\":\"2026-02-05T21:15:41+00:00\",\"description\":\"Llavero Brath con media luna impresa en 3D, inspirado en el padre de Breog\u00e1n. Un s\u00edmbolo de liderazgo, origen y fuerza ancestral.\",\"breadcrumb\":{\"@id\":\"https:\\\/\\\/galiva.es\\\/producto\\\/llavero-orin-brath\\\/#breadcrumb\"},\"inLanguage\":\"gl-ES\",\"potentialAction\":[{\"@type\":\"ReadAction\",\"target\":[\"https:\\\/\\\/galiva.es\\\/producto\\\/llavero-orin-brath\\\/\"]}]},{\"@type\":\"ImageObject\",\"inLanguage\":\"gl-ES\",\"@id\":\"https:\\\/\\\/galiva.es\\\/producto\\\/llavero-orin-brath\\\/#primaryimage\",\"url\":\"https:\\\/\\\/res.cloudinary.com\\\/dr66iklqt\\\/images\\\/f_auto,q_auto\\\/v1758227295\\\/orin-llavero-4_sinFondo_hwquj5\\\/orin-llavero-4_sinFondo_hwquj5.png?_i=AA\",\"contentUrl\":\"https:\\\/\\\/res.cloudinary.com\\\/dr66iklqt\\\/images\\\/f_auto,q_auto\\\/v1758227295\\\/orin-llavero-4_sinFondo_hwquj5\\\/orin-llavero-4_sinFondo_hwquj5.png?_i=AA\",\"width\":1920,\"height\":1920,\"caption\":\"Llavero Orin, Brath.\"},{\"@type\":\"BreadcrumbList\",\"@id\":\"https:\\\/\\\/galiva.es\\\/producto\\\/llavero-orin-brath\\\/#breadcrumb\",\"itemListElement\":[{\"@type\":\"ListItem\",\"position\":1,\"name\":\"Home\",\"item\":\"https:\\\/\\\/galiva.es\\\/\"},{\"@type\":\"ListItem\",\"position\":2,\"name\":\"Tienda\",\"item\":\"https:\\\/\\\/galiva.es\\\/tienda-joyas-3d\\\/\"},{\"@type\":\"ListItem\",\"position\":3,\"name\":\"Llavero ORIN (Brath)\"}]},{\"@type\":\"WebSite\",\"@id\":\"https:\\\/\\\/galiva.es\\\/#website\",\"url\":\"https:\\\/\\\/galiva.es\\\/\",\"name\":\"G\u00e1liva\",\"description\":\"Joyer\u00eda con alma y tradici\u00f3n gallega\",\"publisher\":{\"@id\":\"https:\\\/\\\/galiva.es\\\/#organization\"},\"alternateName\":\"G\u00e1liva\",\"potentialAction\":[{\"@type\":\"SearchAction\",\"target\":{\"@type\":\"EntryPoint\",\"urlTemplate\":\"https:\\\/\\\/galiva.es\\\/?s={search_term_string}\"},\"query-input\":{\"@type\":\"PropertyValueSpecification\",\"valueRequired\":true,\"valueName\":\"search_term_string\"}}],\"inLanguage\":\"gl-ES\"},{\"@type\":\"Organization\",\"@id\":\"https:\\\/\\\/galiva.es\\\/#organization\",\"name\":\"G\u00e1liva\",\"alternateName\":\"G\u00e1liva\",\"url\":\"https:\\\/\\\/galiva.es\\\/\",\"logo\":{\"@type\":\"ImageObject\",\"inLanguage\":\"gl-ES\",\"@id\":\"https:\\\/\\\/galiva.es\\\/#\\\/schema\\\/logo\\\/image\\\/\",\"url\":\"https:\\\/\\\/galiva.es\\\/wp-content\\\/uploads\\\/Logotipo_Galiva.png\",\"contentUrl\":\"https:\\\/\\\/galiva.es\\\/wp-content\\\/uploads\\\/Logotipo_Galiva.png\",\"width\":1000,\"height\":500,\"caption\":\"G\u00e1liva\"},\"image\":{\"@id\":\"https:\\\/\\\/galiva.es\\\/#\\\/schema\\\/logo\\\/image\\\/\"},\"sameAs\":[\"https:\\\/\\\/www.linkedin.com\\\/in\\\/graphicdesigner-laurapreznavarro\\\/\",\"https:\\\/\\\/www.instagram.com\\\/soylucina\\\/\"]}]}<\/script>\n<!-- \/ Yoast SEO plugin. -->","yoast_head_json":{"title":"Llavero ORIN (Brath) &#8226; Joyer\u00eda 3D","description":"Llavero Brath con media luna impresa en 3D, inspirado en el padre de Breog\u00e1n. Un s\u00edmbolo de liderazgo, origen y fuerza ancestral.","robots":{"index":"noindex","follow":"follow","max-snippet":"max-snippet:-1","max-image-preview":"max-image-preview:large","max-video-preview":"max-video-preview:-1"},"og_locale":"gl_ES","og_type":"article","og_title":"Llavero ORIN (Brath) &#8226; Joyer\u00eda 3D","og_description":"Llavero Brath con media luna impresa en 3D, inspirado en el padre de Breog\u00e1n. Un s\u00edmbolo de liderazgo, origen y fuerza ancestral.","og_url":"https:\/\/galiva.es\/gl\/produto\/llavero-orin-brath\/","og_site_name":"G\u00e1liva","article_modified_time":"2026-02-05T21:15:41+00:00","og_image":[{"width":1920,"height":1920,"url":"https:\/\/res.cloudinary.com\/dr66iklqt\/images\/f_auto,q_auto\/v1758227295\/orin-llavero-4_sinFondo_hwquj5\/orin-llavero-4_sinFondo_hwquj5.png?_i=AA","type":"image\/png"}],"twitter_card":"summary_large_image","twitter_misc":{"Tempo de lectura":"1 minuto"},"schema":{"@context":"https:\/\/schema.org","@graph":[{"@type":"WebPage","@id":"https:\/\/galiva.es\/producto\/llavero-orin-brath\/","url":"https:\/\/galiva.es\/producto\/llavero-orin-brath\/","name":"Llavero ORIN (Brath) &#8226; Joyer\u00eda 3D","isPartOf":{"@id":"https:\/\/galiva.es\/#website"},"primaryImageOfPage":{"@id":"https:\/\/galiva.es\/producto\/llavero-orin-brath\/#primaryimage"},"image":{"@id":"https:\/\/galiva.es\/producto\/llavero-orin-brath\/#primaryimage"},"thumbnailUrl":"https:\/\/res.cloudinary.com\/dr66iklqt\/images\/f_auto,q_auto\/v1758227295\/orin-llavero-4_sinFondo_hwquj5\/orin-llavero-4_sinFondo_hwquj5.png?_i=AA","datePublished":"2025-09-29T16:22:55+00:00","dateModified":"2026-02-05T21:15:41+00:00","description":"Llavero Brath con media luna impresa en 3D, inspirado en el padre de Breog\u00e1n. Un s\u00edmbolo de liderazgo, origen y fuerza ancestral.","breadcrumb":{"@id":"https:\/\/galiva.es\/producto\/llavero-orin-brath\/#breadcrumb"},"inLanguage":"gl-ES","potentialAction":[{"@type":"ReadAction","target":["https:\/\/galiva.es\/producto\/llavero-orin-brath\/"]}]},{"@type":"ImageObject","inLanguage":"gl-ES","@id":"https:\/\/galiva.es\/producto\/llavero-orin-brath\/#primaryimage","url":"https:\/\/res.cloudinary.com\/dr66iklqt\/images\/f_auto,q_auto\/v1758227295\/orin-llavero-4_sinFondo_hwquj5\/orin-llavero-4_sinFondo_hwquj5.png?_i=AA","contentUrl":"https:\/\/res.cloudinary.com\/dr66iklqt\/images\/f_auto,q_auto\/v1758227295\/orin-llavero-4_sinFondo_hwquj5\/orin-llavero-4_sinFondo_hwquj5.png?_i=AA","width":1920,"height":1920,"caption":"Llavero Orin, Brath."},{"@type":"BreadcrumbList","@id":"https:\/\/galiva.es\/producto\/llavero-orin-brath\/#breadcrumb","itemListElement":[{"@type":"ListItem","position":1,"name":"Home","item":"https:\/\/galiva.es\/"},{"@type":"ListItem","position":2,"name":"Tienda","item":"https:\/\/galiva.es\/tienda-joyas-3d\/"},{"@type":"ListItem","position":3,"name":"Llavero ORIN (Brath)"}]},{"@type":"WebSite","@id":"https:\/\/galiva.es\/#website","url":"https:\/\/galiva.es\/","name":"G\u00e1liva","description":"Joyer\u00eda con alma y tradici\u00f3n gallega","publisher":{"@id":"https:\/\/galiva.es\/#organization"},"alternateName":"G\u00e1liva","potentialAction":[{"@type":"SearchAction","target":{"@type":"EntryPoint","urlTemplate":"https:\/\/galiva.es\/?s={search_term_string}"},"query-input":{"@type":"PropertyValueSpecification","valueRequired":true,"valueName":"search_term_string"}}],"inLanguage":"gl-ES"},{"@type":"Organization","@id":"https:\/\/galiva.es\/#organization","name":"G\u00e1liva","alternateName":"G\u00e1liva","url":"https:\/\/galiva.es\/","logo":{"@type":"ImageObject","inLanguage":"gl-ES","@id":"https:\/\/galiva.es\/#\/schema\/logo\/image\/","url":"https:\/\/galiva.es\/wp-content\/uploads\/Logotipo_Galiva.png","contentUrl":"https:\/\/galiva.es\/wp-content\/uploads\/Logotipo_Galiva.png","width":1000,"height":500,"caption":"G\u00e1liva"},"image":{"@id":"https:\/\/galiva.es\/#\/schema\/logo\/image\/"},"sameAs":["https:\/\/www.linkedin.com\/in\/graphicdesigner-laurapreznavarro\/","https:\/\/www.instagram.com\/soylucina\/"]}]}},"_links":{"self":[{"href":"https:\/\/galiva.es\/gl\/wp-json\/wp\/v2\/product\/11132","targetHints":{"allow":["GET"]}}],"collection":[{"href":"https:\/\/galiva.es\/gl\/wp-json\/wp\/v2\/product"}],"about":[{"href":"https:\/\/galiva.es\/gl\/wp-json\/wp\/v2\/types\/product"}],"replies":[{"embeddable":true,"href":"https:\/\/galiva.es\/gl\/wp-json\/wp\/v2\/comments?post=11132"}],"wp:featuredmedia":[{"embeddable":true,"href":"https:\/\/galiva.es\/gl\/wp-json\/wp\/v2\/media\/11074"}],"wp:attachment":[{"href":"https:\/\/galiva.es\/gl\/wp-json\/wp\/v2\/media?parent=11132"}],"wp:term":[{"taxonomy":"product_brand","embeddable":true,"href":"https:\/\/galiva.es\/gl\/wp-json\/wp\/v2\/product_brand?post=11132"},{"taxonomy":"product_cat","embeddable":true,"href":"https:\/\/galiva.es\/gl\/wp-json\/wp\/v2\/product_cat?post=11132"},{"taxonomy":"product_tag","embeddable":true,"href":"https:\/\/galiva.es\/gl\/wp-json\/wp\/v2\/product_tag?post=11132"}],"curies":[{"name":"wp","href":"https:\/\/api.w.org\/{rel}","templated":true}]}}