{"id":11139,"date":"2025-09-29T19:53:08","date_gmt":"2025-09-29T17:53:08","guid":{"rendered":"https:\/\/galiva.es\/?post_type=product&#038;p=11139"},"modified":"2026-02-09T14:55:43","modified_gmt":"2026-02-09T13:55:43","slug":"set-pedralua","status":"publish","type":"product","link":"https:\/\/galiva.es\/gl\/produto\/set-pedralua\/","title":{"rendered":"Conxunto PEDRAL\u00daA"},"content":{"rendered":"<p>a. Medidas:<\/p>\n<ol>\n<li>Pendente: 60,8 x 38.4 x 2,8 mm<\/li>\n<li>Collar: 25 x 26 x 2,7 mm<\/li>\n<\/ol>\n<p>b. Material: Peza de filamento PLA.<\/p>\n<p>c. Posproduci\u00f3n: Modelado dixitalmente en 3D, impr\u00edmese en filamento PLA. Despois da impresi\u00f3n, cada peza som\u00e9tese a un proceso artesanal de lixado e barnizado con spray mate MTN PRO.<\/p>","protected":false},"excerpt":{"rendered":"<p>Un conxunto de d\u00faas pezas, cun dese\u00f1o que fusiona a solidez das rochas gallegas coa profundidade simb\u00f3lica do labirinto celta. Cada peza presenta unha base circular co s\u00edmbolo do labirinto, reflectindo a viaxe interior e a conexi\u00f3n espiritual, acompa\u00f1ada dunha forma inferior irregular que evoca a textura e o car\u00e1cter das pedras antigas. Dispo\u00f1ible en d\u00faas combinaci\u00f3ns de cores, este conxunto \u00e9 unha declaraci\u00f3n de identidade, equilibrio e profunda conexi\u00f3n coa terra gallega.<\/p>","protected":false},"featured_media":43390,"comment_status":"open","ping_status":"closed","template":"","meta":{"_acf_changed":false,"_cloudinary_featured_overwrite":false},"product_brand":[],"product_cat":[134],"product_tag":[388],"class_list":{"0":"post-11139","1":"product","2":"type-product","3":"status-publish","4":"has-post-thumbnail","6":"product_cat-galiva-es","7":"product_tag-sets","9":"first","10":"instock","11":"taxable","12":"shipping-taxable","13":"purchasable","14":"product-type-composite"},"acf":[],"yoast_head":"<!-- This site is optimized with the Yoast SEO plugin v27.5 - https:\/\/yoast.com\/product\/yoast-seo-wordpress\/ -->\n<title>Set PEDRAL\u00daA &#8226; Joyer\u00eda 3D<\/title>\n<meta name=\"description\" content=\"Conjunto Pedral\u00faa, un dise\u00f1o que fusiona la solidez de las rocas gallegas con la profundidad simb\u00f3lica del laberinto celta.\" \/>\n<meta name=\"robots\" content=\"noindex, follow, max-snippet:-1, max-image-preview:large, max-video-preview:-1\" \/>\n<meta property=\"og:locale\" content=\"gl_ES\" \/>\n<meta property=\"og:type\" content=\"article\" \/>\n<meta property=\"og:title\" content=\"Set PEDRAL\u00daA &#8226; Joyer\u00eda 3D\" \/>\n<meta property=\"og:description\" content=\"Conjunto Pedral\u00faa, un dise\u00f1o que fusiona la solidez de las rocas gallegas con la profundidad simb\u00f3lica del laberinto celta.\" \/>\n<meta property=\"og:url\" content=\"https:\/\/galiva.es\/gl\/produto\/set-pedralua\/\" \/>\n<meta property=\"og:site_name\" content=\"G\u00e1liva\" \/>\n<meta property=\"article:modified_time\" content=\"2026-02-09T13:55:43+00:00\" \/>\n<meta property=\"og:image\" content=\"https:\/\/res.cloudinary.com\/dr66iklqt\/images\/f_auto,q_auto\/v1770566238\/pedralua-conjunto-2_ubllkd\/pedralua-conjunto-2_ubllkd.jpg?_i=AA\" \/>\n\t<meta property=\"og:image:width\" content=\"1920\" \/>\n\t<meta property=\"og:image:height\" content=\"1920\" \/>\n\t<meta property=\"og:image:type\" content=\"image\/jpeg\" \/>\n<meta name=\"twitter:card\" content=\"summary_large_image\" \/>\n<meta name=\"twitter:label1\" content=\"Tempo de lectura\" \/>\n\t<meta name=\"twitter:data1\" content=\"1 minuto\" \/>\n<script type=\"application\/ld+json\" class=\"yoast-schema-graph\">{\"@context\":\"https:\\\/\\\/schema.org\",\"@graph\":[{\"@type\":\"WebPage\",\"@id\":\"https:\\\/\\\/galiva.es\\\/producto\\\/set-pedralua\\\/\",\"url\":\"https:\\\/\\\/galiva.es\\\/producto\\\/set-pedralua\\\/\",\"name\":\"Set PEDRAL\u00daA &#8226; Joyer\u00eda 3D\",\"isPartOf\":{\"@id\":\"https:\\\/\\\/galiva.es\\\/#website\"},\"primaryImageOfPage\":{\"@id\":\"https:\\\/\\\/galiva.es\\\/producto\\\/set-pedralua\\\/#primaryimage\"},\"image\":{\"@id\":\"https:\\\/\\\/galiva.es\\\/producto\\\/set-pedralua\\\/#primaryimage\"},\"thumbnailUrl\":\"https:\\\/\\\/res.cloudinary.com\\\/dr66iklqt\\\/images\\\/f_auto,q_auto\\\/v1770566238\\\/pedralua-conjunto-2_ubllkd\\\/pedralua-conjunto-2_ubllkd.jpg?_i=AA\",\"datePublished\":\"2025-09-29T17:53:08+00:00\",\"dateModified\":\"2026-02-09T13:55:43+00:00\",\"description\":\"Conjunto Pedral\u00faa, un dise\u00f1o que fusiona la solidez de las rocas gallegas con la profundidad simb\u00f3lica del laberinto celta.\",\"breadcrumb\":{\"@id\":\"https:\\\/\\\/galiva.es\\\/producto\\\/set-pedralua\\\/#breadcrumb\"},\"inLanguage\":\"gl-ES\",\"potentialAction\":[{\"@type\":\"ReadAction\",\"target\":[\"https:\\\/\\\/galiva.es\\\/producto\\\/set-pedralua\\\/\"]}]},{\"@type\":\"ImageObject\",\"inLanguage\":\"gl-ES\",\"@id\":\"https:\\\/\\\/galiva.es\\\/producto\\\/set-pedralua\\\/#primaryimage\",\"url\":\"https:\\\/\\\/res.cloudinary.com\\\/dr66iklqt\\\/images\\\/f_auto,q_auto\\\/v1770566238\\\/pedralua-conjunto-2_ubllkd\\\/pedralua-conjunto-2_ubllkd.jpg?_i=AA\",\"contentUrl\":\"https:\\\/\\\/res.cloudinary.com\\\/dr66iklqt\\\/images\\\/f_auto,q_auto\\\/v1770566238\\\/pedralua-conjunto-2_ubllkd\\\/pedralua-conjunto-2_ubllkd.jpg?_i=AA\",\"width\":1920,\"height\":1920,\"caption\":\"Conjunto Pedral\u00faa\"},{\"@type\":\"BreadcrumbList\",\"@id\":\"https:\\\/\\\/galiva.es\\\/producto\\\/set-pedralua\\\/#breadcrumb\",\"itemListElement\":[{\"@type\":\"ListItem\",\"position\":1,\"name\":\"Home\",\"item\":\"https:\\\/\\\/galiva.es\\\/\"},{\"@type\":\"ListItem\",\"position\":2,\"name\":\"Tienda\",\"item\":\"https:\\\/\\\/galiva.es\\\/tienda-joyas-3d\\\/\"},{\"@type\":\"ListItem\",\"position\":3,\"name\":\"Set PEDRAL\u00daA\"}]},{\"@type\":\"WebSite\",\"@id\":\"https:\\\/\\\/galiva.es\\\/#website\",\"url\":\"https:\\\/\\\/galiva.es\\\/\",\"name\":\"G\u00e1liva\",\"description\":\"Joyer\u00eda con alma y tradici\u00f3n gallega\",\"publisher\":{\"@id\":\"https:\\\/\\\/galiva.es\\\/#organization\"},\"alternateName\":\"G\u00e1liva\",\"potentialAction\":[{\"@type\":\"SearchAction\",\"target\":{\"@type\":\"EntryPoint\",\"urlTemplate\":\"https:\\\/\\\/galiva.es\\\/?s={search_term_string}\"},\"query-input\":{\"@type\":\"PropertyValueSpecification\",\"valueRequired\":true,\"valueName\":\"search_term_string\"}}],\"inLanguage\":\"gl-ES\"},{\"@type\":\"Organization\",\"@id\":\"https:\\\/\\\/galiva.es\\\/#organization\",\"name\":\"G\u00e1liva\",\"alternateName\":\"G\u00e1liva\",\"url\":\"https:\\\/\\\/galiva.es\\\/\",\"logo\":{\"@type\":\"ImageObject\",\"inLanguage\":\"gl-ES\",\"@id\":\"https:\\\/\\\/galiva.es\\\/#\\\/schema\\\/logo\\\/image\\\/\",\"url\":\"https:\\\/\\\/galiva.es\\\/wp-content\\\/uploads\\\/Logotipo_Galiva.png\",\"contentUrl\":\"https:\\\/\\\/galiva.es\\\/wp-content\\\/uploads\\\/Logotipo_Galiva.png\",\"width\":1000,\"height\":500,\"caption\":\"G\u00e1liva\"},\"image\":{\"@id\":\"https:\\\/\\\/galiva.es\\\/#\\\/schema\\\/logo\\\/image\\\/\"},\"sameAs\":[\"https:\\\/\\\/www.linkedin.com\\\/in\\\/graphicdesigner-laurapreznavarro\\\/\",\"https:\\\/\\\/www.instagram.com\\\/soylucina\\\/\"]}]}<\/script>\n<!-- \/ Yoast SEO plugin. -->","yoast_head_json":{"title":"Set PEDRAL\u00daA &#8226; Joyer\u00eda 3D","description":"Conjunto Pedral\u00faa, un dise\u00f1o que fusiona la solidez de las rocas gallegas con la profundidad simb\u00f3lica del laberinto celta.","robots":{"index":"noindex","follow":"follow","max-snippet":"max-snippet:-1","max-image-preview":"max-image-preview:large","max-video-preview":"max-video-preview:-1"},"og_locale":"gl_ES","og_type":"article","og_title":"Set PEDRAL\u00daA &#8226; Joyer\u00eda 3D","og_description":"Conjunto Pedral\u00faa, un dise\u00f1o que fusiona la solidez de las rocas gallegas con la profundidad simb\u00f3lica del laberinto celta.","og_url":"https:\/\/galiva.es\/gl\/produto\/set-pedralua\/","og_site_name":"G\u00e1liva","article_modified_time":"2026-02-09T13:55:43+00:00","og_image":[{"width":1920,"height":1920,"url":"https:\/\/res.cloudinary.com\/dr66iklqt\/images\/f_auto,q_auto\/v1770566238\/pedralua-conjunto-2_ubllkd\/pedralua-conjunto-2_ubllkd.jpg?_i=AA","type":"image\/jpeg"}],"twitter_card":"summary_large_image","twitter_misc":{"Tempo de lectura":"1 minuto"},"schema":{"@context":"https:\/\/schema.org","@graph":[{"@type":"WebPage","@id":"https:\/\/galiva.es\/producto\/set-pedralua\/","url":"https:\/\/galiva.es\/producto\/set-pedralua\/","name":"Set PEDRAL\u00daA &#8226; Joyer\u00eda 3D","isPartOf":{"@id":"https:\/\/galiva.es\/#website"},"primaryImageOfPage":{"@id":"https:\/\/galiva.es\/producto\/set-pedralua\/#primaryimage"},"image":{"@id":"https:\/\/galiva.es\/producto\/set-pedralua\/#primaryimage"},"thumbnailUrl":"https:\/\/res.cloudinary.com\/dr66iklqt\/images\/f_auto,q_auto\/v1770566238\/pedralua-conjunto-2_ubllkd\/pedralua-conjunto-2_ubllkd.jpg?_i=AA","datePublished":"2025-09-29T17:53:08+00:00","dateModified":"2026-02-09T13:55:43+00:00","description":"Conjunto Pedral\u00faa, un dise\u00f1o que fusiona la solidez de las rocas gallegas con la profundidad simb\u00f3lica del laberinto celta.","breadcrumb":{"@id":"https:\/\/galiva.es\/producto\/set-pedralua\/#breadcrumb"},"inLanguage":"gl-ES","potentialAction":[{"@type":"ReadAction","target":["https:\/\/galiva.es\/producto\/set-pedralua\/"]}]},{"@type":"ImageObject","inLanguage":"gl-ES","@id":"https:\/\/galiva.es\/producto\/set-pedralua\/#primaryimage","url":"https:\/\/res.cloudinary.com\/dr66iklqt\/images\/f_auto,q_auto\/v1770566238\/pedralua-conjunto-2_ubllkd\/pedralua-conjunto-2_ubllkd.jpg?_i=AA","contentUrl":"https:\/\/res.cloudinary.com\/dr66iklqt\/images\/f_auto,q_auto\/v1770566238\/pedralua-conjunto-2_ubllkd\/pedralua-conjunto-2_ubllkd.jpg?_i=AA","width":1920,"height":1920,"caption":"Conjunto Pedral\u00faa"},{"@type":"BreadcrumbList","@id":"https:\/\/galiva.es\/producto\/set-pedralua\/#breadcrumb","itemListElement":[{"@type":"ListItem","position":1,"name":"Home","item":"https:\/\/galiva.es\/"},{"@type":"ListItem","position":2,"name":"Tienda","item":"https:\/\/galiva.es\/tienda-joyas-3d\/"},{"@type":"ListItem","position":3,"name":"Set PEDRAL\u00daA"}]},{"@type":"WebSite","@id":"https:\/\/galiva.es\/#website","url":"https:\/\/galiva.es\/","name":"G\u00e1liva","description":"Joyer\u00eda con alma y tradici\u00f3n gallega","publisher":{"@id":"https:\/\/galiva.es\/#organization"},"alternateName":"G\u00e1liva","potentialAction":[{"@type":"SearchAction","target":{"@type":"EntryPoint","urlTemplate":"https:\/\/galiva.es\/?s={search_term_string}"},"query-input":{"@type":"PropertyValueSpecification","valueRequired":true,"valueName":"search_term_string"}}],"inLanguage":"gl-ES"},{"@type":"Organization","@id":"https:\/\/galiva.es\/#organization","name":"G\u00e1liva","alternateName":"G\u00e1liva","url":"https:\/\/galiva.es\/","logo":{"@type":"ImageObject","inLanguage":"gl-ES","@id":"https:\/\/galiva.es\/#\/schema\/logo\/image\/","url":"https:\/\/galiva.es\/wp-content\/uploads\/Logotipo_Galiva.png","contentUrl":"https:\/\/galiva.es\/wp-content\/uploads\/Logotipo_Galiva.png","width":1000,"height":500,"caption":"G\u00e1liva"},"image":{"@id":"https:\/\/galiva.es\/#\/schema\/logo\/image\/"},"sameAs":["https:\/\/www.linkedin.com\/in\/graphicdesigner-laurapreznavarro\/","https:\/\/www.instagram.com\/soylucina\/"]}]}},"_links":{"self":[{"href":"https:\/\/galiva.es\/gl\/wp-json\/wp\/v2\/product\/11139","targetHints":{"allow":["GET"]}}],"collection":[{"href":"https:\/\/galiva.es\/gl\/wp-json\/wp\/v2\/product"}],"about":[{"href":"https:\/\/galiva.es\/gl\/wp-json\/wp\/v2\/types\/product"}],"replies":[{"embeddable":true,"href":"https:\/\/galiva.es\/gl\/wp-json\/wp\/v2\/comments?post=11139"}],"wp:featuredmedia":[{"embeddable":true,"href":"https:\/\/galiva.es\/gl\/wp-json\/wp\/v2\/media\/43390"}],"wp:attachment":[{"href":"https:\/\/galiva.es\/gl\/wp-json\/wp\/v2\/media?parent=11139"}],"wp:term":[{"taxonomy":"product_brand","embeddable":true,"href":"https:\/\/galiva.es\/gl\/wp-json\/wp\/v2\/product_brand?post=11139"},{"taxonomy":"product_cat","embeddable":true,"href":"https:\/\/galiva.es\/gl\/wp-json\/wp\/v2\/product_cat?post=11139"},{"taxonomy":"product_tag","embeddable":true,"href":"https:\/\/galiva.es\/gl\/wp-json\/wp\/v2\/product_tag?post=11139"}],"curies":[{"name":"wp","href":"https:\/\/api.w.org\/{rel}","templated":true}]}}