{"id":11328,"date":"2025-10-01T18:12:58","date_gmt":"2025-10-01T16:12:58","guid":{"rendered":"https:\/\/galiva.es\/?post_type=product&#038;p=11328"},"modified":"2026-01-27T16:44:13","modified_gmt":"2026-01-27T15:44:13","slug":"pendientes-orin-cairell","status":"publish","type":"product","link":"https:\/\/galiva.es\/gl\/produto\/pendientes-orin-cairell\/","title":{"rendered":"Pendentes ORIN (Cairell)"},"content":{"rendered":"<p>a. Medidas: 34,9 x 64,3 x 2.5 mm<\/p>\n<p>b. Material: Peza de filamento PLA.<\/p>\n<p>c. Montaxe: Parafusos de almofada plana de 6 mm e porcas de mari\u00f1a de aceiro inoxidable e anel de salto de 7 mm de aceiro inoxidable para unir ambas as partes da peza.<\/p>\n<p>d. Posproduci\u00f3n: Modelado dixitalmente en 3D, impr\u00edmese en filamento PLA. Tras a impresi\u00f3n, cada peza som\u00e9tese a un proceso artesanal de lixado e barnizado con spray mate MTN PRO, conseguindo un acabado brillante que realza a textura e a profundidade da cor.<\/p>","protected":false},"excerpt":{"rendered":"<p>Os pendentes Cairell representan o V\u00e1kner, unha criatura lendaria da mitolox\u00eda galaica. O dese\u00f1o impreso en 3D en azul intenso combina un n\u00f3 celta coa silueta dun lobo estilizado, s\u00edmbolo do salvaxe, do oculto e do ancestral. Unha peza lixeira pero poderosa para aqueles que abrazan o misterio e a forza da mitolox\u00eda.<\/p>","protected":false},"featured_media":11090,"comment_status":"open","ping_status":"closed","template":"","meta":{"_acf_changed":false,"_cloudinary_featured_overwrite":false},"product_brand":[],"product_cat":[134],"product_tag":[116],"class_list":{"0":"post-11328","1":"product","2":"type-product","3":"status-publish","4":"has-post-thumbnail","6":"product_cat-galiva-es","7":"product_tag-pendientes","9":"first","10":"instock","11":"taxable","12":"shipping-taxable","13":"purchasable","14":"product-type-simple"},"acf":[],"yoast_head":"<!-- This site is optimized with the Yoast SEO plugin v27.5 - https:\/\/yoast.com\/product\/yoast-seo-wordpress\/ -->\n<title>Pendientes ORIN (Cairell) &#8226; Joyer\u00eda 3D<\/title>\n<meta name=\"description\" content=\"Pendientes inspirados en el V\u00e1kner, criatura m\u00edtica gallega. Dise\u00f1o celta impreso en 3D con silueta de lobo. Joyer\u00eda simb\u00f3lica y ancestral.\" \/>\n<meta name=\"robots\" content=\"noindex, follow, max-snippet:-1, max-image-preview:large, max-video-preview:-1\" \/>\n<meta property=\"og:locale\" content=\"gl_ES\" \/>\n<meta property=\"og:type\" content=\"article\" \/>\n<meta property=\"og:title\" content=\"Pendientes ORIN (Cairell) &#8226; Joyer\u00eda 3D\" \/>\n<meta property=\"og:description\" content=\"Pendientes inspirados en el V\u00e1kner, criatura m\u00edtica gallega. Dise\u00f1o celta impreso en 3D con silueta de lobo. Joyer\u00eda simb\u00f3lica y ancestral.\" \/>\n<meta property=\"og:url\" content=\"https:\/\/galiva.es\/gl\/produto\/pendientes-orin-cairell\/\" \/>\n<meta property=\"og:site_name\" content=\"G\u00e1liva\" \/>\n<meta property=\"article:modified_time\" content=\"2026-01-27T15:44:13+00:00\" \/>\n<meta property=\"og:image\" content=\"https:\/\/res.cloudinary.com\/dr66iklqt\/images\/f_auto,q_auto\/v1758223957\/orin-pendientes-3_hebwzx\/orin-pendientes-3_hebwzx.jpg?_i=AA\" \/>\n\t<meta property=\"og:image:width\" content=\"1920\" \/>\n\t<meta property=\"og:image:height\" content=\"1920\" \/>\n\t<meta property=\"og:image:type\" content=\"image\/jpeg\" \/>\n<meta name=\"twitter:card\" content=\"summary_large_image\" \/>\n<meta name=\"twitter:label1\" content=\"Tempo de lectura\" \/>\n\t<meta name=\"twitter:data1\" content=\"1 minuto\" \/>\n<script type=\"application\/ld+json\" class=\"yoast-schema-graph\">{\"@context\":\"https:\\\/\\\/schema.org\",\"@graph\":[{\"@type\":\"WebPage\",\"@id\":\"https:\\\/\\\/galiva.es\\\/producto\\\/pendientes-orin-cairell\\\/\",\"url\":\"https:\\\/\\\/galiva.es\\\/producto\\\/pendientes-orin-cairell\\\/\",\"name\":\"Pendientes ORIN (Cairell) &#8226; Joyer\u00eda 3D\",\"isPartOf\":{\"@id\":\"https:\\\/\\\/galiva.es\\\/#website\"},\"primaryImageOfPage\":{\"@id\":\"https:\\\/\\\/galiva.es\\\/producto\\\/pendientes-orin-cairell\\\/#primaryimage\"},\"image\":{\"@id\":\"https:\\\/\\\/galiva.es\\\/producto\\\/pendientes-orin-cairell\\\/#primaryimage\"},\"thumbnailUrl\":\"https:\\\/\\\/res.cloudinary.com\\\/dr66iklqt\\\/images\\\/f_auto,q_auto\\\/v1758223957\\\/orin-pendientes-3_hebwzx\\\/orin-pendientes-3_hebwzx.jpg?_i=AA\",\"datePublished\":\"2025-10-01T16:12:58+00:00\",\"dateModified\":\"2026-01-27T15:44:13+00:00\",\"description\":\"Pendientes inspirados en el V\u00e1kner, criatura m\u00edtica gallega. Dise\u00f1o celta impreso en 3D con silueta de lobo. Joyer\u00eda simb\u00f3lica y ancestral.\",\"breadcrumb\":{\"@id\":\"https:\\\/\\\/galiva.es\\\/producto\\\/pendientes-orin-cairell\\\/#breadcrumb\"},\"inLanguage\":\"gl-ES\",\"potentialAction\":[{\"@type\":\"ReadAction\",\"target\":[\"https:\\\/\\\/galiva.es\\\/producto\\\/pendientes-orin-cairell\\\/\"]}]},{\"@type\":\"ImageObject\",\"inLanguage\":\"gl-ES\",\"@id\":\"https:\\\/\\\/galiva.es\\\/producto\\\/pendientes-orin-cairell\\\/#primaryimage\",\"url\":\"https:\\\/\\\/res.cloudinary.com\\\/dr66iklqt\\\/images\\\/f_auto,q_auto\\\/v1758223957\\\/orin-pendientes-3_hebwzx\\\/orin-pendientes-3_hebwzx.jpg?_i=AA\",\"contentUrl\":\"https:\\\/\\\/res.cloudinary.com\\\/dr66iklqt\\\/images\\\/f_auto,q_auto\\\/v1758223957\\\/orin-pendientes-3_hebwzx\\\/orin-pendientes-3_hebwzx.jpg?_i=AA\",\"width\":1920,\"height\":1920,\"caption\":\"Pendientes Orin, Cairell.\"},{\"@type\":\"BreadcrumbList\",\"@id\":\"https:\\\/\\\/galiva.es\\\/producto\\\/pendientes-orin-cairell\\\/#breadcrumb\",\"itemListElement\":[{\"@type\":\"ListItem\",\"position\":1,\"name\":\"Home\",\"item\":\"https:\\\/\\\/galiva.es\\\/\"},{\"@type\":\"ListItem\",\"position\":2,\"name\":\"Tienda\",\"item\":\"https:\\\/\\\/galiva.es\\\/tienda-joyas-3d\\\/\"},{\"@type\":\"ListItem\",\"position\":3,\"name\":\"Pendientes ORIN (Cairell)\"}]},{\"@type\":\"WebSite\",\"@id\":\"https:\\\/\\\/galiva.es\\\/#website\",\"url\":\"https:\\\/\\\/galiva.es\\\/\",\"name\":\"G\u00e1liva\",\"description\":\"Joyer\u00eda con alma y tradici\u00f3n gallega\",\"publisher\":{\"@id\":\"https:\\\/\\\/galiva.es\\\/#organization\"},\"alternateName\":\"G\u00e1liva\",\"potentialAction\":[{\"@type\":\"SearchAction\",\"target\":{\"@type\":\"EntryPoint\",\"urlTemplate\":\"https:\\\/\\\/galiva.es\\\/?s={search_term_string}\"},\"query-input\":{\"@type\":\"PropertyValueSpecification\",\"valueRequired\":true,\"valueName\":\"search_term_string\"}}],\"inLanguage\":\"gl-ES\"},{\"@type\":\"Organization\",\"@id\":\"https:\\\/\\\/galiva.es\\\/#organization\",\"name\":\"G\u00e1liva\",\"alternateName\":\"G\u00e1liva\",\"url\":\"https:\\\/\\\/galiva.es\\\/\",\"logo\":{\"@type\":\"ImageObject\",\"inLanguage\":\"gl-ES\",\"@id\":\"https:\\\/\\\/galiva.es\\\/#\\\/schema\\\/logo\\\/image\\\/\",\"url\":\"https:\\\/\\\/galiva.es\\\/wp-content\\\/uploads\\\/Logotipo_Galiva.png\",\"contentUrl\":\"https:\\\/\\\/galiva.es\\\/wp-content\\\/uploads\\\/Logotipo_Galiva.png\",\"width\":1000,\"height\":500,\"caption\":\"G\u00e1liva\"},\"image\":{\"@id\":\"https:\\\/\\\/galiva.es\\\/#\\\/schema\\\/logo\\\/image\\\/\"},\"sameAs\":[\"https:\\\/\\\/www.linkedin.com\\\/in\\\/graphicdesigner-laurapreznavarro\\\/\",\"https:\\\/\\\/www.instagram.com\\\/soylucina\\\/\"]}]}<\/script>\n<!-- \/ Yoast SEO plugin. -->","yoast_head_json":{"title":"Pendientes ORIN (Cairell) &#8226; Joyer\u00eda 3D","description":"Pendientes inspirados en el V\u00e1kner, criatura m\u00edtica gallega. Dise\u00f1o celta impreso en 3D con silueta de lobo. Joyer\u00eda simb\u00f3lica y ancestral.","robots":{"index":"noindex","follow":"follow","max-snippet":"max-snippet:-1","max-image-preview":"max-image-preview:large","max-video-preview":"max-video-preview:-1"},"og_locale":"gl_ES","og_type":"article","og_title":"Pendientes ORIN (Cairell) &#8226; Joyer\u00eda 3D","og_description":"Pendientes inspirados en el V\u00e1kner, criatura m\u00edtica gallega. Dise\u00f1o celta impreso en 3D con silueta de lobo. Joyer\u00eda simb\u00f3lica y ancestral.","og_url":"https:\/\/galiva.es\/gl\/produto\/pendientes-orin-cairell\/","og_site_name":"G\u00e1liva","article_modified_time":"2026-01-27T15:44:13+00:00","og_image":[{"width":1920,"height":1920,"url":"https:\/\/res.cloudinary.com\/dr66iklqt\/images\/f_auto,q_auto\/v1758223957\/orin-pendientes-3_hebwzx\/orin-pendientes-3_hebwzx.jpg?_i=AA","type":"image\/jpeg"}],"twitter_card":"summary_large_image","twitter_misc":{"Tempo de lectura":"1 minuto"},"schema":{"@context":"https:\/\/schema.org","@graph":[{"@type":"WebPage","@id":"https:\/\/galiva.es\/producto\/pendientes-orin-cairell\/","url":"https:\/\/galiva.es\/producto\/pendientes-orin-cairell\/","name":"Pendientes ORIN (Cairell) &#8226; Joyer\u00eda 3D","isPartOf":{"@id":"https:\/\/galiva.es\/#website"},"primaryImageOfPage":{"@id":"https:\/\/galiva.es\/producto\/pendientes-orin-cairell\/#primaryimage"},"image":{"@id":"https:\/\/galiva.es\/producto\/pendientes-orin-cairell\/#primaryimage"},"thumbnailUrl":"https:\/\/res.cloudinary.com\/dr66iklqt\/images\/f_auto,q_auto\/v1758223957\/orin-pendientes-3_hebwzx\/orin-pendientes-3_hebwzx.jpg?_i=AA","datePublished":"2025-10-01T16:12:58+00:00","dateModified":"2026-01-27T15:44:13+00:00","description":"Pendientes inspirados en el V\u00e1kner, criatura m\u00edtica gallega. Dise\u00f1o celta impreso en 3D con silueta de lobo. Joyer\u00eda simb\u00f3lica y ancestral.","breadcrumb":{"@id":"https:\/\/galiva.es\/producto\/pendientes-orin-cairell\/#breadcrumb"},"inLanguage":"gl-ES","potentialAction":[{"@type":"ReadAction","target":["https:\/\/galiva.es\/producto\/pendientes-orin-cairell\/"]}]},{"@type":"ImageObject","inLanguage":"gl-ES","@id":"https:\/\/galiva.es\/producto\/pendientes-orin-cairell\/#primaryimage","url":"https:\/\/res.cloudinary.com\/dr66iklqt\/images\/f_auto,q_auto\/v1758223957\/orin-pendientes-3_hebwzx\/orin-pendientes-3_hebwzx.jpg?_i=AA","contentUrl":"https:\/\/res.cloudinary.com\/dr66iklqt\/images\/f_auto,q_auto\/v1758223957\/orin-pendientes-3_hebwzx\/orin-pendientes-3_hebwzx.jpg?_i=AA","width":1920,"height":1920,"caption":"Pendientes Orin, Cairell."},{"@type":"BreadcrumbList","@id":"https:\/\/galiva.es\/producto\/pendientes-orin-cairell\/#breadcrumb","itemListElement":[{"@type":"ListItem","position":1,"name":"Home","item":"https:\/\/galiva.es\/"},{"@type":"ListItem","position":2,"name":"Tienda","item":"https:\/\/galiva.es\/tienda-joyas-3d\/"},{"@type":"ListItem","position":3,"name":"Pendientes ORIN (Cairell)"}]},{"@type":"WebSite","@id":"https:\/\/galiva.es\/#website","url":"https:\/\/galiva.es\/","name":"G\u00e1liva","description":"Joyer\u00eda con alma y tradici\u00f3n gallega","publisher":{"@id":"https:\/\/galiva.es\/#organization"},"alternateName":"G\u00e1liva","potentialAction":[{"@type":"SearchAction","target":{"@type":"EntryPoint","urlTemplate":"https:\/\/galiva.es\/?s={search_term_string}"},"query-input":{"@type":"PropertyValueSpecification","valueRequired":true,"valueName":"search_term_string"}}],"inLanguage":"gl-ES"},{"@type":"Organization","@id":"https:\/\/galiva.es\/#organization","name":"G\u00e1liva","alternateName":"G\u00e1liva","url":"https:\/\/galiva.es\/","logo":{"@type":"ImageObject","inLanguage":"gl-ES","@id":"https:\/\/galiva.es\/#\/schema\/logo\/image\/","url":"https:\/\/galiva.es\/wp-content\/uploads\/Logotipo_Galiva.png","contentUrl":"https:\/\/galiva.es\/wp-content\/uploads\/Logotipo_Galiva.png","width":1000,"height":500,"caption":"G\u00e1liva"},"image":{"@id":"https:\/\/galiva.es\/#\/schema\/logo\/image\/"},"sameAs":["https:\/\/www.linkedin.com\/in\/graphicdesigner-laurapreznavarro\/","https:\/\/www.instagram.com\/soylucina\/"]}]}},"_links":{"self":[{"href":"https:\/\/galiva.es\/gl\/wp-json\/wp\/v2\/product\/11328","targetHints":{"allow":["GET"]}}],"collection":[{"href":"https:\/\/galiva.es\/gl\/wp-json\/wp\/v2\/product"}],"about":[{"href":"https:\/\/galiva.es\/gl\/wp-json\/wp\/v2\/types\/product"}],"replies":[{"embeddable":true,"href":"https:\/\/galiva.es\/gl\/wp-json\/wp\/v2\/comments?post=11328"}],"wp:featuredmedia":[{"embeddable":true,"href":"https:\/\/galiva.es\/gl\/wp-json\/wp\/v2\/media\/11090"}],"wp:attachment":[{"href":"https:\/\/galiva.es\/gl\/wp-json\/wp\/v2\/media?parent=11328"}],"wp:term":[{"taxonomy":"product_brand","embeddable":true,"href":"https:\/\/galiva.es\/gl\/wp-json\/wp\/v2\/product_brand?post=11328"},{"taxonomy":"product_cat","embeddable":true,"href":"https:\/\/galiva.es\/gl\/wp-json\/wp\/v2\/product_cat?post=11328"},{"taxonomy":"product_tag","embeddable":true,"href":"https:\/\/galiva.es\/gl\/wp-json\/wp\/v2\/product_tag?post=11328"}],"curies":[{"name":"wp","href":"https:\/\/api.w.org\/{rel}","templated":true}]}}