{"id":11371,"date":"2025-10-03T13:40:16","date_gmt":"2025-10-03T11:40:16","guid":{"rendered":"https:\/\/galiva.es\/?post_type=product&#038;p=11371"},"modified":"2026-02-03T19:38:08","modified_gmt":"2026-02-03T18:38:08","slug":"pendientes-eternia","status":"publish","type":"product","link":"https:\/\/galiva.es\/gl\/produto\/pendientes-eternia\/","title":{"rendered":"Pendentes ETERNIA"},"content":{"rendered":"<p>a. Medidas: 74,7 x 30.7 cm x 4 mm<\/p>\n<p>b. Material: Peza de filamento PLA.<\/p>\n<p>c. Montaxe: Ganchos hipoalerx\u00e9nicos de prata de lei 925, aneis de aceiro inoxidable de 7 mm e parte traseira de silicona transparente.<\/p>\n<p>d. Posproduci\u00f3n: Modelado dixitalmente en 3D, impr\u00edmese en filamento PLA. Tras a impresi\u00f3n, cada peza som\u00e9tese a un proceso artesanal de lixado e barnizado con spray MTN PRO Gloss, conseguindo un acabado brillante que realza a textura e a profundidade da cor.<\/p>","protected":false},"excerpt":{"rendered":"<p>Os pendentes Eternia est\u00e1n inspirados na \u00e1rbore celta da vida, s\u00edmbolo de conexi\u00f3n entre mundos, crecemento e equilibrio. O seu dese\u00f1o impreso en 3D presenta unha estrutura calada de p\u00f3las entrelazadas, que realza a elegancia das s\u00faas curvas org\u00e1nicas. Suspendidos dunha base circular, evocan a harmon\u00eda entre as ra\u00edces e a coroa, entre o terreal e o espiritual. Son unha xoia lixeira, sofisticada e profundamente simb\u00f3lica, ideal para aqueles que buscan beleza con significado.<\/p>","protected":false},"featured_media":43285,"comment_status":"open","ping_status":"closed","template":"","meta":{"_acf_changed":false,"_cloudinary_featured_overwrite":false},"product_brand":[],"product_cat":[134],"product_tag":[116],"class_list":{"0":"post-11371","1":"product","2":"type-product","3":"status-publish","4":"has-post-thumbnail","6":"product_cat-galiva-es","7":"product_tag-pendientes","9":"first","10":"instock","11":"taxable","12":"shipping-taxable","13":"purchasable","14":"product-type-simple"},"acf":[],"yoast_head":"<!-- This site is optimized with the Yoast SEO plugin v27.5 - https:\/\/yoast.com\/product\/yoast-seo-wordpress\/ -->\n<title>Pendientes ETERNIA &#8226; Joyer\u00eda 3D<\/title>\n<meta name=\"description\" content=\"Pendientes Eternia con dise\u00f1o impreso en 3D inspirado en el \u00e1rbol de la vida celta. Joyas elegantes y llenas de simbolismo espiritual y natural.\" \/>\n<meta name=\"robots\" content=\"noindex, follow, max-snippet:-1, max-image-preview:large, max-video-preview:-1\" \/>\n<meta property=\"og:locale\" content=\"gl_ES\" \/>\n<meta property=\"og:type\" content=\"article\" \/>\n<meta property=\"og:title\" content=\"Pendientes ETERNIA &#8226; Joyer\u00eda 3D\" \/>\n<meta property=\"og:description\" content=\"Pendientes Eternia con dise\u00f1o impreso en 3D inspirado en el \u00e1rbol de la vida celta. Joyas elegantes y llenas de simbolismo espiritual y natural.\" \/>\n<meta property=\"og:url\" content=\"https:\/\/galiva.es\/gl\/produto\/pendientes-eternia\/\" \/>\n<meta property=\"og:site_name\" content=\"G\u00e1liva\" \/>\n<meta property=\"article:modified_time\" content=\"2026-02-03T18:38:08+00:00\" \/>\n<meta property=\"og:image\" content=\"https:\/\/res.cloudinary.com\/dr66iklqt\/images\/f_auto,q_auto\/v1758395219\/eternia-pendientes_r1eaec\/eternia-pendientes_r1eaec.png?_i=AA\" \/>\n\t<meta property=\"og:image:width\" content=\"1920\" \/>\n\t<meta property=\"og:image:height\" content=\"1920\" \/>\n\t<meta property=\"og:image:type\" content=\"image\/png\" \/>\n<meta name=\"twitter:card\" content=\"summary_large_image\" \/>\n<meta name=\"twitter:label1\" content=\"Tempo de lectura\" \/>\n\t<meta name=\"twitter:data1\" content=\"1 minuto\" \/>\n<script type=\"application\/ld+json\" class=\"yoast-schema-graph\">{\"@context\":\"https:\\\/\\\/schema.org\",\"@graph\":[{\"@type\":\"WebPage\",\"@id\":\"https:\\\/\\\/galiva.es\\\/producto\\\/pendientes-eternia\\\/\",\"url\":\"https:\\\/\\\/galiva.es\\\/producto\\\/pendientes-eternia\\\/\",\"name\":\"Pendientes ETERNIA &#8226; Joyer\u00eda 3D\",\"isPartOf\":{\"@id\":\"https:\\\/\\\/galiva.es\\\/#website\"},\"primaryImageOfPage\":{\"@id\":\"https:\\\/\\\/galiva.es\\\/producto\\\/pendientes-eternia\\\/#primaryimage\"},\"image\":{\"@id\":\"https:\\\/\\\/galiva.es\\\/producto\\\/pendientes-eternia\\\/#primaryimage\"},\"thumbnailUrl\":\"https:\\\/\\\/res.cloudinary.com\\\/dr66iklqt\\\/images\\\/f_auto,q_auto\\\/v1770143467\\\/eternia-pendientes-5_v4wx1q\\\/eternia-pendientes-5_v4wx1q.jpg?_i=AA\",\"datePublished\":\"2025-10-03T11:40:16+00:00\",\"dateModified\":\"2026-02-03T18:38:08+00:00\",\"description\":\"Pendientes Eternia con dise\u00f1o impreso en 3D inspirado en el \u00e1rbol de la vida celta. Joyas elegantes y llenas de simbolismo espiritual y natural.\",\"breadcrumb\":{\"@id\":\"https:\\\/\\\/galiva.es\\\/producto\\\/pendientes-eternia\\\/#breadcrumb\"},\"inLanguage\":\"gl-ES\",\"potentialAction\":[{\"@type\":\"ReadAction\",\"target\":[\"https:\\\/\\\/galiva.es\\\/producto\\\/pendientes-eternia\\\/\"]}]},{\"@type\":\"ImageObject\",\"inLanguage\":\"gl-ES\",\"@id\":\"https:\\\/\\\/galiva.es\\\/producto\\\/pendientes-eternia\\\/#primaryimage\",\"url\":\"https:\\\/\\\/res.cloudinary.com\\\/dr66iklqt\\\/images\\\/f_auto,q_auto\\\/v1770143467\\\/eternia-pendientes-5_v4wx1q\\\/eternia-pendientes-5_v4wx1q.jpg?_i=AA\",\"contentUrl\":\"https:\\\/\\\/res.cloudinary.com\\\/dr66iklqt\\\/images\\\/f_auto,q_auto\\\/v1770143467\\\/eternia-pendientes-5_v4wx1q\\\/eternia-pendientes-5_v4wx1q.jpg?_i=AA\",\"width\":1920,\"height\":1920,\"caption\":\"Pendientes Eternia\"},{\"@type\":\"BreadcrumbList\",\"@id\":\"https:\\\/\\\/galiva.es\\\/producto\\\/pendientes-eternia\\\/#breadcrumb\",\"itemListElement\":[{\"@type\":\"ListItem\",\"position\":1,\"name\":\"Home\",\"item\":\"https:\\\/\\\/galiva.es\\\/\"},{\"@type\":\"ListItem\",\"position\":2,\"name\":\"Tienda\",\"item\":\"https:\\\/\\\/galiva.es\\\/tienda-joyas-3d\\\/\"},{\"@type\":\"ListItem\",\"position\":3,\"name\":\"Pendientes ETERNIA\"}]},{\"@type\":\"WebSite\",\"@id\":\"https:\\\/\\\/galiva.es\\\/#website\",\"url\":\"https:\\\/\\\/galiva.es\\\/\",\"name\":\"G\u00e1liva\",\"description\":\"Joyer\u00eda con alma y tradici\u00f3n gallega\",\"publisher\":{\"@id\":\"https:\\\/\\\/galiva.es\\\/#organization\"},\"alternateName\":\"G\u00e1liva\",\"potentialAction\":[{\"@type\":\"SearchAction\",\"target\":{\"@type\":\"EntryPoint\",\"urlTemplate\":\"https:\\\/\\\/galiva.es\\\/?s={search_term_string}\"},\"query-input\":{\"@type\":\"PropertyValueSpecification\",\"valueRequired\":true,\"valueName\":\"search_term_string\"}}],\"inLanguage\":\"gl-ES\"},{\"@type\":\"Organization\",\"@id\":\"https:\\\/\\\/galiva.es\\\/#organization\",\"name\":\"G\u00e1liva\",\"alternateName\":\"G\u00e1liva\",\"url\":\"https:\\\/\\\/galiva.es\\\/\",\"logo\":{\"@type\":\"ImageObject\",\"inLanguage\":\"gl-ES\",\"@id\":\"https:\\\/\\\/galiva.es\\\/#\\\/schema\\\/logo\\\/image\\\/\",\"url\":\"https:\\\/\\\/galiva.es\\\/wp-content\\\/uploads\\\/Logotipo_Galiva.png\",\"contentUrl\":\"https:\\\/\\\/galiva.es\\\/wp-content\\\/uploads\\\/Logotipo_Galiva.png\",\"width\":1000,\"height\":500,\"caption\":\"G\u00e1liva\"},\"image\":{\"@id\":\"https:\\\/\\\/galiva.es\\\/#\\\/schema\\\/logo\\\/image\\\/\"},\"sameAs\":[\"https:\\\/\\\/www.linkedin.com\\\/in\\\/graphicdesigner-laurapreznavarro\\\/\",\"https:\\\/\\\/www.instagram.com\\\/soylucina\\\/\"]}]}<\/script>\n<!-- \/ Yoast SEO plugin. -->","yoast_head_json":{"title":"Pendientes ETERNIA &#8226; Joyer\u00eda 3D","description":"Pendientes Eternia con dise\u00f1o impreso en 3D inspirado en el \u00e1rbol de la vida celta. Joyas elegantes y llenas de simbolismo espiritual y natural.","robots":{"index":"noindex","follow":"follow","max-snippet":"max-snippet:-1","max-image-preview":"max-image-preview:large","max-video-preview":"max-video-preview:-1"},"og_locale":"gl_ES","og_type":"article","og_title":"Pendientes ETERNIA &#8226; Joyer\u00eda 3D","og_description":"Pendientes Eternia con dise\u00f1o impreso en 3D inspirado en el \u00e1rbol de la vida celta. Joyas elegantes y llenas de simbolismo espiritual y natural.","og_url":"https:\/\/galiva.es\/gl\/produto\/pendientes-eternia\/","og_site_name":"G\u00e1liva","article_modified_time":"2026-02-03T18:38:08+00:00","og_image":[{"width":1920,"height":1920,"url":"https:\/\/res.cloudinary.com\/dr66iklqt\/images\/f_auto,q_auto\/v1758395219\/eternia-pendientes_r1eaec\/eternia-pendientes_r1eaec.png?_i=AA","type":"image\/png"}],"twitter_card":"summary_large_image","twitter_misc":{"Tempo de lectura":"1 minuto"},"schema":{"@context":"https:\/\/schema.org","@graph":[{"@type":"WebPage","@id":"https:\/\/galiva.es\/producto\/pendientes-eternia\/","url":"https:\/\/galiva.es\/producto\/pendientes-eternia\/","name":"Pendientes ETERNIA &#8226; Joyer\u00eda 3D","isPartOf":{"@id":"https:\/\/galiva.es\/#website"},"primaryImageOfPage":{"@id":"https:\/\/galiva.es\/producto\/pendientes-eternia\/#primaryimage"},"image":{"@id":"https:\/\/galiva.es\/producto\/pendientes-eternia\/#primaryimage"},"thumbnailUrl":"https:\/\/res.cloudinary.com\/dr66iklqt\/images\/f_auto,q_auto\/v1770143467\/eternia-pendientes-5_v4wx1q\/eternia-pendientes-5_v4wx1q.jpg?_i=AA","datePublished":"2025-10-03T11:40:16+00:00","dateModified":"2026-02-03T18:38:08+00:00","description":"Pendientes Eternia con dise\u00f1o impreso en 3D inspirado en el \u00e1rbol de la vida celta. Joyas elegantes y llenas de simbolismo espiritual y natural.","breadcrumb":{"@id":"https:\/\/galiva.es\/producto\/pendientes-eternia\/#breadcrumb"},"inLanguage":"gl-ES","potentialAction":[{"@type":"ReadAction","target":["https:\/\/galiva.es\/producto\/pendientes-eternia\/"]}]},{"@type":"ImageObject","inLanguage":"gl-ES","@id":"https:\/\/galiva.es\/producto\/pendientes-eternia\/#primaryimage","url":"https:\/\/res.cloudinary.com\/dr66iklqt\/images\/f_auto,q_auto\/v1770143467\/eternia-pendientes-5_v4wx1q\/eternia-pendientes-5_v4wx1q.jpg?_i=AA","contentUrl":"https:\/\/res.cloudinary.com\/dr66iklqt\/images\/f_auto,q_auto\/v1770143467\/eternia-pendientes-5_v4wx1q\/eternia-pendientes-5_v4wx1q.jpg?_i=AA","width":1920,"height":1920,"caption":"Pendientes Eternia"},{"@type":"BreadcrumbList","@id":"https:\/\/galiva.es\/producto\/pendientes-eternia\/#breadcrumb","itemListElement":[{"@type":"ListItem","position":1,"name":"Home","item":"https:\/\/galiva.es\/"},{"@type":"ListItem","position":2,"name":"Tienda","item":"https:\/\/galiva.es\/tienda-joyas-3d\/"},{"@type":"ListItem","position":3,"name":"Pendientes ETERNIA"}]},{"@type":"WebSite","@id":"https:\/\/galiva.es\/#website","url":"https:\/\/galiva.es\/","name":"G\u00e1liva","description":"Joyer\u00eda con alma y tradici\u00f3n gallega","publisher":{"@id":"https:\/\/galiva.es\/#organization"},"alternateName":"G\u00e1liva","potentialAction":[{"@type":"SearchAction","target":{"@type":"EntryPoint","urlTemplate":"https:\/\/galiva.es\/?s={search_term_string}"},"query-input":{"@type":"PropertyValueSpecification","valueRequired":true,"valueName":"search_term_string"}}],"inLanguage":"gl-ES"},{"@type":"Organization","@id":"https:\/\/galiva.es\/#organization","name":"G\u00e1liva","alternateName":"G\u00e1liva","url":"https:\/\/galiva.es\/","logo":{"@type":"ImageObject","inLanguage":"gl-ES","@id":"https:\/\/galiva.es\/#\/schema\/logo\/image\/","url":"https:\/\/galiva.es\/wp-content\/uploads\/Logotipo_Galiva.png","contentUrl":"https:\/\/galiva.es\/wp-content\/uploads\/Logotipo_Galiva.png","width":1000,"height":500,"caption":"G\u00e1liva"},"image":{"@id":"https:\/\/galiva.es\/#\/schema\/logo\/image\/"},"sameAs":["https:\/\/www.linkedin.com\/in\/graphicdesigner-laurapreznavarro\/","https:\/\/www.instagram.com\/soylucina\/"]}]}},"_links":{"self":[{"href":"https:\/\/galiva.es\/gl\/wp-json\/wp\/v2\/product\/11371","targetHints":{"allow":["GET"]}}],"collection":[{"href":"https:\/\/galiva.es\/gl\/wp-json\/wp\/v2\/product"}],"about":[{"href":"https:\/\/galiva.es\/gl\/wp-json\/wp\/v2\/types\/product"}],"replies":[{"embeddable":true,"href":"https:\/\/galiva.es\/gl\/wp-json\/wp\/v2\/comments?post=11371"}],"wp:featuredmedia":[{"embeddable":true,"href":"https:\/\/galiva.es\/gl\/wp-json\/wp\/v2\/media\/43285"}],"wp:attachment":[{"href":"https:\/\/galiva.es\/gl\/wp-json\/wp\/v2\/media?parent=11371"}],"wp:term":[{"taxonomy":"product_brand","embeddable":true,"href":"https:\/\/galiva.es\/gl\/wp-json\/wp\/v2\/product_brand?post=11371"},{"taxonomy":"product_cat","embeddable":true,"href":"https:\/\/galiva.es\/gl\/wp-json\/wp\/v2\/product_cat?post=11371"},{"taxonomy":"product_tag","embeddable":true,"href":"https:\/\/galiva.es\/gl\/wp-json\/wp\/v2\/product_tag?post=11371"}],"curies":[{"name":"wp","href":"https:\/\/api.w.org\/{rel}","templated":true}]}}