{"id":8709,"date":"2025-08-04T16:28:58","date_gmt":"2025-08-04T14:28:58","guid":{"rendered":"https:\/\/galiva.designlucina.com\/?post_type=product&#038;p=8709"},"modified":"2026-02-19T21:06:04","modified_gmt":"2026-02-19T20:06:04","slug":"collar-galiva","status":"publish","type":"product","link":"https:\/\/galiva.es\/gl\/produto\/collar-galiva\/","title":{"rendered":"Colar G\u00c1LIVA"},"content":{"rendered":"<p>a. Medidas: 30 x 38.4 x 3 mm<\/p>\n<p>b. Material: Filamento PLA.<\/p>\n<p>c. Montaxe: Cadea, anel de salto e fecho de mosquet\u00f3n en aceiro inoxidable.<\/p>\n<p>d. Posproduci\u00f3n: Modelado dixitalmente en 3D, impr\u00edmese en filamento PLA. Tras a impresi\u00f3n, cada peza som\u00e9tese a un proceso artesanal de lixado e barnizado con spray MTN PRO Gloss, conseguindo un acabado brillante que realza a textura e a profundidade da cor.<\/p>","protected":false},"excerpt":{"rendered":"<p>O colgante m\u00e1is ic\u00f3nico de G\u00e1liva: impreso en 3D en azul prateado cun acabado brillante e ensamblado cunha cadea de aceiro inoxidable e compo\u00f1entes met\u00e1licos. Unha peza ic\u00f3nica que une forma, t\u00e9cnica e significado en cada trazo.<\/p>\n<p>Este accesorio completa a colecci\u00f3n emblem\u00e1tica da marca, e a s\u00faa forma tridimensional representa o \"G\" que d\u00e1 vida ao logotipo e ao universo imaxinario que o rodea. Cun dese\u00f1o que mestura o ancestral e o contempor\u00e1neo, esta peza encarna a identidade visual e conceptual de G\u00e1liva.<\/p>","protected":false},"featured_media":40593,"comment_status":"open","ping_status":"closed","template":"","meta":{"_acf_changed":false,"_cloudinary_featured_overwrite":false},"product_brand":[],"product_cat":[134],"product_tag":[128],"class_list":{"0":"post-8709","1":"product","2":"type-product","3":"status-publish","4":"has-post-thumbnail","6":"product_cat-galiva-es","7":"product_tag-collares","9":"first","10":"instock","11":"taxable","12":"shipping-taxable","13":"purchasable","14":"product-type-simple"},"acf":[],"yoast_head":"<!-- This site is optimized with the Yoast SEO plugin v27.5 - https:\/\/yoast.com\/product\/yoast-seo-wordpress\/ -->\n<title>Collar G\u00c1LIVA &#8226; Joyer\u00eda 3D<\/title>\n<meta name=\"description\" content=\"Colgante s\u00edmbolo de G\u00e1liva, impreso en 3D en PLA azul plateado con acabado brillante. Cadena con cierre de langosta y montaje en plata y acero.\" \/>\n<meta name=\"robots\" content=\"noindex, follow, max-snippet:-1, max-image-preview:large, max-video-preview:-1\" \/>\n<meta property=\"og:locale\" content=\"gl_ES\" \/>\n<meta property=\"og:type\" content=\"article\" \/>\n<meta property=\"og:title\" content=\"Collar G\u00c1LIVA &#8226; Joyer\u00eda 3D\" \/>\n<meta property=\"og:description\" content=\"Colgante s\u00edmbolo de G\u00e1liva, impreso en 3D en PLA azul plateado con acabado brillante. Cadena con cierre de langosta y montaje en plata y acero.\" \/>\n<meta property=\"og:url\" content=\"https:\/\/galiva.es\/gl\/produto\/collar-galiva\/\" \/>\n<meta property=\"og:site_name\" content=\"G\u00e1liva\" \/>\n<meta property=\"article:modified_time\" content=\"2026-02-19T20:06:04+00:00\" \/>\n<meta property=\"og:image\" content=\"https:\/\/res.cloudinary.com\/dr66iklqt\/images\/f_auto,q_auto\/v1753386054\/galiva-colgante-1_v1dabb\/galiva-colgante-1_v1dabb.jpg?_i=AA\" \/>\n\t<meta property=\"og:image:width\" content=\"1920\" \/>\n\t<meta property=\"og:image:height\" content=\"1920\" \/>\n\t<meta property=\"og:image:type\" content=\"image\/jpeg\" \/>\n<meta name=\"twitter:card\" content=\"summary_large_image\" \/>\n<meta name=\"twitter:label1\" content=\"Tempo de lectura\" \/>\n\t<meta name=\"twitter:data1\" content=\"1 minuto\" \/>\n<script type=\"application\/ld+json\" class=\"yoast-schema-graph\">{\"@context\":\"https:\\\/\\\/schema.org\",\"@graph\":[{\"@type\":\"WebPage\",\"@id\":\"https:\\\/\\\/galiva.es\\\/producto\\\/collar-galiva\\\/\",\"url\":\"https:\\\/\\\/galiva.es\\\/producto\\\/collar-galiva\\\/\",\"name\":\"Collar G\u00c1LIVA &#8226; Joyer\u00eda 3D\",\"isPartOf\":{\"@id\":\"https:\\\/\\\/galiva.es\\\/#website\"},\"primaryImageOfPage\":{\"@id\":\"https:\\\/\\\/galiva.es\\\/producto\\\/collar-galiva\\\/#primaryimage\"},\"image\":{\"@id\":\"https:\\\/\\\/galiva.es\\\/producto\\\/collar-galiva\\\/#primaryimage\"},\"thumbnailUrl\":\"https:\\\/\\\/res.cloudinary.com\\\/dr66iklqt\\\/images\\\/f_auto,q_auto\\\/v1753386054\\\/galiva-colgante-1_v1dabb\\\/galiva-colgante-1_v1dabb.jpg?_i=AA\",\"datePublished\":\"2025-08-04T14:28:58+00:00\",\"dateModified\":\"2026-02-19T20:06:04+00:00\",\"description\":\"Colgante s\u00edmbolo de G\u00e1liva, impreso en 3D en PLA azul plateado con acabado brillante. Cadena con cierre de langosta y montaje en plata y acero.\",\"breadcrumb\":{\"@id\":\"https:\\\/\\\/galiva.es\\\/producto\\\/collar-galiva\\\/#breadcrumb\"},\"inLanguage\":\"gl-ES\",\"potentialAction\":[{\"@type\":\"ReadAction\",\"target\":[\"https:\\\/\\\/galiva.es\\\/producto\\\/collar-galiva\\\/\"]}]},{\"@type\":\"ImageObject\",\"inLanguage\":\"gl-ES\",\"@id\":\"https:\\\/\\\/galiva.es\\\/producto\\\/collar-galiva\\\/#primaryimage\",\"url\":\"https:\\\/\\\/res.cloudinary.com\\\/dr66iklqt\\\/images\\\/f_auto,q_auto\\\/v1753386054\\\/galiva-colgante-1_v1dabb\\\/galiva-colgante-1_v1dabb.jpg?_i=AA\",\"contentUrl\":\"https:\\\/\\\/res.cloudinary.com\\\/dr66iklqt\\\/images\\\/f_auto,q_auto\\\/v1753386054\\\/galiva-colgante-1_v1dabb\\\/galiva-colgante-1_v1dabb.jpg?_i=AA\",\"width\":1920,\"height\":1920,\"caption\":\"Collar G\u00e1liva\"},{\"@type\":\"BreadcrumbList\",\"@id\":\"https:\\\/\\\/galiva.es\\\/producto\\\/collar-galiva\\\/#breadcrumb\",\"itemListElement\":[{\"@type\":\"ListItem\",\"position\":1,\"name\":\"Home\",\"item\":\"https:\\\/\\\/galiva.es\\\/\"},{\"@type\":\"ListItem\",\"position\":2,\"name\":\"Tienda\",\"item\":\"https:\\\/\\\/galiva.es\\\/tienda-joyas-3d\\\/\"},{\"@type\":\"ListItem\",\"position\":3,\"name\":\"Collar G\u00c1LIVA\"}]},{\"@type\":\"WebSite\",\"@id\":\"https:\\\/\\\/galiva.es\\\/#website\",\"url\":\"https:\\\/\\\/galiva.es\\\/\",\"name\":\"G\u00e1liva\",\"description\":\"Joyer\u00eda con alma y tradici\u00f3n gallega\",\"publisher\":{\"@id\":\"https:\\\/\\\/galiva.es\\\/#organization\"},\"alternateName\":\"G\u00e1liva\",\"potentialAction\":[{\"@type\":\"SearchAction\",\"target\":{\"@type\":\"EntryPoint\",\"urlTemplate\":\"https:\\\/\\\/galiva.es\\\/?s={search_term_string}\"},\"query-input\":{\"@type\":\"PropertyValueSpecification\",\"valueRequired\":true,\"valueName\":\"search_term_string\"}}],\"inLanguage\":\"gl-ES\"},{\"@type\":\"Organization\",\"@id\":\"https:\\\/\\\/galiva.es\\\/#organization\",\"name\":\"G\u00e1liva\",\"alternateName\":\"G\u00e1liva\",\"url\":\"https:\\\/\\\/galiva.es\\\/\",\"logo\":{\"@type\":\"ImageObject\",\"inLanguage\":\"gl-ES\",\"@id\":\"https:\\\/\\\/galiva.es\\\/#\\\/schema\\\/logo\\\/image\\\/\",\"url\":\"https:\\\/\\\/galiva.es\\\/wp-content\\\/uploads\\\/Logotipo_Galiva.png\",\"contentUrl\":\"https:\\\/\\\/galiva.es\\\/wp-content\\\/uploads\\\/Logotipo_Galiva.png\",\"width\":1000,\"height\":500,\"caption\":\"G\u00e1liva\"},\"image\":{\"@id\":\"https:\\\/\\\/galiva.es\\\/#\\\/schema\\\/logo\\\/image\\\/\"},\"sameAs\":[\"https:\\\/\\\/www.linkedin.com\\\/in\\\/graphicdesigner-laurapreznavarro\\\/\",\"https:\\\/\\\/www.instagram.com\\\/soylucina\\\/\"]}]}<\/script>\n<!-- \/ Yoast SEO plugin. -->","yoast_head_json":{"title":"Collar G\u00c1LIVA &#8226; Joyer\u00eda 3D","description":"Colgante s\u00edmbolo de G\u00e1liva, impreso en 3D en PLA azul plateado con acabado brillante. Cadena con cierre de langosta y montaje en plata y acero.","robots":{"index":"noindex","follow":"follow","max-snippet":"max-snippet:-1","max-image-preview":"max-image-preview:large","max-video-preview":"max-video-preview:-1"},"og_locale":"gl_ES","og_type":"article","og_title":"Collar G\u00c1LIVA &#8226; Joyer\u00eda 3D","og_description":"Colgante s\u00edmbolo de G\u00e1liva, impreso en 3D en PLA azul plateado con acabado brillante. Cadena con cierre de langosta y montaje en plata y acero.","og_url":"https:\/\/galiva.es\/gl\/produto\/collar-galiva\/","og_site_name":"G\u00e1liva","article_modified_time":"2026-02-19T20:06:04+00:00","og_image":[{"width":1920,"height":1920,"url":"https:\/\/res.cloudinary.com\/dr66iklqt\/images\/f_auto,q_auto\/v1753386054\/galiva-colgante-1_v1dabb\/galiva-colgante-1_v1dabb.jpg?_i=AA","type":"image\/jpeg"}],"twitter_card":"summary_large_image","twitter_misc":{"Tempo de lectura":"1 minuto"},"schema":{"@context":"https:\/\/schema.org","@graph":[{"@type":"WebPage","@id":"https:\/\/galiva.es\/producto\/collar-galiva\/","url":"https:\/\/galiva.es\/producto\/collar-galiva\/","name":"Collar G\u00c1LIVA &#8226; Joyer\u00eda 3D","isPartOf":{"@id":"https:\/\/galiva.es\/#website"},"primaryImageOfPage":{"@id":"https:\/\/galiva.es\/producto\/collar-galiva\/#primaryimage"},"image":{"@id":"https:\/\/galiva.es\/producto\/collar-galiva\/#primaryimage"},"thumbnailUrl":"https:\/\/res.cloudinary.com\/dr66iklqt\/images\/f_auto,q_auto\/v1753386054\/galiva-colgante-1_v1dabb\/galiva-colgante-1_v1dabb.jpg?_i=AA","datePublished":"2025-08-04T14:28:58+00:00","dateModified":"2026-02-19T20:06:04+00:00","description":"Colgante s\u00edmbolo de G\u00e1liva, impreso en 3D en PLA azul plateado con acabado brillante. Cadena con cierre de langosta y montaje en plata y acero.","breadcrumb":{"@id":"https:\/\/galiva.es\/producto\/collar-galiva\/#breadcrumb"},"inLanguage":"gl-ES","potentialAction":[{"@type":"ReadAction","target":["https:\/\/galiva.es\/producto\/collar-galiva\/"]}]},{"@type":"ImageObject","inLanguage":"gl-ES","@id":"https:\/\/galiva.es\/producto\/collar-galiva\/#primaryimage","url":"https:\/\/res.cloudinary.com\/dr66iklqt\/images\/f_auto,q_auto\/v1753386054\/galiva-colgante-1_v1dabb\/galiva-colgante-1_v1dabb.jpg?_i=AA","contentUrl":"https:\/\/res.cloudinary.com\/dr66iklqt\/images\/f_auto,q_auto\/v1753386054\/galiva-colgante-1_v1dabb\/galiva-colgante-1_v1dabb.jpg?_i=AA","width":1920,"height":1920,"caption":"Collar G\u00e1liva"},{"@type":"BreadcrumbList","@id":"https:\/\/galiva.es\/producto\/collar-galiva\/#breadcrumb","itemListElement":[{"@type":"ListItem","position":1,"name":"Home","item":"https:\/\/galiva.es\/"},{"@type":"ListItem","position":2,"name":"Tienda","item":"https:\/\/galiva.es\/tienda-joyas-3d\/"},{"@type":"ListItem","position":3,"name":"Collar G\u00c1LIVA"}]},{"@type":"WebSite","@id":"https:\/\/galiva.es\/#website","url":"https:\/\/galiva.es\/","name":"G\u00e1liva","description":"Joyer\u00eda con alma y tradici\u00f3n gallega","publisher":{"@id":"https:\/\/galiva.es\/#organization"},"alternateName":"G\u00e1liva","potentialAction":[{"@type":"SearchAction","target":{"@type":"EntryPoint","urlTemplate":"https:\/\/galiva.es\/?s={search_term_string}"},"query-input":{"@type":"PropertyValueSpecification","valueRequired":true,"valueName":"search_term_string"}}],"inLanguage":"gl-ES"},{"@type":"Organization","@id":"https:\/\/galiva.es\/#organization","name":"G\u00e1liva","alternateName":"G\u00e1liva","url":"https:\/\/galiva.es\/","logo":{"@type":"ImageObject","inLanguage":"gl-ES","@id":"https:\/\/galiva.es\/#\/schema\/logo\/image\/","url":"https:\/\/galiva.es\/wp-content\/uploads\/Logotipo_Galiva.png","contentUrl":"https:\/\/galiva.es\/wp-content\/uploads\/Logotipo_Galiva.png","width":1000,"height":500,"caption":"G\u00e1liva"},"image":{"@id":"https:\/\/galiva.es\/#\/schema\/logo\/image\/"},"sameAs":["https:\/\/www.linkedin.com\/in\/graphicdesigner-laurapreznavarro\/","https:\/\/www.instagram.com\/soylucina\/"]}]}},"_links":{"self":[{"href":"https:\/\/galiva.es\/gl\/wp-json\/wp\/v2\/product\/8709","targetHints":{"allow":["GET"]}}],"collection":[{"href":"https:\/\/galiva.es\/gl\/wp-json\/wp\/v2\/product"}],"about":[{"href":"https:\/\/galiva.es\/gl\/wp-json\/wp\/v2\/types\/product"}],"replies":[{"embeddable":true,"href":"https:\/\/galiva.es\/gl\/wp-json\/wp\/v2\/comments?post=8709"}],"wp:featuredmedia":[{"embeddable":true,"href":"https:\/\/galiva.es\/gl\/wp-json\/wp\/v2\/media\/40593"}],"wp:attachment":[{"href":"https:\/\/galiva.es\/gl\/wp-json\/wp\/v2\/media?parent=8709"}],"wp:term":[{"taxonomy":"product_brand","embeddable":true,"href":"https:\/\/galiva.es\/gl\/wp-json\/wp\/v2\/product_brand?post=8709"},{"taxonomy":"product_cat","embeddable":true,"href":"https:\/\/galiva.es\/gl\/wp-json\/wp\/v2\/product_cat?post=8709"},{"taxonomy":"product_tag","embeddable":true,"href":"https:\/\/galiva.es\/gl\/wp-json\/wp\/v2\/product_tag?post=8709"}],"curies":[{"name":"wp","href":"https:\/\/api.w.org\/{rel}","templated":true}]}}