{"id":8725,"date":"2025-08-04T19:29:37","date_gmt":"2025-08-04T17:29:37","guid":{"rendered":"https:\/\/galiva.designlucina.com\/?post_type=product&#038;p=8725"},"modified":"2026-02-17T17:52:20","modified_gmt":"2026-02-17T16:52:20","slug":"pendientes-anora","status":"publish","type":"product","link":"https:\/\/galiva.es\/gl\/produto\/pendientes-anora\/","title":{"rendered":"Pendentes ANORA"},"content":{"rendered":"<p>a. Medidas: 31.5 x 17,3 x 1,8 mm<\/p>\n<p>b. Material: Filamento PLA.<\/p>\n<p>c. Montaxe: Parafusos de almofada plana de 6 mm e porcas de paus de aceiro inoxidable.<\/p>\n<p>d. Posproduci\u00f3n: Modelado dixitalmente en 3D, impr\u00edmese en filamento PLA. Tras a impresi\u00f3n, cada peza som\u00e9tese a un proceso artesanal de lixado e barnizado con spray MTN PRO Gloss, conseguindo un acabado brillante que realza a textura e a profundidade da cor.<\/p>","protected":false},"excerpt":{"rendered":"<p>Os pendentes Anora forman parte da colecci\u00f3n hom\u00f3nima, composta por cinco pezas que celebran o simbolismo celta e a riqueza natural de Galicia. O seu dese\u00f1o combina n\u00f3s celtas cun motivo central que lembra unha flor, evocando harmon\u00eda, conexi\u00f3n e beleza org\u00e1nica.<\/p>\n<p>Est\u00e1n impresos en 3D en azul mari\u00f1o e cor calcaria, cun acabado brillante e peche de aceiro inoxidable.<\/p>\n<p>O seu dese\u00f1o permite levalos preto da orella, seguindo o contorno, ou en orientaci\u00f3n cara abaixo, coma se estivesen lixeiramente colgando, ofrecendo unha opci\u00f3n multiposici\u00f3n segundo o estilo desexado.<\/p>\n<p>Unha xoia lixeira, vers\u00e1til e con car\u00e1cter.<\/p>","protected":false},"featured_media":8738,"comment_status":"open","ping_status":"closed","template":"","meta":{"_acf_changed":false,"_cloudinary_featured_overwrite":false},"product_brand":[],"product_cat":[134],"product_tag":[116],"class_list":{"0":"post-8725","1":"product","2":"type-product","3":"status-publish","4":"has-post-thumbnail","6":"product_cat-galiva-es","7":"product_tag-pendientes","9":"first","10":"instock","11":"taxable","12":"shipping-taxable","13":"purchasable","14":"product-type-simple"},"acf":[],"yoast_head":"<!-- This site is optimized with the Yoast SEO plugin v27.5 - https:\/\/yoast.com\/product\/yoast-seo-wordpress\/ -->\n<title>Pendientes ANORA &#8226; Joyer\u00eda 3D<\/title>\n<meta name=\"description\" content=\"Pendientes Anora con dise\u00f1o e impresi\u00f3n 3D, acabados en azul marino y piedra caliza. Inspirados en la naturaleza gallega y el concepto de uni\u00f3n celta.\" \/>\n<meta name=\"robots\" content=\"noindex, follow, max-snippet:-1, max-image-preview:large, max-video-preview:-1\" \/>\n<meta property=\"og:locale\" content=\"gl_ES\" \/>\n<meta property=\"og:type\" content=\"article\" \/>\n<meta property=\"og:title\" content=\"Pendientes ANORA &#8226; Joyer\u00eda 3D\" \/>\n<meta property=\"og:description\" content=\"Pendientes Anora con dise\u00f1o e impresi\u00f3n 3D, acabados en azul marino y piedra caliza. Inspirados en la naturaleza gallega y el concepto de uni\u00f3n celta.\" \/>\n<meta property=\"og:url\" content=\"https:\/\/galiva.es\/gl\/produto\/pendientes-anora\/\" \/>\n<meta property=\"og:site_name\" content=\"G\u00e1liva\" \/>\n<meta property=\"article:modified_time\" content=\"2026-02-17T16:52:20+00:00\" \/>\n<meta property=\"og:image\" content=\"https:\/\/res.cloudinary.com\/dr66iklqt\/images\/f_auto,q_auto\/v1754400610\/anora-pendientes_yjm8ex\/anora-pendientes_yjm8ex.jpg?_i=AA\" \/>\n\t<meta property=\"og:image:width\" content=\"1920\" \/>\n\t<meta property=\"og:image:height\" content=\"1920\" \/>\n\t<meta property=\"og:image:type\" content=\"image\/jpeg\" \/>\n<meta name=\"twitter:card\" content=\"summary_large_image\" \/>\n<meta name=\"twitter:label1\" content=\"Tempo de lectura\" \/>\n\t<meta name=\"twitter:data1\" content=\"1 minuto\" \/>\n<script type=\"application\/ld+json\" class=\"yoast-schema-graph\">{\"@context\":\"https:\\\/\\\/schema.org\",\"@graph\":[{\"@type\":\"WebPage\",\"@id\":\"https:\\\/\\\/galiva.es\\\/producto\\\/pendientes-anora\\\/\",\"url\":\"https:\\\/\\\/galiva.es\\\/producto\\\/pendientes-anora\\\/\",\"name\":\"Pendientes ANORA &#8226; Joyer\u00eda 3D\",\"isPartOf\":{\"@id\":\"https:\\\/\\\/galiva.es\\\/#website\"},\"primaryImageOfPage\":{\"@id\":\"https:\\\/\\\/galiva.es\\\/producto\\\/pendientes-anora\\\/#primaryimage\"},\"image\":{\"@id\":\"https:\\\/\\\/galiva.es\\\/producto\\\/pendientes-anora\\\/#primaryimage\"},\"thumbnailUrl\":\"https:\\\/\\\/res.cloudinary.com\\\/dr66iklqt\\\/images\\\/f_auto,q_auto\\\/v1754400462\\\/anora-pendientes-2_sinFondo_wto92t\\\/anora-pendientes-2_sinFondo_wto92t.png?_i=AA\",\"datePublished\":\"2025-08-04T17:29:37+00:00\",\"dateModified\":\"2026-02-17T16:52:20+00:00\",\"description\":\"Pendientes Anora con dise\u00f1o e impresi\u00f3n 3D, acabados en azul marino y piedra caliza. Inspirados en la naturaleza gallega y el concepto de uni\u00f3n celta.\",\"breadcrumb\":{\"@id\":\"https:\\\/\\\/galiva.es\\\/producto\\\/pendientes-anora\\\/#breadcrumb\"},\"inLanguage\":\"gl-ES\",\"potentialAction\":[{\"@type\":\"ReadAction\",\"target\":[\"https:\\\/\\\/galiva.es\\\/producto\\\/pendientes-anora\\\/\"]}]},{\"@type\":\"ImageObject\",\"inLanguage\":\"gl-ES\",\"@id\":\"https:\\\/\\\/galiva.es\\\/producto\\\/pendientes-anora\\\/#primaryimage\",\"url\":\"https:\\\/\\\/res.cloudinary.com\\\/dr66iklqt\\\/images\\\/f_auto,q_auto\\\/v1754400462\\\/anora-pendientes-2_sinFondo_wto92t\\\/anora-pendientes-2_sinFondo_wto92t.png?_i=AA\",\"contentUrl\":\"https:\\\/\\\/res.cloudinary.com\\\/dr66iklqt\\\/images\\\/f_auto,q_auto\\\/v1754400462\\\/anora-pendientes-2_sinFondo_wto92t\\\/anora-pendientes-2_sinFondo_wto92t.png?_i=AA\",\"width\":1920,\"height\":1920,\"caption\":\"Pendientes Anora\"},{\"@type\":\"BreadcrumbList\",\"@id\":\"https:\\\/\\\/galiva.es\\\/producto\\\/pendientes-anora\\\/#breadcrumb\",\"itemListElement\":[{\"@type\":\"ListItem\",\"position\":1,\"name\":\"Home\",\"item\":\"https:\\\/\\\/galiva.es\\\/\"},{\"@type\":\"ListItem\",\"position\":2,\"name\":\"Tienda\",\"item\":\"https:\\\/\\\/galiva.es\\\/tienda-joyas-3d\\\/\"},{\"@type\":\"ListItem\",\"position\":3,\"name\":\"Pendientes ANORA\"}]},{\"@type\":\"WebSite\",\"@id\":\"https:\\\/\\\/galiva.es\\\/#website\",\"url\":\"https:\\\/\\\/galiva.es\\\/\",\"name\":\"G\u00e1liva\",\"description\":\"Joyer\u00eda con alma y tradici\u00f3n gallega\",\"publisher\":{\"@id\":\"https:\\\/\\\/galiva.es\\\/#organization\"},\"alternateName\":\"G\u00e1liva\",\"potentialAction\":[{\"@type\":\"SearchAction\",\"target\":{\"@type\":\"EntryPoint\",\"urlTemplate\":\"https:\\\/\\\/galiva.es\\\/?s={search_term_string}\"},\"query-input\":{\"@type\":\"PropertyValueSpecification\",\"valueRequired\":true,\"valueName\":\"search_term_string\"}}],\"inLanguage\":\"gl-ES\"},{\"@type\":\"Organization\",\"@id\":\"https:\\\/\\\/galiva.es\\\/#organization\",\"name\":\"G\u00e1liva\",\"alternateName\":\"G\u00e1liva\",\"url\":\"https:\\\/\\\/galiva.es\\\/\",\"logo\":{\"@type\":\"ImageObject\",\"inLanguage\":\"gl-ES\",\"@id\":\"https:\\\/\\\/galiva.es\\\/#\\\/schema\\\/logo\\\/image\\\/\",\"url\":\"https:\\\/\\\/galiva.es\\\/wp-content\\\/uploads\\\/Logotipo_Galiva.png\",\"contentUrl\":\"https:\\\/\\\/galiva.es\\\/wp-content\\\/uploads\\\/Logotipo_Galiva.png\",\"width\":1000,\"height\":500,\"caption\":\"G\u00e1liva\"},\"image\":{\"@id\":\"https:\\\/\\\/galiva.es\\\/#\\\/schema\\\/logo\\\/image\\\/\"},\"sameAs\":[\"https:\\\/\\\/www.linkedin.com\\\/in\\\/graphicdesigner-laurapreznavarro\\\/\",\"https:\\\/\\\/www.instagram.com\\\/soylucina\\\/\"]}]}<\/script>\n<!-- \/ Yoast SEO plugin. -->","yoast_head_json":{"title":"Pendientes ANORA &#8226; Joyer\u00eda 3D","description":"Pendientes Anora con dise\u00f1o e impresi\u00f3n 3D, acabados en azul marino y piedra caliza. Inspirados en la naturaleza gallega y el concepto de uni\u00f3n celta.","robots":{"index":"noindex","follow":"follow","max-snippet":"max-snippet:-1","max-image-preview":"max-image-preview:large","max-video-preview":"max-video-preview:-1"},"og_locale":"gl_ES","og_type":"article","og_title":"Pendientes ANORA &#8226; Joyer\u00eda 3D","og_description":"Pendientes Anora con dise\u00f1o e impresi\u00f3n 3D, acabados en azul marino y piedra caliza. Inspirados en la naturaleza gallega y el concepto de uni\u00f3n celta.","og_url":"https:\/\/galiva.es\/gl\/produto\/pendientes-anora\/","og_site_name":"G\u00e1liva","article_modified_time":"2026-02-17T16:52:20+00:00","og_image":[{"width":1920,"height":1920,"url":"https:\/\/res.cloudinary.com\/dr66iklqt\/images\/f_auto,q_auto\/v1754400610\/anora-pendientes_yjm8ex\/anora-pendientes_yjm8ex.jpg?_i=AA","type":"image\/jpeg"}],"twitter_card":"summary_large_image","twitter_misc":{"Tempo de lectura":"1 minuto"},"schema":{"@context":"https:\/\/schema.org","@graph":[{"@type":"WebPage","@id":"https:\/\/galiva.es\/producto\/pendientes-anora\/","url":"https:\/\/galiva.es\/producto\/pendientes-anora\/","name":"Pendientes ANORA &#8226; Joyer\u00eda 3D","isPartOf":{"@id":"https:\/\/galiva.es\/#website"},"primaryImageOfPage":{"@id":"https:\/\/galiva.es\/producto\/pendientes-anora\/#primaryimage"},"image":{"@id":"https:\/\/galiva.es\/producto\/pendientes-anora\/#primaryimage"},"thumbnailUrl":"https:\/\/res.cloudinary.com\/dr66iklqt\/images\/f_auto,q_auto\/v1754400462\/anora-pendientes-2_sinFondo_wto92t\/anora-pendientes-2_sinFondo_wto92t.png?_i=AA","datePublished":"2025-08-04T17:29:37+00:00","dateModified":"2026-02-17T16:52:20+00:00","description":"Pendientes Anora con dise\u00f1o e impresi\u00f3n 3D, acabados en azul marino y piedra caliza. Inspirados en la naturaleza gallega y el concepto de uni\u00f3n celta.","breadcrumb":{"@id":"https:\/\/galiva.es\/producto\/pendientes-anora\/#breadcrumb"},"inLanguage":"gl-ES","potentialAction":[{"@type":"ReadAction","target":["https:\/\/galiva.es\/producto\/pendientes-anora\/"]}]},{"@type":"ImageObject","inLanguage":"gl-ES","@id":"https:\/\/galiva.es\/producto\/pendientes-anora\/#primaryimage","url":"https:\/\/res.cloudinary.com\/dr66iklqt\/images\/f_auto,q_auto\/v1754400462\/anora-pendientes-2_sinFondo_wto92t\/anora-pendientes-2_sinFondo_wto92t.png?_i=AA","contentUrl":"https:\/\/res.cloudinary.com\/dr66iklqt\/images\/f_auto,q_auto\/v1754400462\/anora-pendientes-2_sinFondo_wto92t\/anora-pendientes-2_sinFondo_wto92t.png?_i=AA","width":1920,"height":1920,"caption":"Pendientes Anora"},{"@type":"BreadcrumbList","@id":"https:\/\/galiva.es\/producto\/pendientes-anora\/#breadcrumb","itemListElement":[{"@type":"ListItem","position":1,"name":"Home","item":"https:\/\/galiva.es\/"},{"@type":"ListItem","position":2,"name":"Tienda","item":"https:\/\/galiva.es\/tienda-joyas-3d\/"},{"@type":"ListItem","position":3,"name":"Pendientes ANORA"}]},{"@type":"WebSite","@id":"https:\/\/galiva.es\/#website","url":"https:\/\/galiva.es\/","name":"G\u00e1liva","description":"Joyer\u00eda con alma y tradici\u00f3n gallega","publisher":{"@id":"https:\/\/galiva.es\/#organization"},"alternateName":"G\u00e1liva","potentialAction":[{"@type":"SearchAction","target":{"@type":"EntryPoint","urlTemplate":"https:\/\/galiva.es\/?s={search_term_string}"},"query-input":{"@type":"PropertyValueSpecification","valueRequired":true,"valueName":"search_term_string"}}],"inLanguage":"gl-ES"},{"@type":"Organization","@id":"https:\/\/galiva.es\/#organization","name":"G\u00e1liva","alternateName":"G\u00e1liva","url":"https:\/\/galiva.es\/","logo":{"@type":"ImageObject","inLanguage":"gl-ES","@id":"https:\/\/galiva.es\/#\/schema\/logo\/image\/","url":"https:\/\/galiva.es\/wp-content\/uploads\/Logotipo_Galiva.png","contentUrl":"https:\/\/galiva.es\/wp-content\/uploads\/Logotipo_Galiva.png","width":1000,"height":500,"caption":"G\u00e1liva"},"image":{"@id":"https:\/\/galiva.es\/#\/schema\/logo\/image\/"},"sameAs":["https:\/\/www.linkedin.com\/in\/graphicdesigner-laurapreznavarro\/","https:\/\/www.instagram.com\/soylucina\/"]}]}},"_links":{"self":[{"href":"https:\/\/galiva.es\/gl\/wp-json\/wp\/v2\/product\/8725","targetHints":{"allow":["GET"]}}],"collection":[{"href":"https:\/\/galiva.es\/gl\/wp-json\/wp\/v2\/product"}],"about":[{"href":"https:\/\/galiva.es\/gl\/wp-json\/wp\/v2\/types\/product"}],"replies":[{"embeddable":true,"href":"https:\/\/galiva.es\/gl\/wp-json\/wp\/v2\/comments?post=8725"}],"wp:featuredmedia":[{"embeddable":true,"href":"https:\/\/galiva.es\/gl\/wp-json\/wp\/v2\/media\/8738"}],"wp:attachment":[{"href":"https:\/\/galiva.es\/gl\/wp-json\/wp\/v2\/media?parent=8725"}],"wp:term":[{"taxonomy":"product_brand","embeddable":true,"href":"https:\/\/galiva.es\/gl\/wp-json\/wp\/v2\/product_brand?post=8725"},{"taxonomy":"product_cat","embeddable":true,"href":"https:\/\/galiva.es\/gl\/wp-json\/wp\/v2\/product_cat?post=8725"},{"taxonomy":"product_tag","embeddable":true,"href":"https:\/\/galiva.es\/gl\/wp-json\/wp\/v2\/product_tag?post=8725"}],"curies":[{"name":"wp","href":"https:\/\/api.w.org\/{rel}","templated":true}]}}