{"id":8908,"date":"2025-08-08T13:08:46","date_gmt":"2025-08-08T11:08:46","guid":{"rendered":"https:\/\/galiva.designlucina.com\/?post_type=product&#038;p=8908"},"modified":"2026-02-05T18:40:26","modified_gmt":"2026-02-05T17:40:26","slug":"anillo-briga","status":"publish","type":"product","link":"https:\/\/galiva.es\/gl\/produto\/anillo-briga\/","title":{"rendered":"Anel BRIGA"},"content":{"rendered":"<p>a. Medidas (4 tama\u00f1os):<br \/>\nS \u2013 21,7 x 22,1 x 9.8 mm<br \/>\nM \u2013 22,9 x 23,3 x 10.3 mm<br \/>\nL \u2013 x 24,1 24.6 x 10.8 mm<br \/>\nXL \u2013 25,3 x 25.8 x 11,4 mm<\/p>\n<p>b. Material: Filamento PLA.<\/p>\n<p>c. Posproduci\u00f3n: Modelado dixitalmente en 3D, impr\u00edmese en filamento PLA. Despois da impresi\u00f3n, cada peza som\u00e9tese a un proceso artesanal de lixado e barnizado con spray MTN PRO Gloss, conseguindo un acabado brillante que realza a textura e a profundidade da cor.<\/p>","protected":false},"excerpt":{"rendered":"<p>O aro de Briga toma o seu nome da fortaleza celta e trad\u00faceo nunha forma que evoca os dolmens e castros galaicos.<\/p>\n<p>Dispo\u00f1ible en azul prateado, verde escuro ou pedra calcaria, e en catro tama\u00f1os, esta peza impresa en 3D combina xeometr\u00eda antiga e est\u00e9tica contempor\u00e1nea nun dese\u00f1o sobrio, simb\u00f3lico e con car\u00e1cter.<\/p>","protected":false},"featured_media":43331,"comment_status":"open","ping_status":"closed","template":"","meta":{"_acf_changed":false,"_cloudinary_featured_overwrite":false},"product_brand":[],"product_cat":[134],"product_tag":[110],"class_list":{"0":"post-8908","1":"product","2":"type-product","3":"status-publish","4":"has-post-thumbnail","6":"product_cat-galiva-es","7":"product_tag-anillos","9":"first","10":"instock","11":"taxable","12":"shipping-taxable","13":"purchasable","14":"product-type-variable"},"acf":[],"yoast_head":"<!-- This site is optimized with the Yoast SEO plugin v27.5 - https:\/\/yoast.com\/product\/yoast-seo-wordpress\/ -->\n<title>Anillo BRIGA &#8226; Joyer\u00eda 3D<\/title>\n<meta name=\"description\" content=\"Anillo Briga con forma evocadora de d\u00f3lmenes y castros gallegos. Disponible en azul plateado, verde oscuro o piedra caliza, y en cuatro tallas.\" \/>\n<meta name=\"robots\" content=\"noindex, follow, max-snippet:-1, max-image-preview:large, max-video-preview:-1\" \/>\n<meta property=\"og:locale\" content=\"gl_ES\" \/>\n<meta property=\"og:type\" content=\"article\" \/>\n<meta property=\"og:title\" content=\"Anillo BRIGA &#8226; Joyer\u00eda 3D\" \/>\n<meta property=\"og:description\" content=\"Anillo Briga con forma evocadora de d\u00f3lmenes y castros gallegos. Disponible en azul plateado, verde oscuro o piedra caliza, y en cuatro tallas.\" \/>\n<meta property=\"og:url\" content=\"https:\/\/galiva.es\/gl\/produto\/anillo-briga\/\" \/>\n<meta property=\"og:site_name\" content=\"G\u00e1liva\" \/>\n<meta property=\"article:modified_time\" content=\"2026-02-05T17:40:26+00:00\" \/>\n<meta name=\"twitter:card\" content=\"summary_large_image\" \/>\n<meta name=\"twitter:image\" content=\"https:\/\/res.cloudinary.com\/dr66iklqt\/images\/f_auto,q_auto\/v1770309761\/briga-anillo-8_f3qwku\/briga-anillo-8_f3qwku.jpg?_i=AA\" \/>\n<meta name=\"twitter:label1\" content=\"Tempo de lectura\" \/>\n\t<meta name=\"twitter:data1\" content=\"1 minuto\" \/>\n<script type=\"application\/ld+json\" class=\"yoast-schema-graph\">{\"@context\":\"https:\\\/\\\/schema.org\",\"@graph\":[{\"@type\":\"WebPage\",\"@id\":\"https:\\\/\\\/galiva.es\\\/producto\\\/anillo-briga\\\/\",\"url\":\"https:\\\/\\\/galiva.es\\\/producto\\\/anillo-briga\\\/\",\"name\":\"Anillo BRIGA &#8226; Joyer\u00eda 3D\",\"isPartOf\":{\"@id\":\"https:\\\/\\\/galiva.es\\\/#website\"},\"primaryImageOfPage\":{\"@id\":\"https:\\\/\\\/galiva.es\\\/producto\\\/anillo-briga\\\/#primaryimage\"},\"image\":{\"@id\":\"https:\\\/\\\/galiva.es\\\/producto\\\/anillo-briga\\\/#primaryimage\"},\"thumbnailUrl\":\"https:\\\/\\\/res.cloudinary.com\\\/dr66iklqt\\\/images\\\/f_auto,q_auto\\\/v1770309761\\\/briga-anillo-8_f3qwku\\\/briga-anillo-8_f3qwku.jpg?_i=AA\",\"datePublished\":\"2025-08-08T11:08:46+00:00\",\"dateModified\":\"2026-02-05T17:40:26+00:00\",\"description\":\"Anillo Briga con forma evocadora de d\u00f3lmenes y castros gallegos. Disponible en azul plateado, verde oscuro o piedra caliza, y en cuatro tallas.\",\"breadcrumb\":{\"@id\":\"https:\\\/\\\/galiva.es\\\/producto\\\/anillo-briga\\\/#breadcrumb\"},\"inLanguage\":\"gl-ES\",\"potentialAction\":[{\"@type\":\"ReadAction\",\"target\":[\"https:\\\/\\\/galiva.es\\\/producto\\\/anillo-briga\\\/\"]}]},{\"@type\":\"ImageObject\",\"inLanguage\":\"gl-ES\",\"@id\":\"https:\\\/\\\/galiva.es\\\/producto\\\/anillo-briga\\\/#primaryimage\",\"url\":\"https:\\\/\\\/res.cloudinary.com\\\/dr66iklqt\\\/images\\\/f_auto,q_auto\\\/v1770309761\\\/briga-anillo-8_f3qwku\\\/briga-anillo-8_f3qwku.jpg?_i=AA\",\"contentUrl\":\"https:\\\/\\\/res.cloudinary.com\\\/dr66iklqt\\\/images\\\/f_auto,q_auto\\\/v1770309761\\\/briga-anillo-8_f3qwku\\\/briga-anillo-8_f3qwku.jpg?_i=AA\",\"width\":1920,\"height\":1920,\"caption\":\"Anillo Briga\"},{\"@type\":\"BreadcrumbList\",\"@id\":\"https:\\\/\\\/galiva.es\\\/producto\\\/anillo-briga\\\/#breadcrumb\",\"itemListElement\":[{\"@type\":\"ListItem\",\"position\":1,\"name\":\"Home\",\"item\":\"https:\\\/\\\/galiva.es\\\/\"},{\"@type\":\"ListItem\",\"position\":2,\"name\":\"Tienda\",\"item\":\"https:\\\/\\\/galiva.es\\\/tienda-joyas-3d\\\/\"},{\"@type\":\"ListItem\",\"position\":3,\"name\":\"Anillo BRIGA\"}]},{\"@type\":\"WebSite\",\"@id\":\"https:\\\/\\\/galiva.es\\\/#website\",\"url\":\"https:\\\/\\\/galiva.es\\\/\",\"name\":\"G\u00e1liva\",\"description\":\"Joyer\u00eda con alma y tradici\u00f3n gallega\",\"publisher\":{\"@id\":\"https:\\\/\\\/galiva.es\\\/#organization\"},\"alternateName\":\"G\u00e1liva\",\"potentialAction\":[{\"@type\":\"SearchAction\",\"target\":{\"@type\":\"EntryPoint\",\"urlTemplate\":\"https:\\\/\\\/galiva.es\\\/?s={search_term_string}\"},\"query-input\":{\"@type\":\"PropertyValueSpecification\",\"valueRequired\":true,\"valueName\":\"search_term_string\"}}],\"inLanguage\":\"gl-ES\"},{\"@type\":\"Organization\",\"@id\":\"https:\\\/\\\/galiva.es\\\/#organization\",\"name\":\"G\u00e1liva\",\"alternateName\":\"G\u00e1liva\",\"url\":\"https:\\\/\\\/galiva.es\\\/\",\"logo\":{\"@type\":\"ImageObject\",\"inLanguage\":\"gl-ES\",\"@id\":\"https:\\\/\\\/galiva.es\\\/#\\\/schema\\\/logo\\\/image\\\/\",\"url\":\"https:\\\/\\\/galiva.es\\\/wp-content\\\/uploads\\\/Logotipo_Galiva.png\",\"contentUrl\":\"https:\\\/\\\/galiva.es\\\/wp-content\\\/uploads\\\/Logotipo_Galiva.png\",\"width\":1000,\"height\":500,\"caption\":\"G\u00e1liva\"},\"image\":{\"@id\":\"https:\\\/\\\/galiva.es\\\/#\\\/schema\\\/logo\\\/image\\\/\"},\"sameAs\":[\"https:\\\/\\\/www.linkedin.com\\\/in\\\/graphicdesigner-laurapreznavarro\\\/\",\"https:\\\/\\\/www.instagram.com\\\/soylucina\\\/\"]}]}<\/script>\n<!-- \/ Yoast SEO plugin. -->","yoast_head_json":{"title":"Anillo BRIGA &#8226; Joyer\u00eda 3D","description":"Anillo Briga con forma evocadora de d\u00f3lmenes y castros gallegos. Disponible en azul plateado, verde oscuro o piedra caliza, y en cuatro tallas.","robots":{"index":"noindex","follow":"follow","max-snippet":"max-snippet:-1","max-image-preview":"max-image-preview:large","max-video-preview":"max-video-preview:-1"},"og_locale":"gl_ES","og_type":"article","og_title":"Anillo BRIGA &#8226; Joyer\u00eda 3D","og_description":"Anillo Briga con forma evocadora de d\u00f3lmenes y castros gallegos. Disponible en azul plateado, verde oscuro o piedra caliza, y en cuatro tallas.","og_url":"https:\/\/galiva.es\/gl\/produto\/anillo-briga\/","og_site_name":"G\u00e1liva","article_modified_time":"2026-02-05T17:40:26+00:00","twitter_card":"summary_large_image","twitter_image":"https:\/\/res.cloudinary.com\/dr66iklqt\/images\/f_auto,q_auto\/v1770309761\/briga-anillo-8_f3qwku\/briga-anillo-8_f3qwku.jpg?_i=AA","twitter_misc":{"Tempo de lectura":"1 minuto"},"schema":{"@context":"https:\/\/schema.org","@graph":[{"@type":"WebPage","@id":"https:\/\/galiva.es\/producto\/anillo-briga\/","url":"https:\/\/galiva.es\/producto\/anillo-briga\/","name":"Anillo BRIGA &#8226; Joyer\u00eda 3D","isPartOf":{"@id":"https:\/\/galiva.es\/#website"},"primaryImageOfPage":{"@id":"https:\/\/galiva.es\/producto\/anillo-briga\/#primaryimage"},"image":{"@id":"https:\/\/galiva.es\/producto\/anillo-briga\/#primaryimage"},"thumbnailUrl":"https:\/\/res.cloudinary.com\/dr66iklqt\/images\/f_auto,q_auto\/v1770309761\/briga-anillo-8_f3qwku\/briga-anillo-8_f3qwku.jpg?_i=AA","datePublished":"2025-08-08T11:08:46+00:00","dateModified":"2026-02-05T17:40:26+00:00","description":"Anillo Briga con forma evocadora de d\u00f3lmenes y castros gallegos. Disponible en azul plateado, verde oscuro o piedra caliza, y en cuatro tallas.","breadcrumb":{"@id":"https:\/\/galiva.es\/producto\/anillo-briga\/#breadcrumb"},"inLanguage":"gl-ES","potentialAction":[{"@type":"ReadAction","target":["https:\/\/galiva.es\/producto\/anillo-briga\/"]}]},{"@type":"ImageObject","inLanguage":"gl-ES","@id":"https:\/\/galiva.es\/producto\/anillo-briga\/#primaryimage","url":"https:\/\/res.cloudinary.com\/dr66iklqt\/images\/f_auto,q_auto\/v1770309761\/briga-anillo-8_f3qwku\/briga-anillo-8_f3qwku.jpg?_i=AA","contentUrl":"https:\/\/res.cloudinary.com\/dr66iklqt\/images\/f_auto,q_auto\/v1770309761\/briga-anillo-8_f3qwku\/briga-anillo-8_f3qwku.jpg?_i=AA","width":1920,"height":1920,"caption":"Anillo Briga"},{"@type":"BreadcrumbList","@id":"https:\/\/galiva.es\/producto\/anillo-briga\/#breadcrumb","itemListElement":[{"@type":"ListItem","position":1,"name":"Home","item":"https:\/\/galiva.es\/"},{"@type":"ListItem","position":2,"name":"Tienda","item":"https:\/\/galiva.es\/tienda-joyas-3d\/"},{"@type":"ListItem","position":3,"name":"Anillo BRIGA"}]},{"@type":"WebSite","@id":"https:\/\/galiva.es\/#website","url":"https:\/\/galiva.es\/","name":"G\u00e1liva","description":"Joyer\u00eda con alma y tradici\u00f3n gallega","publisher":{"@id":"https:\/\/galiva.es\/#organization"},"alternateName":"G\u00e1liva","potentialAction":[{"@type":"SearchAction","target":{"@type":"EntryPoint","urlTemplate":"https:\/\/galiva.es\/?s={search_term_string}"},"query-input":{"@type":"PropertyValueSpecification","valueRequired":true,"valueName":"search_term_string"}}],"inLanguage":"gl-ES"},{"@type":"Organization","@id":"https:\/\/galiva.es\/#organization","name":"G\u00e1liva","alternateName":"G\u00e1liva","url":"https:\/\/galiva.es\/","logo":{"@type":"ImageObject","inLanguage":"gl-ES","@id":"https:\/\/galiva.es\/#\/schema\/logo\/image\/","url":"https:\/\/galiva.es\/wp-content\/uploads\/Logotipo_Galiva.png","contentUrl":"https:\/\/galiva.es\/wp-content\/uploads\/Logotipo_Galiva.png","width":1000,"height":500,"caption":"G\u00e1liva"},"image":{"@id":"https:\/\/galiva.es\/#\/schema\/logo\/image\/"},"sameAs":["https:\/\/www.linkedin.com\/in\/graphicdesigner-laurapreznavarro\/","https:\/\/www.instagram.com\/soylucina\/"]}]}},"_links":{"self":[{"href":"https:\/\/galiva.es\/gl\/wp-json\/wp\/v2\/product\/8908","targetHints":{"allow":["GET"]}}],"collection":[{"href":"https:\/\/galiva.es\/gl\/wp-json\/wp\/v2\/product"}],"about":[{"href":"https:\/\/galiva.es\/gl\/wp-json\/wp\/v2\/types\/product"}],"replies":[{"embeddable":true,"href":"https:\/\/galiva.es\/gl\/wp-json\/wp\/v2\/comments?post=8908"}],"wp:featuredmedia":[{"embeddable":true,"href":"https:\/\/galiva.es\/gl\/wp-json\/wp\/v2\/media\/43331"}],"wp:attachment":[{"href":"https:\/\/galiva.es\/gl\/wp-json\/wp\/v2\/media?parent=8908"}],"wp:term":[{"taxonomy":"product_brand","embeddable":true,"href":"https:\/\/galiva.es\/gl\/wp-json\/wp\/v2\/product_brand?post=8908"},{"taxonomy":"product_cat","embeddable":true,"href":"https:\/\/galiva.es\/gl\/wp-json\/wp\/v2\/product_cat?post=8908"},{"taxonomy":"product_tag","embeddable":true,"href":"https:\/\/galiva.es\/gl\/wp-json\/wp\/v2\/product_tag?post=8908"}],"curies":[{"name":"wp","href":"https:\/\/api.w.org\/{rel}","templated":true}]}}